{"id":589,"date":"2022-04-04T16:22:11","date_gmt":"2022-04-04T14:22:11","guid":{"rendered":"https:\/\/roulettes.vaniseo.top\/index.php\/produit\/patere-murale-etoile-de-mer-collection-marine-par-capventure\/"},"modified":"2022-04-04T17:22:28","modified_gmt":"2022-04-04T15:22:28","slug":"patere-murale-etoile-de-mer-collection-marine-par-capventure","status":"publish","type":"product","link":"https:\/\/roulettes.vaniseo.top\/index.php\/produit\/patere-murale-etoile-de-mer-collection-marine-par-capventure\/","title":{"rendered":"Pat\u00e8re murale \u00e9toile de mer &#8211; Collection Marine par CAPVENTURE"},"content":{"rendered":"<h3>Porte manteau mural CapVenture, collection animaux marin: \u00e9toile de mer corail<\/h3>\n<p>_x000D_nPour une <strong>ambiance marine<\/strong>\u00a0\u00e0 la maison ou au bureau, optez pour une <strong>pat\u00e8re murale \u00e9toile de mer corail<\/strong> de chez <a href=\"https:\/\/1001pateres.com\/brand\/capventure\/\">CapVenture<\/a>. Celle-ci est issue de la <strong>collection<\/strong>\u00a0Animaux Marins._x000D_n_x000D_nEn effet, chez\u00a0<strong>1001 Pat\u00e8res<\/strong>, <strong>n\u00b01 en France de la vente de pat\u00e8res<\/strong>, d\u00e9couvrez de nombreuses marques internationales. Ainsi, elle\u00a0offre de <strong>nombreux styles de porte manteaux<\/strong> pour <strong>d\u00e9corer et ranger tout\u00a0int\u00e9rieur avec go\u00fbt, et parfois bien plus! \u00a0<\/strong>_x000D_n_x000D_nD&rsquo;ailleurs, \u00a0pour une touche de fun en plus, elle a choisi les pat\u00e8res murales prenant des formes de t\u00eates animales de chez\u00a0<a href=\"https:\/\/www.capventure.com\/\">CapVenture<\/a>, des Pays-Bas. C&rsquo;est l&rsquo;une de plus repr\u00e9sent\u00e9es sur ce <strong>site<\/strong>, gr\u00e2ce \u00e0 plus de 50 r\u00e9f\u00e9rences vari\u00e9es!_x000D_n_x000D_n&nbsp;_x000D_n<\/p>\n<h3>Animaux de mer mural de collection les animaux marin par CapVenture chez 1001 Pat\u00e8res<\/h3>\n<p>_x000D_nGr\u00e2ce \u00e0 ces t\u00eates d\u2019animaux <strong>en r\u00e9sine peintes \u00e0 la main<\/strong>, cr\u00e9ez de <strong>v\u00e9ritables d\u00e9cors animaliers<\/strong>. C\u2019est aussi la technique la plus ludique pour motiver toute la famille \u00e0 ranger avec humour. Sans aucun doute, avec un tel investissement, vous optimisez le rangement tout en offrant \u00e0 votre int\u00e9rieur une touche d\u2019originalit\u00e9. N\u2019h\u00e9sitez pas pour se faire, \u00e0 les\u00a0<strong>additionner <\/strong>pour un style et des rangements humoristiques._x000D_n_x000D_nAinsi, les collections Animaux Sauvages, Ferme, Zoo et Marins offrent un large choix d\u2019univers. D\u2019ailleurs, dans cette collection d\u2019animaux marins pr\u00e9sent\u00e9s ci-contre, retrouvez des pat\u00e8res murales prenant la forme de <a href=\"https:\/\/1001pateres.com\/produit\/patere-design-animal-marin-dauphin-capventure\/\"><strong>dauphin bleu<\/strong> <\/a>mais aussi d\u2019\u00e9toile de mer orange ou de <strong><a href=\"https:\/\/1001pateres.com\/produit\/patere-design-animal-marin-requin-capventure\/\">requin gris<\/a><\/strong>._x000D_n_x000D_n&nbsp;_x000D_n<\/p>\n<h3>Pat\u00e8re murale \u00e9toile de mer corail de la collection Marine<\/h3>\n<p>_x000D_nPour finir, cette \u00e9toile de mer est, comme toutes les autres t\u00eates,\u00a0<strong>en r\u00e9sine et peinte \u00e0 la main<\/strong>. Vous vous offrez donc une pi\u00e8ce unique et tr\u00e8s qualitative. D&rsquo;ailleurs, cette mati\u00e8re offre une tr\u00e8s bonne r\u00e9sistante face \u00e0 une fr\u00e9quence d&rsquo;utilisation \u00e9lev\u00e9e, avec un support de <strong>charge sup\u00e9rieur \u00e0 5 kilogrammes<\/strong>._x000D_n_x000D_n&nbsp;_x000D_n_x000D_nEnfin, pour r\u00e9aliser cette <strong>installation avec rapidit\u00e9 et simplicit\u00e9<\/strong>, son\u00a0syst\u00e8me d&rsquo;accrochage inclut\u00a0<strong>une vis et une cheville<\/strong>. Il vous faut donc juste une perceuse et v\u00e9rifier l&rsquo;espace d&rsquo;installation par rapport \u00e0 ses dimensions:_x000D_n<\/p>\n<ul>_x000D_n \t<\/p>\n<li>Pat\u00e8re murale \u00e9toile de mer corail : 6 cm X 7 cm<\/li>\n<p>_x000D_n \t<\/p>\n<li>Ecartement du mur : 3 cm<\/li>\n<p>_x000D_n<\/ul>\n","protected":false},"excerpt":{"rendered":"<p>Pat\u00e8re design de la s\u00e9rie des animaux marin en forme d&rsquo;<strong>\u00e9toile de mer<\/strong> peinte \u00e0 la main.\u00a0Cette animal marin de la marque <em><strong>CAPVENTURE<\/strong><\/em> est en r\u00e9sine.\u00a0Elle est \u00e0 poser dans la chambre ou dans l&rsquo;entr\u00e9e pour ne plus voir trainer ses affaires.<\/p>\n","protected":false},"featured_media":2220,"comment_status":"closed","ping_status":"open","template":"","meta":[],"product_cat":[16,32],"product_tag":[27],"class_list":["post-589","product","type-product","status-publish","has-post-thumbnail","hentry","product_cat-chambre-enfant","product_cat-entree-sejour","product_tag-crochet-patere-patere-design-patere-murale-patere-porte-pateres-porte-serviette-porte-torchon-vestiaire","description-off"],"_links":{"self":[{"href":"https:\/\/roulettes.vaniseo.top\/index.php\/wp-json\/wp\/v2\/product\/589","targetHints":{"allow":["GET"]}}],"collection":[{"href":"https:\/\/roulettes.vaniseo.top\/index.php\/wp-json\/wp\/v2\/product"}],"about":[{"href":"https:\/\/roulettes.vaniseo.top\/index.php\/wp-json\/wp\/v2\/types\/product"}],"replies":[{"embeddable":true,"href":"https:\/\/roulettes.vaniseo.top\/index.php\/wp-json\/wp\/v2\/comments?post=589"}],"version-history":[{"count":0,"href":"https:\/\/roulettes.vaniseo.top\/index.php\/wp-json\/wp\/v2\/product\/589\/revisions"}],"wp:featuredmedia":[{"embeddable":true,"href":"https:\/\/roulettes.vaniseo.top\/index.php\/wp-json\/wp\/v2\/media\/2220"}],"wp:attachment":[{"href":"https:\/\/roulettes.vaniseo.top\/index.php\/wp-json\/wp\/v2\/media?parent=589"}],"wp:term":[{"taxonomy":"product_cat","embeddable":true,"href":"https:\/\/roulettes.vaniseo.top\/index.php\/wp-json\/wp\/v2\/product_cat?post=589"},{"taxonomy":"product_tag","embeddable":true,"href":"https:\/\/roulettes.vaniseo.top\/index.php\/wp-json\/wp\/v2\/product_tag?post=589"}],"curies":[{"name":"wp","href":"https:\/\/api.w.org\/{rel}","templated":true}]}}