{"id":590,"date":"2022-04-04T16:22:11","date_gmt":"2022-04-04T14:22:11","guid":{"rendered":"https:\/\/roulettes.vaniseo.top\/index.php\/produit\/patere-murale-animal-marin-requin-en-resine-peinte-a-la-main-capventure\/"},"modified":"2022-04-04T17:22:29","modified_gmt":"2022-04-04T15:22:29","slug":"patere-murale-animal-marin-requin-en-resine-peinte-a-la-main-capventure","status":"publish","type":"product","link":"https:\/\/roulettes.vaniseo.top\/index.php\/produit\/patere-murale-animal-marin-requin-en-resine-peinte-a-la-main-capventure\/","title":{"rendered":"Pat\u00e8re murale animal marin requin en r\u00e9sine peinte \u00e0 la main CAPVENTURE"},"content":{"rendered":"<h3>Porte manteau animaux marin: le requin par CapVenture<\/h3>\n<p>_x000D_nPassionn\u00e9e par les animaux de l&rsquo;oc\u00e9an? Utilisez-les pour ranger maison et\/ou bureau avec 1001 Pat\u00e8res! En effet, la collection Marine de CapVenture propose des pat\u00e8res \u00e0 t\u00eates d&rsquo;animaux marins. Optez notamment dans cette\u00a0<strong>collection<\/strong> pour la\u00a0<strong>pat\u00e8re murale requin gris<\/strong> de chez <strong><a href=\"https:\/\/1001pateres.com\/brand\/capventure\/\">CapVenture<\/a><\/strong>._x000D_n_x000D_nEn effet, <strong>1001 Pat\u00e8res<\/strong>\u00a0est le <strong>site n\u00b01 en France de la vente de pat\u00e8res<\/strong>. Il vous propose des<strong>\u00a0styles vari\u00e9s de porte manteaux<\/strong> pour <strong>toujours mieux d\u00e9corer et\u00a0ranger <\/strong>tout int\u00e9rieur de maison ou d&rsquo;entreprise. Ainsi, d\u00e9couvrez l&rsquo;une des marques les plus repr\u00e9sent\u00e9es sur ce site avec une cinquantaine de r\u00e9f\u00e9rence:\u00a0<a href=\"https:\/\/www.capventure.com\/\">CapVenture<\/a>. Celle-ci est une marque originale des Pays-Bas._x000D_n_x000D_n&nbsp;_x000D_n<\/p>\n<h3>Animaux de l&rsquo;oc\u00e9an muraux comme porte manteaux par CapVenture chez 1001 Pat\u00e8res<\/h3>\n<p>_x000D_nAinsi, les collections Animaux Sauvages, Ferme, Zoo et Marins vous permettent un large choix d&rsquo;univers sur ce site. D\u2019ailleurs, dans cette collection d&rsquo;animaux marins, retrouvez des pat\u00e8res murales prenant la forme de <a href=\"https:\/\/1001pateres.com\/produit\/patere-design-animal-marin-dauphin-capventure\/\"><strong>dauphin bleu<\/strong> <\/a>mais aussi d\u2019<a href=\"https:\/\/1001pateres.com\/produit\/patere-design-animal-marin-etoile-de-mer-capventure\/\"><strong>\u00e9toile de mer orange<\/strong><\/a> ou de requin gris._x000D_n_x000D_nGr\u00e2ce \u00e0 ces t\u00eates d\u2019animaux <strong>en r\u00e9sine peintes \u00e0 la main<\/strong>, cr\u00e9ez de <strong>v\u00e9ritables univers d\u00e9coratifs sur le th\u00e8me des animaux<\/strong>. C\u2019est la technique ludique pour\u00a0optimiser le rangement tout en offrant \u00e0 votre int\u00e9rieur une touche d\u2019originalit\u00e9. En plus, cela plait aux enfants cela les motivent pour ranger leurs affaires! N\u2019h\u00e9sitez donc pas bien s\u00fbr \u00e0 les\u00a0<strong>additionner <\/strong>pour un style et des rangements humoristiques._x000D_n_x000D_nLes offrir comme caricature \u00e0 tout adulte est aussi une bonne id\u00e9e cadeau!_x000D_n_x000D_n&nbsp;_x000D_n<\/p>\n<h3>Pat\u00e8re murale animal marin: les dents de la mer<\/h3>\n<p>_x000D_nEnfin, cette t\u00eate d&rsquo;animal <strong>en r\u00e9sine offre<\/strong>\u00a0une tr\u00e8s bonne r\u00e9sistante face \u00e0 une utilisation quotidienne. D&rsquo;ailleurs, la pat\u00e8re murale permet un support de <strong>charge sup\u00e9rieur \u00e0 5 kg<\/strong>._x000D_n_x000D_nPour son installation, votre achat inclut\u00a0<strong>une vis et une cheville<\/strong>. Il vous faut donc simplement une perceuse pour la fixer <strong>avec rapidit\u00e9 et simplicit\u00e9<\/strong>. Ses dimensions sont:_x000D_n<\/p>\n<ul>_x000D_n \t<\/p>\n<li>La pat\u00e8re murale animal marin requin : 7 cm X 7 cm<\/li>\n<p>_x000D_n \t<\/p>\n<li>Ecartement du mur : 4 cm<\/li>\n<p>_x000D_n<\/ul>\n<p>_x000D_nNos clients retiennent son \u00e9vocation des <strong>Oc\u00e9ans<\/strong>\u00a0et de la <strong>Nature<\/strong>. Tr\u00e8s qualitative, et \u00e9l\u00e9gante, c&rsquo;est tout un <strong>univers scandinave<\/strong> qui s&rsquo;ouvre \u00e0 vous gr\u00e2ce \u00e0 CapVenture. \u00a0Sans \u00eatre trop imposante, elle offre bien s\u00fbr cette touche d&rsquo;originalit\u00e9 qu&rsquo;on adore!<\/p>\n","protected":false},"excerpt":{"rendered":"<p>Pat\u00e8re design de la s\u00e9rie des animaux marin en forme de <strong>requin gris<\/strong>\u00a0peinte \u00e0 la main.\u00a0Cette animal marin de la marque <em><strong>CAPVENTURE<\/strong><\/em> est en r\u00e9sine.\u00a0Elle est \u00e0 poser dans la chambre ou dans l&rsquo;entr\u00e9e pour ne plus voir trainer ses affaires.<\/p>\n","protected":false},"featured_media":2223,"comment_status":"closed","ping_status":"open","template":"","meta":[],"product_cat":[16,32],"product_tag":[27],"class_list":["post-590","product","type-product","status-publish","has-post-thumbnail","hentry","product_cat-chambre-enfant","product_cat-entree-sejour","product_tag-crochet-patere-patere-design-patere-murale-patere-porte-pateres-porte-serviette-porte-torchon-vestiaire","description-off"],"_links":{"self":[{"href":"https:\/\/roulettes.vaniseo.top\/index.php\/wp-json\/wp\/v2\/product\/590","targetHints":{"allow":["GET"]}}],"collection":[{"href":"https:\/\/roulettes.vaniseo.top\/index.php\/wp-json\/wp\/v2\/product"}],"about":[{"href":"https:\/\/roulettes.vaniseo.top\/index.php\/wp-json\/wp\/v2\/types\/product"}],"replies":[{"embeddable":true,"href":"https:\/\/roulettes.vaniseo.top\/index.php\/wp-json\/wp\/v2\/comments?post=590"}],"version-history":[{"count":0,"href":"https:\/\/roulettes.vaniseo.top\/index.php\/wp-json\/wp\/v2\/product\/590\/revisions"}],"wp:featuredmedia":[{"embeddable":true,"href":"https:\/\/roulettes.vaniseo.top\/index.php\/wp-json\/wp\/v2\/media\/2223"}],"wp:attachment":[{"href":"https:\/\/roulettes.vaniseo.top\/index.php\/wp-json\/wp\/v2\/media?parent=590"}],"wp:term":[{"taxonomy":"product_cat","embeddable":true,"href":"https:\/\/roulettes.vaniseo.top\/index.php\/wp-json\/wp\/v2\/product_cat?post=590"},{"taxonomy":"product_tag","embeddable":true,"href":"https:\/\/roulettes.vaniseo.top\/index.php\/wp-json\/wp\/v2\/product_tag?post=590"}],"curies":[{"name":"wp","href":"https:\/\/api.w.org\/{rel}","templated":true}]}}