{"id":591,"date":"2022-04-04T16:22:11","date_gmt":"2022-04-04T14:22:11","guid":{"rendered":"https:\/\/roulettes.vaniseo.top\/index.php\/produit\/patere-murale-dauphin-bleu-en-resine-de-capventure\/"},"modified":"2022-04-04T17:22:30","modified_gmt":"2022-04-04T15:22:30","slug":"patere-murale-dauphin-bleu-en-resine-de-capventure","status":"publish","type":"product","link":"https:\/\/roulettes.vaniseo.top\/index.php\/produit\/patere-murale-dauphin-bleu-en-resine-de-capventure\/","title":{"rendered":"Pat\u00e8re murale dauphin bleu en r\u00e9sine de CAPVENTURE"},"content":{"rendered":"<h3>Porte manteau mural animaux marin CapVenture: dauphin bleu<\/h3>\n<p>_x000D_nEnvie d&rsquo;une <strong>ambiance marine<\/strong>\u00a0\u00e0 la maison ou au bureau? Optez pour la <strong>collection<\/strong> du m\u00eame nom, notamment avec une <strong>pat\u00e8re murale dauphin bleu<\/strong>\u00a0en r\u00e9sine de chez <strong><a href=\"https:\/\/1001pateres.com\/brand\/capventure\/\">CapVenture<\/a><\/strong>._x000D_n_x000D_nEn effet, <strong>1001 Pat\u00e8res<\/strong> vous propose de <strong>nombreux styles de porte manteaux<\/strong> pour <strong>optimiser la d\u00e9coration et le rangement<\/strong> de votre int\u00e9rieur de maison ou d&rsquo;entreprise. Ainsi, elle a notamment choisi <a href=\"https:\/\/www.capventure.com\/\">CapVenture<\/a>, une marque originale des Pays-Bas. C&rsquo;est l&rsquo;une de plus repr\u00e9sent\u00e9es sur ce <strong>site n\u00b01 en France de la vente de pat\u00e8res<\/strong>._x000D_n_x000D_n&nbsp;_x000D_n<\/p>\n<h3>Collection les animaux marin par CapVenture chez 1001 Pat\u00e8res<\/h3>\n<p>_x000D_nAinsi, retrouvez les collections ZOO, Animaux Sauvages, Ferme et animaux marins sur ce site. D&rsquo;ailleurs, dans cette collection animaux marins, retrouvez des pat\u00e8res murales prenant la forme de dauphin bleu mais aussi d&rsquo;<a href=\"https:\/\/1001pateres.com\/produit\/patere-design-animal-marin-etoile-de-mer-capventure\/\"><strong>\u00e9toile de mer orange<\/strong><\/a> ou de <a href=\"https:\/\/1001pateres.com\/produit\/patere-design-animal-marin-requin-capventure\/\"><strong>requin gris<\/strong><\/a>._x000D_n_x000D_nGr\u00e2ce \u00e0 l&rsquo;ensemble de ce choix de t\u00eates d&rsquo;animaux, cr\u00e9ez de <strong>v\u00e9ritables univers animaliers par pi\u00e8ce<\/strong>. C&rsquo;est une jolie mani\u00e8re d&rsquo;optimiser le rangement tout en offrant \u00e0 cotre int\u00e9rieur une touche d&rsquo;originalit\u00e9 et de fun.\u00a0Cela plait aussi beaucoup aux enfants. C&rsquo;est donc une belle et astucieuse mani\u00e8re de les motiver \u00e0 ranger leurs affaires! N&rsquo;h\u00e9sitez donc pas bien s\u00fbr \u00e0 les\u00a0<strong>additionner <\/strong>pour un style et des rangements humoristiques._x000D_n_x000D_n&nbsp;_x000D_n<\/p>\n<h3>Pat\u00e8re murale dauphin bleu<\/h3>\n<p>_x000D_nDe plus, sp\u00e9cifiquement cette t\u00eate d&rsquo;animal marin ci-contre, comme toutes les autres t\u00eates, est <strong>en r\u00e9sine, peint \u00e0 la main!<\/strong>\u00a0Cette mati\u00e8re lui conf\u00e8re une tr\u00e8s bonne r\u00e9sistante face \u00e0 une fr\u00e9quente utilisation. La pat\u00e8re murale permet un support de <strong>charge sup\u00e9rieur \u00e0 5 kg<\/strong>._x000D_n_x000D_nElle comporte un syst\u00e8me d&rsquo;accrochage avec <strong>une vis et une cheville incluses<\/strong>. Il vous faudra simplement une perceuse pour r\u00e9aliser cette <strong>installation avec rapidit\u00e9 et simplicit\u00e9<\/strong>._x000D_n_x000D_n<strong>Dimensions:<\/strong>_x000D_n<\/p>\n<ul>_x000D_n \t<\/p>\n<li>La pat\u00e8re murale dauphin : 6 cm X 7 cm<\/li>\n<p>_x000D_n \t<\/p>\n<li>Ecartement du mur : 5 cm<\/li>\n<p>_x000D_n<\/ul>\n<p>_x000D_nNos clients ont choisi cette pat\u00e8re murale bleu le dauphin pour son \u00e9vocation des <strong>Oc\u00e9ans<\/strong>\u00a0et de la <strong>Nature<\/strong>. Avec ce <strong>modernisme<\/strong> parfait, c&rsquo;est tout un <strong>univers scandinave<\/strong> qui s&rsquo;ouvre \u00e0 vous. \u00a0Sans \u00eatre trop imposante, elle permet bien s\u00fbr d&rsquo;optimiser le rangement.<\/p>\n","protected":false},"excerpt":{"rendered":"<p>Pat\u00e8re design de la s\u00e9rie des animaux marin en forme de <strong>dauphin bleu<\/strong>\u00a0peinte \u00e0 la main.\u00a0Cette animal marin de la marque <em><strong>CAPVENTURE<\/strong><\/em> est en r\u00e9sine.\u00a0Elle est \u00e0 poser dans la chambre ou dans l&rsquo;entr\u00e9e pour ne plus voir trainer ses affaires.<\/p>\n","protected":false},"featured_media":2226,"comment_status":"closed","ping_status":"open","template":"","meta":[],"product_cat":[16,32],"product_tag":[27],"class_list":["post-591","product","type-product","status-publish","has-post-thumbnail","hentry","product_cat-chambre-enfant","product_cat-entree-sejour","product_tag-crochet-patere-patere-design-patere-murale-patere-porte-pateres-porte-serviette-porte-torchon-vestiaire","description-off"],"_links":{"self":[{"href":"https:\/\/roulettes.vaniseo.top\/index.php\/wp-json\/wp\/v2\/product\/591","targetHints":{"allow":["GET"]}}],"collection":[{"href":"https:\/\/roulettes.vaniseo.top\/index.php\/wp-json\/wp\/v2\/product"}],"about":[{"href":"https:\/\/roulettes.vaniseo.top\/index.php\/wp-json\/wp\/v2\/types\/product"}],"replies":[{"embeddable":true,"href":"https:\/\/roulettes.vaniseo.top\/index.php\/wp-json\/wp\/v2\/comments?post=591"}],"version-history":[{"count":0,"href":"https:\/\/roulettes.vaniseo.top\/index.php\/wp-json\/wp\/v2\/product\/591\/revisions"}],"wp:featuredmedia":[{"embeddable":true,"href":"https:\/\/roulettes.vaniseo.top\/index.php\/wp-json\/wp\/v2\/media\/2226"}],"wp:attachment":[{"href":"https:\/\/roulettes.vaniseo.top\/index.php\/wp-json\/wp\/v2\/media?parent=591"}],"wp:term":[{"taxonomy":"product_cat","embeddable":true,"href":"https:\/\/roulettes.vaniseo.top\/index.php\/wp-json\/wp\/v2\/product_cat?post=591"},{"taxonomy":"product_tag","embeddable":true,"href":"https:\/\/roulettes.vaniseo.top\/index.php\/wp-json\/wp\/v2\/product_tag?post=591"}],"curies":[{"name":"wp","href":"https:\/\/api.w.org\/{rel}","templated":true}]}}