{"id":592,"date":"2022-04-04T16:22:11","date_gmt":"2022-04-04T14:22:11","guid":{"rendered":"https:\/\/roulettes.vaniseo.top\/index.php\/produit\/patere-murale-ronde-en-acier-noir-mat-ferm-living-grand-modele\/"},"modified":"2022-04-04T17:22:30","modified_gmt":"2022-04-04T15:22:30","slug":"patere-murale-ronde-en-acier-noir-mat-ferm-living-grand-modele","status":"publish","type":"product","link":"https:\/\/roulettes.vaniseo.top\/index.php\/produit\/patere-murale-ronde-en-acier-noir-mat-ferm-living-grand-modele\/","title":{"rendered":"Pat\u00e8re murale ronde en acier noir mat FERM LIVING grand mod\u00e8le"},"content":{"rendered":"<h3>Porte manteau rond en acier noir mat design FERM LIVING<\/h3>\n<p>_x000D_n<\/p>\n<div class=\"woocommerce-tabs wc-tabs-wrapper\">_x000D_n<\/p>\n<div id=\"tab-description\" class=\"woocommerce-Tabs-panel woocommerce-Tabs-panel--description panel entry-content wc-tab\" role=\"tabpanel\" aria-labelledby=\"tab-title-description\">_x000D_n_x000D_n1001 Pat\u00e8res vous d\u00e9veloppe ci dessous l\u2019ensemble des informations sp\u00e9cifiques du grand mod\u00e8le <a href=\"https:\/\/fermliving.com\/\" target=\"_blank\" rel=\"noopener\"><strong>FERM LIVING<\/strong><\/a> de <strong>pat\u00e8re murale ronde\u00a0en acier noir mat<\/strong>. Elle comme le\u00a0<a href=\"https:\/\/1001pateres.com\/produit\/patere-cercle-en-acier-brosse-grand-modele-ferm-living\/\">mod\u00e8le\u00a0en acier bross\u00e9<\/a>\u00a0ou en <a href=\"https:\/\/1001pateres.com\/produit\/patere-cercle-grand-modele-laiton-brosse-ferm-living\/\">laiton bross\u00e9<\/a> sont parfaits pour une utilisation de porte-manteau, porte-serviette, ou encore de porte-chapeau._x000D_n_x000D_nTout d&rsquo;abord, la marque <a href=\"https:\/\/1001pateres.com\/brand\/ferm-living\/\">Ferm Living<\/a> est danoise. Elle propose ind\u00e9niablement des <strong>produits chics et de qualit\u00e9<\/strong>. Ainsi, retrouvez sur ce site 1001 Pat\u00e8res, une s\u00e9lection de <strong>pat\u00e8res \u00e0 crochet unique,<\/strong>\u00a0toutes aussi <strong>minimalistes et chics<\/strong> les unes que les autres. Chacune offre un <strong>style<\/strong>\u00a0mettant un valeur l\u2019utilisation d\u2019un <strong>mat\u00e9riau noble<\/strong> (granit, marbre, laiton, verre souffl\u00e9, pierre semi-pr\u00e9cieuse)._x000D_n_x000D_nIci, le design consiste en un cercle plat doubl\u00e9 o\u00f9 le second est l\u00e9g\u00e8rement plus petit de diam\u00e8tre. Fin, l\u00e9ger, chic, son toucher est\u00a0doux.\u00a0Aussi, le diam\u00e8tre\u00a0du cercle permet de maintenir parfaitement tout v\u00eatement ou manteau suspendu. C\u2019est donc la <strong>combinaison parfaite pour associer style et rangement optimal<\/strong>! Vous aimerez investir dans une telle pat\u00e8re murale ronde._x000D_n_x000D_n&nbsp;_x000D_n<\/p>\n<h3>Fixer la pat\u00e8re murale ronde en acier noir mat Ferm Living<\/h3>\n<p>_x000D_nPar ailleurs, ce porte manteau rond en acier comporte une base avec une tige viss\u00e9e de l\u2019int\u00e9rieur et inclus vis et cheville n\u00e9cessaire. L\u2019ensemble est donc invisible une fois mont\u00e9e, pour une finition parfaite! Vous aimerez non seulement acheter un objet design mais aussi l\u2019installer tant cela est <strong>facile<\/strong>. Pensez juste \u00e0 vous munir de votre perceuse pour fixer la cheville et tenir compte de ses\u00a0dimensions:_x000D_n<\/p>\n<ul>_x000D_n \t<\/p>\n<li>Diam\u00e8tre du cercle en acier noir mat: 5 cm<\/li>\n<p>_x000D_n \t<\/p>\n<li>Ecartement du mur: 2,5 cm<\/li>\n<p>_x000D_n<\/ul>\n<p>_x000D_nLe total look black en<strong>\u00a0d\u00e9coration d\u2019int\u00e9rieur est l\u2019actuel must-have<\/strong>. Le d\u00e9tail d\u2019une pat\u00e8re dans le m\u00eame esprit sera parfait. Epur\u00e9 mais \u00e0 la fois de grande taille, il valorisera votre int\u00e9rieur avec une touche toujours plus chic et qualitative._x000D_n_x000D_n<\/div>\n<p>_x000D_n<\/p><\/div>\n","protected":false},"excerpt":{"rendered":"<p>Porte-manteau cercle grand mod\u00e8le en <strong>acier noir mat<\/strong>\u00a0de la marque <em><strong>FERM LIVING<\/strong><\/em>. Jolie pat\u00e8re design en forme de cercle pour un usage de porte-manteau, porte-serviette ou porte-chapeau.\u00a0Elle est originale et \u00e9pur\u00e9e avec une forme douce et pratique. Une fois pos\u00e9e au mur \u00e0 l&rsquo;aide d&rsquo;une perceuse, elle permet de r\u00e9sister \u00e0 un poids de 5 kg environ.<\/p>\n","protected":false},"featured_media":2228,"comment_status":"closed","ping_status":"open","template":"","meta":[],"product_cat":[19,32,21,22,17,23],"product_tag":[26],"class_list":["post-592","product","type-product","status-publish","has-post-thumbnail","hentry","product_cat-collectivite","product_cat-entree-sejour","product_cat-entreprise","product_cat-pro","product_cat-salle-de-bain","product_cat-toilette-wc","product_tag-crochet-patere-patere-design-patere-murale-patere-porte-pateres-porte-serviette-porte-torchon","description-off"],"_links":{"self":[{"href":"https:\/\/roulettes.vaniseo.top\/index.php\/wp-json\/wp\/v2\/product\/592","targetHints":{"allow":["GET"]}}],"collection":[{"href":"https:\/\/roulettes.vaniseo.top\/index.php\/wp-json\/wp\/v2\/product"}],"about":[{"href":"https:\/\/roulettes.vaniseo.top\/index.php\/wp-json\/wp\/v2\/types\/product"}],"replies":[{"embeddable":true,"href":"https:\/\/roulettes.vaniseo.top\/index.php\/wp-json\/wp\/v2\/comments?post=592"}],"version-history":[{"count":0,"href":"https:\/\/roulettes.vaniseo.top\/index.php\/wp-json\/wp\/v2\/product\/592\/revisions"}],"wp:featuredmedia":[{"embeddable":true,"href":"https:\/\/roulettes.vaniseo.top\/index.php\/wp-json\/wp\/v2\/media\/2228"}],"wp:attachment":[{"href":"https:\/\/roulettes.vaniseo.top\/index.php\/wp-json\/wp\/v2\/media?parent=592"}],"wp:term":[{"taxonomy":"product_cat","embeddable":true,"href":"https:\/\/roulettes.vaniseo.top\/index.php\/wp-json\/wp\/v2\/product_cat?post=592"},{"taxonomy":"product_tag","embeddable":true,"href":"https:\/\/roulettes.vaniseo.top\/index.php\/wp-json\/wp\/v2\/product_tag?post=592"}],"curies":[{"name":"wp","href":"https:\/\/api.w.org\/{rel}","templated":true}]}}