{"id":593,"date":"2022-04-04T16:22:11","date_gmt":"2022-04-04T14:22:11","guid":{"rendered":"https:\/\/roulettes.vaniseo.top\/index.php\/produit\/patere-tige-en-acier-noir-mat-ferm-living\/"},"modified":"2022-04-04T17:22:30","modified_gmt":"2022-04-04T15:22:30","slug":"patere-tige-en-acier-noir-mat-ferm-living","status":"publish","type":"product","link":"https:\/\/roulettes.vaniseo.top\/index.php\/produit\/patere-tige-en-acier-noir-mat-ferm-living\/","title":{"rendered":"Pat\u00e8re tige en acier noir mat FERM LIVING"},"content":{"rendered":"<h3>Porte manteau design tige en acier noir mat FERM LIVING<\/h3>\n<p>_x000D_n1001 Pat\u00e8res dispose \u00e0 la vente d&rsquo;une <strong>pat\u00e8re tige en acier noir mat<\/strong>\u00a0<a href=\"https:\/\/1001pateres.com\/brand\/ferm-living\/\"><strong>FERM LIVING<\/strong><\/a>.\u00a0La gamme propose aussi un mod\u00e8le de m\u00eame forme en <a href=\"https:\/\/1001pateres.com\/produit\/patere-tige-en-acier-brosse-petit-modele-ferm-living\/\">acier bross\u00e9<\/a> et en\u00a0<a href=\"https:\/\/1001pateres.com\/produit\/patere-tige-petit-modele-laiton-brosse-ferm-living\/\">laiton bross\u00e9<\/a>. Il s&rsquo;agit donc d&rsquo;un parfait outil \u00e0 utiliser comme porte-manteau, porte-serviette, et porte-chapeau._x000D_n_x000D_nD\u00e9couvrez donc ci dessous une pr\u00e9sentation compl\u00e8te de la <strong>marque<\/strong> et des <strong>informations sp\u00e9cifiques de ce produit<\/strong>._x000D_n_x000D_n&nbsp;_x000D_n<\/p>\n<h3>Pat\u00e8re tige acier noir de la marque Ferm Living<\/h3>\n<p>_x000D_nTout d\u2019abord, <a href=\"https:\/\/fermliving.com\/\" target=\"_blank\" rel=\"noopener\">Ferm Living<\/a>\u00a0est une marque danoise qui produit un style <strong>minimaliste et \u00e9l\u00e9gant nordique<\/strong>. Les formes sont \u00e9pur\u00e9es et les <strong>mat\u00e9riaux de haute qualit\u00e9<\/strong>. On retrouve par exemple\u00a0l&rsquo;utilisation du laiton, du verre souffl\u00e9, du granit, ou encore du marbre._x000D_n_x000D_nAinsi, ci-contre, ce porte manteau design tige est constitu\u00e9e d&rsquo;une tige \u00e0 collerette. Cette\u00a0<strong>tige est \u00e9pur\u00e9e, douce au toucher<\/strong>. Aussi, l\u2019<strong>acier<\/strong> est de tr\u00e8s <strong>belle qualit\u00e9<\/strong>. Inoxydable, il r\u00e9sistera \u00e0 l&rsquo;humidit\u00e9 d&rsquo;un garage comme d&rsquo;une salle de bain ou d&rsquo;un toilette._x000D_n_x000D_nPar ailleurs, la <strong>collerette au bout de la tige<\/strong>\u00a0retient les v\u00eatements pour qu&rsquo;ils ne tombent pas._x000D_n_x000D_n&nbsp;_x000D_n<\/p>\n<h3>Installation d&rsquo;une pat\u00e8re tige en acier noir<\/h3>\n<p>_x000D_nPour finir, c\u00f4t\u00e9 <strong>installation<\/strong>, le porte manteau design tige Ferm Living comporte une base avec une tige viss\u00e9e de l\u2019int\u00e9rieur\u00a0et un syst\u00e8me d\u2019accrochage \u00e0 vis et cheville comprises. Ainsi, l\u2019ensemble est invisible une fois fix\u00e9e au mur. Il ne vous faut qu\u2019une perceuse pour l&rsquo;installer avec\u00a0<strong>rapidit\u00e9\u00a0et facilit\u00e9<\/strong>. Voici ses <strong>dimensions<\/strong>:_x000D_n<\/p>\n<ul>_x000D_n \t<\/p>\n<li>La tige en acier bross\u00e9: 3,5 cm<\/li>\n<p>_x000D_n \t<\/p>\n<li>La base: diam\u00e8tre 1,8 cm<\/li>\n<p>_x000D_n<\/ul>\n<p>_x000D_n1001 Pat\u00e8res a pu constater que les clients d\u00e9multiplient leur achat en nombre pour maximiser le rangement\u00a0<strong>avec \u00e9l\u00e9gance et style<\/strong>.\u00a0N\u2019h\u00e9sitez pas vous aussi \u00e0 vous amuser dans votre installation!_x000D_n_x000D_nEn cas de question, n\u2019h\u00e9sitez pas \u00e0 nous contacter.<\/p>\n","protected":false},"excerpt":{"rendered":"<p>Porte-manteau tige petit mod\u00e8le en <strong>acier noir mat<\/strong>\u00a0de la marque <em><strong>FERM LIVING<\/strong><\/em>. Jolie pat\u00e8re design en forme de tige \u00e0 collerette pour un usage de porte-manteau, porte-serviette ou porte-chapeau.\u00a0Elle est originale et \u00e9pur\u00e9e avec une forme douce et pratique. Une fois pos\u00e9e au mur \u00e0 l&rsquo;aide d&rsquo;une perceuse, elle permet de r\u00e9sister \u00e0 un poids de 5 kg environ.<\/p>\n","protected":false},"featured_media":2229,"comment_status":"closed","ping_status":"open","template":"","meta":[],"product_cat":[19,32,21,22,17,23],"product_tag":[26],"class_list":["post-593","product","type-product","status-publish","has-post-thumbnail","hentry","product_cat-collectivite","product_cat-entree-sejour","product_cat-entreprise","product_cat-pro","product_cat-salle-de-bain","product_cat-toilette-wc","product_tag-crochet-patere-patere-design-patere-murale-patere-porte-pateres-porte-serviette-porte-torchon","description-off"],"_links":{"self":[{"href":"https:\/\/roulettes.vaniseo.top\/index.php\/wp-json\/wp\/v2\/product\/593","targetHints":{"allow":["GET"]}}],"collection":[{"href":"https:\/\/roulettes.vaniseo.top\/index.php\/wp-json\/wp\/v2\/product"}],"about":[{"href":"https:\/\/roulettes.vaniseo.top\/index.php\/wp-json\/wp\/v2\/types\/product"}],"replies":[{"embeddable":true,"href":"https:\/\/roulettes.vaniseo.top\/index.php\/wp-json\/wp\/v2\/comments?post=593"}],"version-history":[{"count":0,"href":"https:\/\/roulettes.vaniseo.top\/index.php\/wp-json\/wp\/v2\/product\/593\/revisions"}],"wp:featuredmedia":[{"embeddable":true,"href":"https:\/\/roulettes.vaniseo.top\/index.php\/wp-json\/wp\/v2\/media\/2229"}],"wp:attachment":[{"href":"https:\/\/roulettes.vaniseo.top\/index.php\/wp-json\/wp\/v2\/media?parent=593"}],"wp:term":[{"taxonomy":"product_cat","embeddable":true,"href":"https:\/\/roulettes.vaniseo.top\/index.php\/wp-json\/wp\/v2\/product_cat?post=593"},{"taxonomy":"product_tag","embeddable":true,"href":"https:\/\/roulettes.vaniseo.top\/index.php\/wp-json\/wp\/v2\/product_tag?post=593"}],"curies":[{"name":"wp","href":"https:\/\/api.w.org\/{rel}","templated":true}]}}