{"id":594,"date":"2022-04-04T16:22:11","date_gmt":"2022-04-04T14:22:11","guid":{"rendered":"https:\/\/roulettes.vaniseo.top\/index.php\/produit\/porte-manteau-design-acier-brillant-galet-mushroom-petit-modele-ferm-living\/"},"modified":"2022-04-04T17:22:31","modified_gmt":"2022-04-04T15:22:31","slug":"porte-manteau-design-acier-brillant-galet-mushroom-petit-modele-ferm-living","status":"publish","type":"product","link":"https:\/\/roulettes.vaniseo.top\/index.php\/produit\/porte-manteau-design-acier-brillant-galet-mushroom-petit-modele-ferm-living\/","title":{"rendered":"Porte manteau design acier brillant galet MUSHROOM petit mod\u00e8le FERM LIVING"},"content":{"rendered":"<h3>Pat\u00e8re galet en acier brillant MUSHROOM de FERM LIVING<\/h3>\n<p>_x000D_n<strong>1001 Pat\u00e8res<\/strong> vous fait d\u00e9couvrir ici les meilleurs <strong>conseils d\u2019installation<\/strong> et donn\u00e9es techniques de ce <strong>porte manteau design\u00a0acier brillant<\/strong> en forme de <strong>galet champignon<\/strong>. Sp\u00e9cifiquement, \u00a0il s\u2019agit ici du <strong>petit mod\u00e8le MUSHROOM<\/strong> de la marque\u00a0<a href=\"https:\/\/fermliving.com\/\" target=\"_blank\" rel=\"noopener\"><strong>FERM LIVING<\/strong><\/a>._x000D_n_x000D_nA noter que comme pour le <strong>mod\u00e8le MUSHROOM existe aussi en <a href=\"https:\/\/1001pateres.com\/produit\/patere-acier-dore-galet-mushroom-petit-modele-ferm-living\/\"><span style=\"text-decoration: underline\">acier dor\u00e9<\/span><\/a><\/strong>.\u00a0Cette collection peut faire usage de <strong>porte-manteau<\/strong>, <strong>porte-serviette<\/strong>, ou encore <strong>porte-chapeau<\/strong>._x000D_n_x000D_nTout d\u2019abord, commen\u00e7ons par pr\u00e9ciser qui est <a href=\"https:\/\/1001pateres.com\/brand\/ferm-living\/\">Ferm Living<\/a> et pourquoi 1001 Pat\u00e8res a s\u00e9lectionn\u00e9 ses produits. Cette marque est <strong>danoise<\/strong> et offre des pat\u00e8res<strong>\u00a0d\u00e9coratives scandinaves<\/strong>,\u00a0minimalistes aux mat\u00e9riaux de haute qualit\u00e9 comme le <strong>granit<\/strong>, le <strong>marbre<\/strong>, ou encore le <strong>verre souffl\u00e9<\/strong>._x000D_n_x000D_nIci, le mat\u00e9riau mis \u00e0 l\u2019honneur est l\u2019<strong>acier<\/strong>. On notera que\u00a0la taille du galet suffit pour bien maintenir les v\u00eatements suspendus malgr\u00e9 sa\u00a0forme <strong>originale<\/strong>\u00a0et <strong>\u00e9pur\u00e9e, au<\/strong>\u00a0<strong>toucher doux<\/strong>._x000D_n_x000D_n&nbsp;_x000D_n<\/p>\n<h3>Installation pour de la pat\u00e8re acier brillant Mushroom<\/h3>\n<p>_x000D_nEnsuite, ce <strong>porte manteau design acier brillant galet MUSHROOM\u00a0petit mod\u00e8le<\/strong> comporte un syst\u00e8me de fixation avec une tige viss\u00e9e de l\u2019int\u00e9rieur. La vis et sa cheville sont incluses, mais non visibles une fois mont\u00e9es. Ainsi, ce mod\u00e8le est facile \u00e0 poser mais n\u00e9cessite une perceuse.\u00a0Enfin, voici ses <strong>dimensions<\/strong>:_x000D_n<\/p>\n<ul>_x000D_n \t<\/p>\n<li>Diam\u00e8tre du porte manteau galet petit mod\u00e8le Mushroom: 4 cm<\/li>\n<p>_x000D_n \t<\/p>\n<li>Ecartement du mur: 3,5 cm<\/li>\n<p>_x000D_n<\/ul>\n<p>_x000D_nC\u00f4t\u00e9 d\u00e9co pour finir, 1001 Pat\u00e8res sugg\u00e8re de <strong>minimiser la d\u00e9coration autour\u00a0<\/strong>afin de profiter de sa brillance et de sa forme lisse si chic. Pour cela, il est conseill\u00e9 de\u00a0l\u2019installer de pr\u00e9f\u00e9rence sur des <strong>murs sombres<\/strong> ou dans un <strong>univers utilisant d\u00e9j\u00e0 de l\u2019acier brillant<\/strong> ou chrom\u00e9 ou bross\u00e9. Bien s\u00fbr, le d\u00e9multiplier est une suggestion qui fonctionne toujours pour valoriser sa forme et maximiser votre rangement._x000D_n_x000D_nN\u2019h\u00e9sitez pas \u00e0 contacter 1001 Pat\u00e8res via le formulaire de contact en cas de question ou pour un devis sp\u00e9cifique en cas de commande en quantit\u00e9.<\/p>\n","protected":false},"excerpt":{"rendered":"<p>Porte-manteau galet petit mod\u00e8le en <strong>acier chrom\u00e9 MUSHROOM<\/strong>\u00a0de la marque <em><strong>FERM LIVING<\/strong><\/em>. Jolie pat\u00e8re design en forme de galet pour un usage de porte-manteau, porte-serviette ou porte-chapeau.\u00a0Elle est originale et \u00e9pur\u00e9e avec une forme douce et pratique. Une fois pos\u00e9e au mur \u00e0 l&rsquo;aide d&rsquo;une perceuse, elle permet de r\u00e9sister \u00e0 un poids de 5 kg environ.<\/p>\n","protected":false},"featured_media":2230,"comment_status":"closed","ping_status":"open","template":"","meta":[],"product_cat":[19,32,21,22,17,23],"product_tag":[26],"class_list":["post-594","product","type-product","status-publish","has-post-thumbnail","hentry","product_cat-collectivite","product_cat-entree-sejour","product_cat-entreprise","product_cat-pro","product_cat-salle-de-bain","product_cat-toilette-wc","product_tag-crochet-patere-patere-design-patere-murale-patere-porte-pateres-porte-serviette-porte-torchon","description-off"],"_links":{"self":[{"href":"https:\/\/roulettes.vaniseo.top\/index.php\/wp-json\/wp\/v2\/product\/594","targetHints":{"allow":["GET"]}}],"collection":[{"href":"https:\/\/roulettes.vaniseo.top\/index.php\/wp-json\/wp\/v2\/product"}],"about":[{"href":"https:\/\/roulettes.vaniseo.top\/index.php\/wp-json\/wp\/v2\/types\/product"}],"replies":[{"embeddable":true,"href":"https:\/\/roulettes.vaniseo.top\/index.php\/wp-json\/wp\/v2\/comments?post=594"}],"version-history":[{"count":0,"href":"https:\/\/roulettes.vaniseo.top\/index.php\/wp-json\/wp\/v2\/product\/594\/revisions"}],"wp:featuredmedia":[{"embeddable":true,"href":"https:\/\/roulettes.vaniseo.top\/index.php\/wp-json\/wp\/v2\/media\/2230"}],"wp:attachment":[{"href":"https:\/\/roulettes.vaniseo.top\/index.php\/wp-json\/wp\/v2\/media?parent=594"}],"wp:term":[{"taxonomy":"product_cat","embeddable":true,"href":"https:\/\/roulettes.vaniseo.top\/index.php\/wp-json\/wp\/v2\/product_cat?post=594"},{"taxonomy":"product_tag","embeddable":true,"href":"https:\/\/roulettes.vaniseo.top\/index.php\/wp-json\/wp\/v2\/product_tag?post=594"}],"curies":[{"name":"wp","href":"https:\/\/api.w.org\/{rel}","templated":true}]}}