{"id":595,"date":"2022-04-04T16:22:11","date_gmt":"2022-04-04T14:22:11","guid":{"rendered":"https:\/\/roulettes.vaniseo.top\/index.php\/produit\/porte-manteau-acier-dore-galet-mushroom-petit-modele-ferm-living\/"},"modified":"2022-04-04T17:22:32","modified_gmt":"2022-04-04T15:22:32","slug":"porte-manteau-acier-dore-galet-mushroom-petit-modele-ferm-living","status":"publish","type":"product","link":"https:\/\/roulettes.vaniseo.top\/index.php\/produit\/porte-manteau-acier-dore-galet-mushroom-petit-modele-ferm-living\/","title":{"rendered":"Porte manteau acier dor\u00e9 galet MUSHROOM petit mod\u00e8le FERM LIVING"},"content":{"rendered":"<h3>Pat\u00e8re design en acier dor\u00e9 type galet, collection MUSHROOM de FERM LIVING<\/h3>\n<p>_x000D_nD\u00e9couvrez les meilleurs <strong>conseils d\u2019installation<\/strong> et donn\u00e9es techniques du <strong>porte manteau acier dor\u00e9<\/strong> prenant la forme d&rsquo;un\u00a0<strong>galet\/ champignon<\/strong>. Sp\u00e9cifiquement, \u00a0il s\u2019agit ici du <strong>petit<\/strong> mod\u00e8le <strong>MUSHROOM<\/strong> de chez\u00a0<a href=\"https:\/\/fermliving.com\/\" target=\"_blank\" rel=\"noopener\"><strong>FERM LIVING<\/strong><\/a>._x000D_n_x000D_nA noter que, comme le mod\u00e8le<strong> MUSHROOM<\/strong> existe aussi en <strong><a href=\"https:\/\/1001pateres.com\/produit\/patere-acier-brillant-galet-mushroom-petit-modele-ferm-living\/\"><span style=\"text-decoration: underline\">acier brillant<\/span><\/a><\/strong>.\u00a0Tous peuvent faire usage de <strong>porte-manteau<\/strong>, <strong>porte-serviette<\/strong>, ou encore <strong>porte-chapeau<\/strong>._x000D_n_x000D_n&nbsp;_x000D_n_x000D_nTout d&rsquo;abord, 1001 Pat\u00e8res s&rsquo;efforce toujours sur son site N\u00b01 en France de vente en ligne de pat\u00e8res, de vous d\u00e9goter les meilleures marques, et leurs r\u00e9f\u00e9rences au meilleur rapport qualit\u00e9 prix._x000D_n_x000D_nAinsi, <a href=\"https:\/\/1001pateres.com\/brand\/ferm-living\/\">Ferm Living<\/a>\u00a0a \u00e9t\u00e9 s\u00e9lectionn\u00e9e! Cette marque\u00a0<strong>danoise<\/strong>\u00a0offre des pat\u00e8res<strong>\u00a0d\u00e9coratives scandinaves<\/strong>,\u00a0minimalistes aux mat\u00e9riaux chics comme le <strong>granit<\/strong>, le <strong>marbre<\/strong>, ou encore le <strong>verre souffl\u00e9<\/strong>._x000D_n_x000D_nIci, le mat\u00e9riau mis \u00e0 l\u2019honneur est l\u2019<strong>acier\u00a0<\/strong><b>dor\u00e9<\/b>. On notera que\u00a0la taille du galet suffit pour bien maintenir les v\u00eatements suspendus malgr\u00e9 sa\u00a0forme <strong>originale<\/strong>\u00a0et <strong>\u00e9pur\u00e9e<\/strong>._x000D_n_x000D_n&nbsp;_x000D_n<\/p>\n<h3>Installation pour de la pat\u00e8re acier brillant Mushroom<\/h3>\n<p>_x000D_nPar ailleurs, ce <strong>porte manteau acier dor\u00e9 MUSHROOM\u00a0<\/strong>comporte un syst\u00e8me de fixation o\u00f9 la tige est viss\u00e9e de l\u2019int\u00e9rieur. De plus, la vis et sa cheville sont incluses, puis non visibles une fois mont\u00e9es. Vous aurez seulement besoin d&rsquo;une perceuse.\u00a0Enfin, voici ses <strong>dimensions<\/strong>:_x000D_n<\/p>\n<ul>_x000D_n \t<\/p>\n<li>Diam\u00e8tre du porte manteau acier dor\u00e9: 4 cm<\/li>\n<p>_x000D_n \t<\/p>\n<li>Ecartement du mur: 3,5 cm<\/li>\n<p>_x000D_n<\/ul>\n<p>_x000D_nPour finir, il vous est conseill\u00e9 de\u00a0l\u2019installer sur un pan de mur<strong>\u00a0sombre<\/strong>\u00a0ou dans un <strong>univers utilisant d\u00e9j\u00e0 de l\u2019acier dor\u00e9<\/strong>. Bien s\u00fbr, le d\u00e9multiplier est toujours une solution pour mieux le valoriser et maximiser le rangement.\u00a0Pensez \u00e0\u00a0<strong>minimiser les \u00e9l\u00e9ments d\u00e9coratifs autour\u00a0<\/strong>pour mieux le mettre en valeur._x000D_n_x000D_nN\u2019h\u00e9sitez pas \u00e0 contacter 1001 Pat\u00e8res via le formulaire en page <a href=\"https:\/\/1001pateres.com\/contactez-nous\/\">Contact<\/a> pour toute question ou pour un devis en quantit\u00e9.<\/p>\n","protected":false},"excerpt":{"rendered":"<p>Porte-manteau galet petit mod\u00e8le en <strong>acier dor\u00e9 MUSHROOM<\/strong>\u00a0de la marque <em><strong>FERM LIVING<\/strong><\/em>. Jolie pat\u00e8re design en forme de galet pour un usage de porte-manteau, porte-serviette ou porte-chapeau.\u00a0Elle est originale et \u00e9pur\u00e9e avec une forme douce et pratique. Une fois pos\u00e9e au mur \u00e0 l&rsquo;aide d&rsquo;une perceuse, elle permet de r\u00e9sister \u00e0 un poids de 5 kg environ.<\/p>\n","protected":false},"featured_media":2232,"comment_status":"closed","ping_status":"open","template":"","meta":[],"product_cat":[19,32,21,22,17,23],"product_tag":[26],"class_list":["post-595","product","type-product","status-publish","has-post-thumbnail","hentry","product_cat-collectivite","product_cat-entree-sejour","product_cat-entreprise","product_cat-pro","product_cat-salle-de-bain","product_cat-toilette-wc","product_tag-crochet-patere-patere-design-patere-murale-patere-porte-pateres-porte-serviette-porte-torchon","description-off"],"_links":{"self":[{"href":"https:\/\/roulettes.vaniseo.top\/index.php\/wp-json\/wp\/v2\/product\/595","targetHints":{"allow":["GET"]}}],"collection":[{"href":"https:\/\/roulettes.vaniseo.top\/index.php\/wp-json\/wp\/v2\/product"}],"about":[{"href":"https:\/\/roulettes.vaniseo.top\/index.php\/wp-json\/wp\/v2\/types\/product"}],"replies":[{"embeddable":true,"href":"https:\/\/roulettes.vaniseo.top\/index.php\/wp-json\/wp\/v2\/comments?post=595"}],"version-history":[{"count":0,"href":"https:\/\/roulettes.vaniseo.top\/index.php\/wp-json\/wp\/v2\/product\/595\/revisions"}],"wp:featuredmedia":[{"embeddable":true,"href":"https:\/\/roulettes.vaniseo.top\/index.php\/wp-json\/wp\/v2\/media\/2232"}],"wp:attachment":[{"href":"https:\/\/roulettes.vaniseo.top\/index.php\/wp-json\/wp\/v2\/media?parent=595"}],"wp:term":[{"taxonomy":"product_cat","embeddable":true,"href":"https:\/\/roulettes.vaniseo.top\/index.php\/wp-json\/wp\/v2\/product_cat?post=595"},{"taxonomy":"product_tag","embeddable":true,"href":"https:\/\/roulettes.vaniseo.top\/index.php\/wp-json\/wp\/v2\/product_tag?post=595"}],"curies":[{"name":"wp","href":"https:\/\/api.w.org\/{rel}","templated":true}]}}