{"id":596,"date":"2022-04-04T16:22:15","date_gmt":"2022-04-04T14:22:15","guid":{"rendered":"https:\/\/roulettes.vaniseo.top\/index.php\/produit\/patere-en-bois-blanc-et-patchworks-bleutes-avec-4-crochets-doubles-blancs\/"},"modified":"2022-04-04T17:22:34","modified_gmt":"2022-04-04T15:22:34","slug":"patere-en-bois-blanc-et-patchworks-bleutes-avec-4-crochets-doubles-blancs","status":"publish","type":"product","link":"https:\/\/roulettes.vaniseo.top\/index.php\/produit\/patere-en-bois-blanc-et-patchworks-bleutes-avec-4-crochets-doubles-blancs\/","title":{"rendered":"Pat\u00e8re en bois blanc et patchworks bleut\u00e9s avec 4 crochets doubles blancs"},"content":{"rendered":"<h3>Porte manteau bois blanc\u00a0sur fond patchwork bleu et\u00a04 crochets m\u00e9tal blanc NESU<\/h3>\n<p>_x000D_nIl est ind\u00e9niable que l&rsquo;utilisation d&rsquo;une harmonie de bleus dans une maison, offre beaucoup de douceur et de l\u00e9g\u00e8ret\u00e9. Beaucoup de maisons proven\u00e7ales et de bord de mer l&rsquo;utilisent justement. Ainsi, pour compl\u00e9ter ce type d&rsquo;int\u00e9rieur, il est toujours bon d&rsquo;apporter clart\u00e9 et rangement gr\u00e2ce \u00e0 une nouvelle\u00a0<strong>pat\u00e8re bois blanc et patchworks bleut\u00e9s avec 4 crochets doubles blancs<\/strong>._x000D_n_x000D_nEn effet, <strong>1001 Pat\u00e8res<\/strong> vous propose toujours un <strong>choix tr\u00e8s vari\u00e9 de styles<\/strong> en mati\u00e8re de porte manteaux. C\u2019est d\u2019ailleurs le n\u00b01 en France de la vente de pat\u00e8res et de porte manteaux. Ici, d\u00e9couvrez une nouvelle fois, la marque <a href=\"https:\/\/1001pateres.com\/brand\/nesu\/\">NESU<\/a>. Avec plus d\u2019une cinquantaine de r\u00e9f\u00e9rences vari\u00e9es, la marque est l&rsquo;une des plus vendues sur le site. Elle propose vraiment \u00a0des solutions pour toute la famille ou pour une entreprise._x000D_n_x000D_nAinsi avec la marque <a href=\"https:\/\/1001pateres.com\/brand\/nesu\/\">NESU<\/a>, il s\u2019agit toujours d\u2019un support rectangulaire en bois, plus ou moins d\u00e9cor\u00e9, avec 4 crochets. Et l&rsquo;esprit patchwork vient toujours d\u00e9corer le fond des crochets doubles en m\u00e9tal. Le fond peut donc \u00eatre du m\u00eame imprim\u00e9, ou comme ci-contre, reprendre 4 illustrations diff\u00e9rentes._x000D_n_x000D_nD&rsquo;ailleurs, <strong>NESU<\/strong> a aussi d\u00e9sign\u00e9 les r\u00e9f\u00e9rences de pat\u00e8re bois avec patchwork ci dessous:_x000D_n<\/p>\n<ul>_x000D_n \t<\/p>\n<li><a href=\"https:\/\/1001pateres.com\/produit\/patere-bois-blanc-papillons-rose\/\">Blanc imprim\u00e9 patchwork rose et blanc<\/a><\/li>\n<p>_x000D_n \t<\/p>\n<li><a href=\"https:\/\/1001pateres.com\/produit\/patere-bois-vieilli-sur-fond-patchwork\/\">Vieilli sur fond patchwork<\/a><\/li>\n<p>_x000D_n \t<\/p>\n<li><a href=\"https:\/\/1001pateres.com\/produit\/patere-laiton-vieilli-sur-fond-patchwork-indien\/\">Pat\u00e8re laiton vieilli sur support imprim\u00e9 patchwork indien en bois<\/a><\/li>\n<p>_x000D_n \t<\/p>\n<li><a href=\"https:\/\/1001pateres.com\/produit\/patere-nuages-sur-fond-patchwork-rose-et-gris\/\">Nuage sur fond patchwork rose et gris<\/a><\/li>\n<p>_x000D_n \t<\/p>\n<li><a href=\"https:\/\/1001pateres.com\/produit\/patere-bois-blanc-4-crochets-blanc-sur-fond-patchwork-lilas\/\">Blanc imprim\u00e9 patchworks lilas et crochets blancs m\u00e9talliques<\/a><\/li>\n<p>_x000D_n<\/ul>\n<p>_x000D_n&nbsp;_x000D_n<\/p>\n<h3>Astuces d\u2019installation pour la pat\u00e8re en bois blanc et patchworks bleut\u00e9s<\/h3>\n<p>_x000D_nEnfin, ici sp\u00e9cifiquement, la <strong>pat\u00e8re<\/strong> est toujours en<strong> bois peint en blanc<\/strong>. <strong>4 patchworks<\/strong> d\u00e9corent sp\u00e9cifiquement le fond de chacun des<strong>\u00a0crochets<\/strong>.\u00a0Solide, elle conviendra parfaitement \u00e0 un <strong>univers doux et l\u00e9g\u00e8rement d\u00e9cor\u00e9<\/strong> comme une <strong>chambre<\/strong>, une <strong>buanderie<\/strong>, ou encore une <strong>entr\u00e9e<\/strong>._x000D_n_x000D_nPour l\u2019installer, munissez vous seulement d&rsquo;une perceuse car les vis et chevilles sont fournies. Vous aimerez ne pas voir le syst\u00e8me d\u2019accroche, une fois fix\u00e9e! Voici ses <strong>dimensions<\/strong> sp\u00e9cifiques :_x000D_n<\/p>\n<ul>_x000D_n \t<\/p>\n<li>Le support en bois blanc et patchworks bleut\u00e9s: 40,5 cm X 10,5 cm, \u00e9paisseur 2 cm<\/li>\n<p>_x000D_n \t<\/p>\n<li>Chaque pat\u00e8re est d\u2019une hauteur de 9 cm<\/li>\n<p>_x000D_n \t<\/p>\n<li>Ecartement du support: 6,5 cm<\/li>\n<p>_x000D_n<\/ul>\n","protected":false},"excerpt":{"rendered":"<p>Ce porte-manteaux <strong>bois RETRO sur fond patchwork bleu<\/strong>\u00a0comportant 4 pat\u00e8res de la marque <em><strong>NESU<\/strong><\/em> est en bois et m\u00e9tal blanc. Il est \u00e0 poser dans l&rsquo;entr\u00e9e pour ne plus voir trainer ses affaires. Son\u00a0syst\u00e8me d&rsquo;accrochage est simple, au dos du support et non visible une fois pos\u00e9e sur le mur. Il\u00a0est original et de belle qualit\u00e9 en bois d\u00e9cor\u00e9 pour le support et en m\u00e9tal blanc pour les crochets pat\u00e8res qui peuvent servir de vestiaires.<\/p>\n","protected":false},"featured_media":2234,"comment_status":"closed","ping_status":"open","template":"","meta":[],"product_cat":[29,16,32],"product_tag":[25],"class_list":["post-596","product","type-product","status-publish","has-post-thumbnail","hentry","product_cat-chambre-adulte","product_cat-chambre-enfant","product_cat-entree-sejour","product_tag-crochet-patere-patere-design-patere-murale-patere-porte-pateres-porte-manteau-porte-serviette-porte-torchon-vestiaire","description-off"],"_links":{"self":[{"href":"https:\/\/roulettes.vaniseo.top\/index.php\/wp-json\/wp\/v2\/product\/596","targetHints":{"allow":["GET"]}}],"collection":[{"href":"https:\/\/roulettes.vaniseo.top\/index.php\/wp-json\/wp\/v2\/product"}],"about":[{"href":"https:\/\/roulettes.vaniseo.top\/index.php\/wp-json\/wp\/v2\/types\/product"}],"replies":[{"embeddable":true,"href":"https:\/\/roulettes.vaniseo.top\/index.php\/wp-json\/wp\/v2\/comments?post=596"}],"version-history":[{"count":0,"href":"https:\/\/roulettes.vaniseo.top\/index.php\/wp-json\/wp\/v2\/product\/596\/revisions"}],"wp:featuredmedia":[{"embeddable":true,"href":"https:\/\/roulettes.vaniseo.top\/index.php\/wp-json\/wp\/v2\/media\/2234"}],"wp:attachment":[{"href":"https:\/\/roulettes.vaniseo.top\/index.php\/wp-json\/wp\/v2\/media?parent=596"}],"wp:term":[{"taxonomy":"product_cat","embeddable":true,"href":"https:\/\/roulettes.vaniseo.top\/index.php\/wp-json\/wp\/v2\/product_cat?post=596"},{"taxonomy":"product_tag","embeddable":true,"href":"https:\/\/roulettes.vaniseo.top\/index.php\/wp-json\/wp\/v2\/product_tag?post=596"}],"curies":[{"name":"wp","href":"https:\/\/api.w.org\/{rel}","templated":true}]}}