{"id":597,"date":"2022-04-04T16:22:15","date_gmt":"2022-04-04T14:22:15","guid":{"rendered":"https:\/\/roulettes.vaniseo.top\/index.php\/produit\/porte-manteau-chambre-enfant-beige-et-4-boutons-animaux-illustres\/"},"modified":"2022-04-04T17:22:34","modified_gmt":"2022-04-04T15:22:34","slug":"porte-manteau-chambre-enfant-beige-et-4-boutons-animaux-illustres","status":"publish","type":"product","link":"https:\/\/roulettes.vaniseo.top\/index.php\/produit\/porte-manteau-chambre-enfant-beige-et-4-boutons-animaux-illustres\/","title":{"rendered":"Porte manteau chambre enfant beige et 4 boutons animaux illustr\u00e9s"},"content":{"rendered":"<h3>Patere chambre enfant 4 boutons animaux en plastique<\/h3>\n<p>_x000D_nUne fois n&rsquo;est pas coutume, d\u00e9couvrez chez <strong>NESU<\/strong> un nouveau style de <strong>porte manteau chambre enfant <\/strong>en plastique<strong> beige <\/strong>avec<strong> 4 boutons aux animaux illustr\u00e9s et color\u00e9s<\/strong>._x000D_n_x000D_nEn effet, <strong>1001 Pat\u00e8res<\/strong> s\u00e9lectionne <strong>partout dans le monde<\/strong> des designs originaux et vari\u00e9s de porte manteau et patere. Tous les <strong>designers<\/strong> choisis proposent un <strong>rapport qualit\u00e9 prix exemplaire<\/strong>. Ainsi, <strong>NESU<\/strong> ci-contre, est l&rsquo;une des <strong>marques les plus vendues<\/strong> sur ce <strong>site n\u00b01 en France<\/strong>. Il y en a vraiment pour toute la famille, pour la maison comme pour le bureau, gr\u00e2ce \u00e0 des <strong>styles vraiment vari\u00e9s.<\/strong>_x000D_n<\/p>\n<h3>Porte manteau chambre enfant aux boutons illustr\u00e9s de chez NESU<\/h3>\n<p>_x000D_nAinsi, ci-contre, le porte manteau chambre enfant est<strong> l&rsquo;un des premiers avec ce coloris beige<\/strong> et ces <strong>dessins d&rsquo;animaux color\u00e9s<\/strong>. Il\u00a0est <strong>original<\/strong> et de<strong> belle qualit\u00e9 en PVC<\/strong> pour le support et pour les pat\u00e8res._x000D_n_x000D_nIl \u00e9tait jusqu&rsquo;alors possible de choisir un porte manteau pour enfant:_x000D_n<\/p>\n<ul>_x000D_n \t<\/p>\n<li>En forme de ballons de <a href=\"https:\/\/1001pateres.com\/produit\/patere-ballons-de-football\/\">football<\/a> et de <a href=\"https:\/\/1001pateres.com\/produit\/patere-ballons-de-basket\/\">basketball<\/a><\/li>\n<p>_x000D_n \t<\/p>\n<li><a href=\"https:\/\/1001pateres.com\/produit\/patere-star-wars\/\">Star Wars blanc<\/a> et noir<\/li>\n<p>_x000D_n \t<\/p>\n<li>Aux boutons illustr\u00e9s layette <a href=\"https:\/\/1001pateres.com\/produit\/patere-bebe-4-boutons-rose\/\">rose<\/a> ou <a href=\"https:\/\/1001pateres.com\/produit\/patere-bebe-4-boutons-bleu\/\">bleu<\/a><\/li>\n<p>_x000D_n<\/ul>\n<p>_x000D_nD\u00e9sormais pour les pr\u00e9-ado, cette patere beige chaud viendra compl\u00e9ter une d\u00e9coration <strong>douce et moderne<\/strong>.\u00a0Les illustrations \u00e9tant rouge, orange, bleu et grise, vous n&rsquo;aurez <strong>aucun mal \u00e0 compl\u00e9ter une d\u00e9coration d\u00e9j\u00e0 \u00e9tablie<\/strong>. Privil\u00e9giez des <strong>tonalit\u00e9s de murs plut\u00f4t chaudes<\/strong> pour la valoriser._x000D_n_x000D_n&nbsp;_x000D_n<\/p>\n<h3>Comment fixer une patere chambre enfant en plastique au mur?<\/h3>\n<p>_x000D_nEnfin, pour la fixer, son<strong>\u00a0syst\u00e8me d&rsquo;accrochage<\/strong> est simple, au dos du support et <strong>non visible une fois pos\u00e9e<\/strong> sur le mur. Munissez vous de votre perceuse, et prenez les vis et chevilles inclus. Voici ses <strong>dimensions<\/strong>:_x000D_n<\/p>\n<ul>_x000D_n \t<\/p>\n<li>Support beige: 41 cm X 6 cm, \u00e9paisseur 1,5 cm<\/li>\n<p>_x000D_n \t<\/p>\n<li>Pat\u00e8re bouton illustr\u00e9e: 4 cm, diam\u00e8tre 5 cm<\/li>\n<p>_x000D_n<\/ul>\n<p>_x000D_nN&rsquo;h\u00e9sitez pas \u00e0 nous contacter pour profiter de nos conseils professionnels d&rsquo;exp\u00e9rience, en nous contactant via la page <a href=\"https:\/\/1001pateres.com\/contactez-nous\/\">Contact<\/a>. Nous pourrons aussi r\u00e9aliser pour vous un devis sp\u00e9cial en fonction des quantit\u00e9s recherch\u00e9es.<\/p>\n","protected":false},"excerpt":{"rendered":"<p>Ce porte-manteaux <strong>boutons ANIMAUX\u00a0<\/strong>comportant 4 pat\u00e8res de la marque <em><strong>NESU<\/strong><\/em> est en plastique r\u00e9sistant. Il est \u00e0 poser partout dans la<em> chambre des enfants<\/em> pour ne plus voir trainer ses affaires. Son\u00a0syst\u00e8me d&rsquo;accrochage est simple, au dos du support et non visible une fois pos\u00e9e sur le mur. Il\u00a0est original et de belle qualit\u00e9 en PVC pour le support et pour les pat\u00e8res.<\/p>\n","protected":false},"featured_media":2235,"comment_status":"closed","ping_status":"open","template":"","meta":[],"product_cat":[16],"product_tag":[25],"class_list":["post-597","product","type-product","status-publish","has-post-thumbnail","hentry","product_cat-chambre-enfant","product_tag-crochet-patere-patere-design-patere-murale-patere-porte-pateres-porte-manteau-porte-serviette-porte-torchon-vestiaire","description-off"],"_links":{"self":[{"href":"https:\/\/roulettes.vaniseo.top\/index.php\/wp-json\/wp\/v2\/product\/597","targetHints":{"allow":["GET"]}}],"collection":[{"href":"https:\/\/roulettes.vaniseo.top\/index.php\/wp-json\/wp\/v2\/product"}],"about":[{"href":"https:\/\/roulettes.vaniseo.top\/index.php\/wp-json\/wp\/v2\/types\/product"}],"replies":[{"embeddable":true,"href":"https:\/\/roulettes.vaniseo.top\/index.php\/wp-json\/wp\/v2\/comments?post=597"}],"version-history":[{"count":0,"href":"https:\/\/roulettes.vaniseo.top\/index.php\/wp-json\/wp\/v2\/product\/597\/revisions"}],"wp:featuredmedia":[{"embeddable":true,"href":"https:\/\/roulettes.vaniseo.top\/index.php\/wp-json\/wp\/v2\/media\/2235"}],"wp:attachment":[{"href":"https:\/\/roulettes.vaniseo.top\/index.php\/wp-json\/wp\/v2\/media?parent=597"}],"wp:term":[{"taxonomy":"product_cat","embeddable":true,"href":"https:\/\/roulettes.vaniseo.top\/index.php\/wp-json\/wp\/v2\/product_cat?post=597"},{"taxonomy":"product_tag","embeddable":true,"href":"https:\/\/roulettes.vaniseo.top\/index.php\/wp-json\/wp\/v2\/product_tag?post=597"}],"curies":[{"name":"wp","href":"https:\/\/api.w.org\/{rel}","templated":true}]}}