{"id":598,"date":"2022-04-04T16:22:15","date_gmt":"2022-04-04T14:22:15","guid":{"rendered":"https:\/\/roulettes.vaniseo.top\/index.php\/produit\/patere-bois-de-pins-3-accroches-champignons-de-couleur-noyer\/"},"modified":"2022-04-04T17:22:34","modified_gmt":"2022-04-04T15:22:34","slug":"patere-bois-de-pins-3-accroches-champignons-de-couleur-noyer","status":"publish","type":"product","link":"https:\/\/roulettes.vaniseo.top\/index.php\/produit\/patere-bois-de-pins-3-accroches-champignons-de-couleur-noyer\/","title":{"rendered":"Patere bois de pins 3 accroches champignons de couleur noyer"},"content":{"rendered":"<h3>Porte manteau en bois de pins avec 3 boutons couleur noyer NESU<\/h3>\n<p>_x000D_nEnvie d&rsquo;un <strong>esprit chalet \u00e0 la maison<\/strong>? Renforcez le <strong>c\u00f4t\u00e9 bois chaleureux<\/strong> gr\u00e2ce \u00e0 l&rsquo;ajout d&rsquo;une <strong>patere bois de pins<\/strong> et ses <strong>3 accroches champignons de couleur noyer<\/strong>.\u00a0Attention, la couleur noyer peut \u00eatre plus ou moins fonc\u00e9 par rapport \u00e0 la photo._x000D_n_x000D_nEn effet, dans la marque <a href=\"https:\/\/1001pateres.com\/brand\/nesu\/\"><strong>NESU<\/strong><\/a>, s\u00e9lectionn\u00e9e par <strong>1001 Pat\u00e8res<\/strong> pour son<strong> site de vente en ligne de pat\u00e8res n\u00b01 en France<\/strong>, d\u00e9couvrez plus d&rsquo;une <strong>cinquantaine de r\u00e9f\u00e9rences aux styles vari\u00e9s<\/strong>. C&rsquo;est l&rsquo;une des marques les plus vendues ici._x000D_n_x000D_nIci, le <strong>style<\/strong> est <strong>rustique<\/strong>, <strong>traditionnel<\/strong> mais <strong>chaleureux<\/strong> et <strong>passe partout.<\/strong>\u00a0L&rsquo;avantage du bois de pins est sa <strong>robustesse<\/strong>. Le coloris noyer est toujours plut\u00f4t fonc\u00e9 et renforce un c\u00f4t\u00e9 cosy, tout en restant <strong>discret<\/strong> et assez <strong>classique<\/strong>._x000D_n_x000D_nPar ailleurs, retrouvez \u00e9galement ce style mais dans des coloris <a href=\"https:\/\/1001pateres.com\/produit\/patere-bois-3-crochets-pin-blanc\/\">vernis blanc 3 crochets<\/a>\u00a0et <a href=\"https:\/\/1001pateres.com\/produit\/patere-bois-de-pins-4-crochets-blancs\/\">4 crochets<\/a>, 3 boutons vernis <a href=\"https:\/\/1001pateres.com\/produit\/patere-bois-3-crochets-pin-verni-miel\/\">miel<\/a> ou <a href=\"https:\/\/1001pateres.com\/produit\/patere-bois-3-crochets-pin-verni-naturel\/\">naturel<\/a>._x000D_n_x000D_n&nbsp;_x000D_n<\/p>\n<h3>Installer une patere bois de pins au mur NESU<\/h3>\n<p>_x000D_nPour le fixer au mur, il n&rsquo;y aura rien de plus simple. Alors pas besoin d&rsquo;\u00eatre un fin bricoleur pour se voir utiliser ce porte manteau au quotidien chez vous!\u00a0Vous constaterez que le <strong>syst\u00e8me d&rsquo;accrochage<\/strong> est\u00a0<strong>basique<\/strong>. Vous n&rsquo;aurez qu&rsquo;\u00e0 <strong>la visser au mur.<\/strong>_x000D_n_x000D_nPrenez seulement quelques minutes pour v\u00e9rifier que les dimensions du produit conviennent avec celles du pan de mur sur lequel vous pr\u00e9voyez de l&rsquo;installer. Voici d&rsquo;ailleurs les <strong>dimensions<\/strong> de cette patere bois de pins ci dessous:_x000D_n<\/p>\n<ul>_x000D_n \t<\/p>\n<li>Le support rectangulaire en bois de pins couleur noyer: 37 cm X 5 cm, \u00e9paisseur 1,8 cm<\/li>\n<p>_x000D_n \t<\/p>\n<li>Pat\u00e8re en forme de champignons, de diam\u00e8tre unitaire: 4 cm<\/li>\n<p>_x000D_n \t<\/p>\n<li>Ecartement du support: 5,5 cm<\/li>\n<p>_x000D_n<\/ul>\n<p>_x000D_nN&rsquo;h\u00e9sitez pas \u00e0 prendre contact avec l&rsquo;\u00e9quipe 1001 Pat\u00e8res pour toute question sp\u00e9cifique ou pour une demande devis en d&rsquo;importantes quantit\u00e9s. Pour cela, le formulaire vous attend sur notre page <a href=\"https:\/\/1001pateres.com\/contactez-nous\/\">Contact<\/a> de ce site.<\/p>\n","protected":false},"excerpt":{"rendered":"<p>Ce porte-manteaux\u00a0<strong>bois 3 crochets pin noyer<\/strong>\u00a0comportant 3 pat\u00e8res de la marque <em><strong>NESU<\/strong><\/em> est en bois de couleur noyer. Il est \u00e0 poser dans l&rsquo;entr\u00e9e pour ne plus voir trainer ses affaires. Son\u00a0syst\u00e8me d&rsquo;accrochage est simple, viss\u00e9 au mur. Il\u00a0est de belle qualit\u00e9 en pin noyer avec un verni transparent fait pour durer.<\/p>\n","protected":false},"featured_media":2236,"comment_status":"closed","ping_status":"open","template":"","meta":[],"product_cat":[20,32,30,17],"product_tag":[25],"class_list":["post-598","product","type-product","status-publish","has-post-thumbnail","hentry","product_cat-cuisine","product_cat-entree-sejour","product_cat-garage-cellier","product_cat-salle-de-bain","product_tag-crochet-patere-patere-design-patere-murale-patere-porte-pateres-porte-manteau-porte-serviette-porte-torchon-vestiaire","description-off"],"_links":{"self":[{"href":"https:\/\/roulettes.vaniseo.top\/index.php\/wp-json\/wp\/v2\/product\/598","targetHints":{"allow":["GET"]}}],"collection":[{"href":"https:\/\/roulettes.vaniseo.top\/index.php\/wp-json\/wp\/v2\/product"}],"about":[{"href":"https:\/\/roulettes.vaniseo.top\/index.php\/wp-json\/wp\/v2\/types\/product"}],"replies":[{"embeddable":true,"href":"https:\/\/roulettes.vaniseo.top\/index.php\/wp-json\/wp\/v2\/comments?post=598"}],"version-history":[{"count":0,"href":"https:\/\/roulettes.vaniseo.top\/index.php\/wp-json\/wp\/v2\/product\/598\/revisions"}],"wp:featuredmedia":[{"embeddable":true,"href":"https:\/\/roulettes.vaniseo.top\/index.php\/wp-json\/wp\/v2\/media\/2236"}],"wp:attachment":[{"href":"https:\/\/roulettes.vaniseo.top\/index.php\/wp-json\/wp\/v2\/media?parent=598"}],"wp:term":[{"taxonomy":"product_cat","embeddable":true,"href":"https:\/\/roulettes.vaniseo.top\/index.php\/wp-json\/wp\/v2\/product_cat?post=598"},{"taxonomy":"product_tag","embeddable":true,"href":"https:\/\/roulettes.vaniseo.top\/index.php\/wp-json\/wp\/v2\/product_tag?post=598"}],"curies":[{"name":"wp","href":"https:\/\/api.w.org\/{rel}","templated":true}]}}