{"id":599,"date":"2022-04-04T16:22:15","date_gmt":"2022-04-04T14:22:15","guid":{"rendered":"https:\/\/roulettes.vaniseo.top\/index.php\/produit\/porte-manteau-mural-en-pins-et-3-pateres-boules-blanches-decapees\/"},"modified":"2022-04-04T17:22:34","modified_gmt":"2022-04-04T15:22:34","slug":"porte-manteau-mural-en-pins-et-3-pateres-boules-blanches-decapees","status":"publish","type":"product","link":"https:\/\/roulettes.vaniseo.top\/index.php\/produit\/porte-manteau-mural-en-pins-et-3-pateres-boules-blanches-decapees\/","title":{"rendered":"Porte manteau mural en pins et 3 pat\u00e8res boules blanches d\u00e9cap\u00e9es"},"content":{"rendered":"<h3>Patere bois de pins avec 3 crochets boules peint en blanc vieilli<\/h3>\n<p>_x000D_nD\u00e9couvrez avec la marque <strong>NESU<\/strong>, le classique rustique <strong>porte manteau mural en pins et ses 3 pat\u00e8res boules blanches<\/strong> d\u00e9cap\u00e9es. En effet, sur votre <strong>boutique en ligne n\u00b01 en France de pat\u00e8res, 1001 Pat\u00e8res<\/strong>, trouvez absolument tous les styles, au meilleur prix!_x000D_n_x000D_nAinsi, ici, d\u00e9couvrez l&rsquo;ensemble des <strong>informations techniques<\/strong> de cette pat\u00e8re traditionnelle blanche._x000D_n_x000D_nTout d&rsquo;abord, <a href=\"https:\/\/1001pateres.com\/brand\/nesu\">NESU<\/a> est l&rsquo;une des marques les plus pl\u00e9biscit\u00e9es sur ce site. Avec plus d&rsquo;une cinquantaine de r\u00e9f\u00e9rences diff\u00e9rentes disponibles, vous avez l&#8217;embarras du choix et des styles <strong>pour toute la famille<\/strong> et <strong>toutes les pi\u00e8ces<\/strong> de la <strong>maison<\/strong> ou de votre <strong>entreprise<\/strong>._x000D_n_x000D_n&nbsp;_x000D_n<\/p>\n<h3>Porte manteau mural en pins et ses 3 pat\u00e8res boules peint en blanc vieilli<\/h3>\n<p>_x000D_nAinsi, ci-contre, cette r\u00e9f\u00e9rence est donc <strong>en bois de pins<\/strong>. Son support est un <strong>rectangle fin<\/strong>, et ses <strong>3<\/strong> crochets sont des <strong>embouts type champignons arrondis<\/strong>._x000D_n_x000D_nSur ce site, d\u00e9couvrez donc non seulement celle-ci en blanc vieilli <strong>en 3 boules mais aussi en <a href=\"https:\/\/1001pateres.com\/produit\/patere-bois-de-pins-4-crochets-blancs\/\">4 boules<\/a><\/strong> mais aussi les\u00a0versions <a href=\"https:\/\/1001pateres.com\/produit\/patere-bois-3-crochets-pin-blanc\/\">blanc laqu\u00e9e<\/a>, <a href=\"https:\/\/1001pateres.com\/produit\/patere-bois-3-crochets-pin-verni-miel\/\">vernis miel<\/a>, et\u00a0<a href=\"https:\/\/1001pateres.com\/produit\/patere-bois-3-crochets-pin-verni-naturel\/\">vernis naturel<\/a>._x000D_n_x000D_n&nbsp;_x000D_n<\/p>\n<h3>Comment fixer au mur une pat\u00e8re murale classique en pins \u00e0 3 crochets?<\/h3>\n<p>_x000D_nTout d&rsquo;abord, l&rsquo;ensemble de la collection NESU<strong> inclut vis et chevilles n\u00e9cessaires<\/strong> \u00e0 sa fixation. Il vous suffit donc de disposer d&rsquo;une perceuse._x000D_n_x000D_nPar ailleurs, il est essentiel de comparer les dimensions de l&rsquo;espace allou\u00e9 \u00e0 chacune de vos pat\u00e8res \u00e0 celles de la r\u00e9f\u00e9rence sp\u00e9cifique choisie. Ainsi, ici, les <strong>dimensions<\/strong> de celles-ci sont:_x000D_n<\/p>\n<ul>_x000D_n \t<\/p>\n<li>Un support rectangulaire de 36 cm X 5 cm, \u00e9paisseur 1,8 cm<\/li>\n<p>_x000D_n \t<\/p>\n<li>Chaque pat\u00e8re en forme de champignon offre un diam\u00e8tre de 4 cm,<\/li>\n<p>_x000D_n \t<\/p>\n<li>Ecartement du support: 5,5 cm<\/li>\n<p>_x000D_n<\/ul>\n<p>_x000D_nIl est certains que vous n&rsquo;aurez donc aucune difficult\u00e9 \u00e0 <strong>le fixer au mur rapidement<\/strong>. <strong>Rangement et clart\u00e9<\/strong> sont ses promesses produits. Avec un <strong>style aussi classique et passe partout<\/strong>, il sera facile de d\u00e9finir un autre dans lequel il se fondra et se fera oublier. Privil\u00e9giez \u00e9videmment un <strong>mur blanc<\/strong>.<\/p>\n","protected":false},"excerpt":{"rendered":"<p>Ce porte-manteaux\u00a0<strong>bois 3 crochets pin blanc vieilli<\/strong>\u00a0comportant 3 pat\u00e8res de la marque <em><strong>NESU<\/strong><\/em> est en bois de couleur blanc d\u00e9cap\u00e9. Il est \u00e0 poser dans l&rsquo;entr\u00e9e pour ne plus voir trainer ses affaires. Son\u00a0syst\u00e8me d&rsquo;accrochage est simple, viss\u00e9 au mur. Il\u00a0est de belle qualit\u00e9 en pin blanc avec un verni transparent fait pour durer.<\/p>\n","protected":false},"featured_media":2237,"comment_status":"closed","ping_status":"open","template":"","meta":[],"product_cat":[20,32,30,17],"product_tag":[25],"class_list":["post-599","product","type-product","status-publish","has-post-thumbnail","hentry","product_cat-cuisine","product_cat-entree-sejour","product_cat-garage-cellier","product_cat-salle-de-bain","product_tag-crochet-patere-patere-design-patere-murale-patere-porte-pateres-porte-manteau-porte-serviette-porte-torchon-vestiaire","description-off"],"_links":{"self":[{"href":"https:\/\/roulettes.vaniseo.top\/index.php\/wp-json\/wp\/v2\/product\/599","targetHints":{"allow":["GET"]}}],"collection":[{"href":"https:\/\/roulettes.vaniseo.top\/index.php\/wp-json\/wp\/v2\/product"}],"about":[{"href":"https:\/\/roulettes.vaniseo.top\/index.php\/wp-json\/wp\/v2\/types\/product"}],"replies":[{"embeddable":true,"href":"https:\/\/roulettes.vaniseo.top\/index.php\/wp-json\/wp\/v2\/comments?post=599"}],"version-history":[{"count":0,"href":"https:\/\/roulettes.vaniseo.top\/index.php\/wp-json\/wp\/v2\/product\/599\/revisions"}],"wp:featuredmedia":[{"embeddable":true,"href":"https:\/\/roulettes.vaniseo.top\/index.php\/wp-json\/wp\/v2\/media\/2237"}],"wp:attachment":[{"href":"https:\/\/roulettes.vaniseo.top\/index.php\/wp-json\/wp\/v2\/media?parent=599"}],"wp:term":[{"taxonomy":"product_cat","embeddable":true,"href":"https:\/\/roulettes.vaniseo.top\/index.php\/wp-json\/wp\/v2\/product_cat?post=599"},{"taxonomy":"product_tag","embeddable":true,"href":"https:\/\/roulettes.vaniseo.top\/index.php\/wp-json\/wp\/v2\/product_tag?post=599"}],"curies":[{"name":"wp","href":"https:\/\/api.w.org\/{rel}","templated":true}]}}