{"id":600,"date":"2022-04-04T16:22:15","date_gmt":"2022-04-04T14:22:15","guid":{"rendered":"https:\/\/roulettes.vaniseo.top\/index.php\/produit\/patere-en-bois-noir-mat-et-4-crochets-doubles-en-metal-noir\/"},"modified":"2022-04-04T17:22:35","modified_gmt":"2022-04-04T15:22:35","slug":"patere-en-bois-noir-mat-et-4-crochets-doubles-en-metal-noir","status":"publish","type":"product","link":"https:\/\/roulettes.vaniseo.top\/index.php\/produit\/patere-en-bois-noir-mat-et-4-crochets-doubles-en-metal-noir\/","title":{"rendered":"Pat\u00e8re en bois noir mat et 4 crochets doubles en m\u00e9tal noir"},"content":{"rendered":"<h3>Porte manteau noir mat avec 4 crochets doubles en m\u00e9tal noir<\/h3>\n<p>_x000D_n<strong>1001 Pat\u00e8res<\/strong> vous pr\u00e9sente l&rsquo;une des derni\u00e8res pat\u00e8res mise en vente de chez <strong>NESU<\/strong>. Il s&rsquo;agit d&rsquo;une <strong>pat\u00e8re en bois noir mat<\/strong> et ses <strong>4 petits crochets doubles en m\u00e9tal noir<\/strong>.\u00a0D\u00e9couvrez donc ci dessous l&rsquo;ensemble de ses informations techniques sp\u00e9cifiques._x000D_n_x000D_nMais tout d&rsquo;abord, revenons 3 secondes sur<strong> 1001 Pat\u00e8res.<\/strong> La boutique en ligne est aujourd&rsquo;hui la <strong>N\u00b01 en France des ventes de pat\u00e8res et porte manteaux<\/strong>. Elle s\u00e9lectionne depuis des ann\u00e9es les meilleures marques internationales proposant non seulement des designs vari\u00e9s mais en plus, un rapport qualit\u00e9 prix exceptionnel. C&rsquo;est aussi le cas ci-contre avec <strong>NESU<\/strong>. C&rsquo;est l&rsquo;une des <strong>marques les plus vendues de ce site<\/strong>. 1001 Pat\u00e8res propose donc aujourd&rsquo;hui plus d&rsquo;une cinquantaine de mod\u00e8les. Tous reprennent la m\u00eame logique d&rsquo;une<strong> rectangle en bois<\/strong> (parfois en m\u00e9tal) avec <strong>4 crochets<\/strong> fix\u00e9s dessus._x000D_n_x000D_n&nbsp;_x000D_n<\/p>\n<h3>Pat\u00e8re en bois noir mat et 4 crochets doubles en m\u00e9tal noir<\/h3>\n<p>_x000D_nDe ce fait, ici, ce <strong>porte manteau noir mat<\/strong> est aussi fait de <strong>bois<\/strong> et offre <strong>4 petits crochets doubles noirs en m\u00e9tal.<\/strong> Leurs <strong>embouts boules<\/strong> permettent de maintenir les accessoires suspendues et de ne pas marquer les v\u00eatements._x000D_n_x000D_nDans le m\u00eame esprit, en <strong>total look noir,<\/strong> retrouvez aussi les <strong>mod\u00e8les<\/strong> <a href=\"https:\/\/1001pateres.com\/produit\/porte-manteau-bois-noir-et-4-crochets-metal-noir-mat\/\">Porte manteau bois noir et 4 crochets m\u00e9tal noir mat<\/a>\u00a0et un autre en <a href=\"https:\/\/1001pateres.com\/produit\/patere-cuir-noir-4-crochets-chromes\/\">cuir noir et 4 crochets chrom\u00e9s<\/a>._x000D_n_x000D_nEnfin, <strong>avec ces m\u00eames petits crochets vintages<\/strong>, 1001 Pat\u00e8res propose chez NESU \u00e9galement les pat\u00e8res suivantes:_x000D_n<\/p>\n<ul>_x000D_n \t<\/p>\n<li><a href=\"https:\/\/1001pateres.com\/produit\/patere-teck-vieilli-4-crochets-metal-noir\/\">Bois teck vieilli et crochets noirs<\/a><\/li>\n<p>_x000D_n \t<\/p>\n<li><a href=\"https:\/\/1001pateres.com\/produit\/patere-bois-blanc-4-crochets-blanc-sur-fond-patchwork-lilas\/\">En bois blanc et patchworks lilas + 4 crochets blancs<\/a><\/li>\n<p>_x000D_n \t<\/p>\n<li><a href=\"https:\/\/1001pateres.com\/produit\/patere-bois-blanc-papillons-rose\/\">Bois blanc imprim\u00e9 patchwork rose et blanc<\/a><\/li>\n<p>_x000D_n \t<\/p>\n<li><a href=\"https:\/\/1001pateres.com\/produit\/patere-bois-blanc-vielli-crochets-acier-vintage\/\">Blanche vintage \u00e0 4 crochets argent\u00e9s<\/a><\/li>\n<p>_x000D_n \t<\/p>\n<li><a href=\"https:\/\/1001pateres.com\/produit\/patere-en-bois-blanc-4-crochets-metal-blanc\/\">En bois blanc et 4 crochets m\u00e9tal blanc<\/a><\/li>\n<p>_x000D_n \t<\/p>\n<li><a href=\"https:\/\/1001pateres.com\/produit\/patere-metal-blanc-sur-support-imprime-amandiers-en-fleurs-en-bois\/\">M\u00e9tal blanc sur support imprim\u00e9 amandiers en fleurs en bois<\/a><\/li>\n<p>_x000D_n \t<\/p>\n<li><a href=\"https:\/\/1001pateres.com\/produit\/patere-bois-vieilli-4-crochets-cantonniere\/\">Bois et m\u00e9tal vieillis 4 crochets cantonni\u00e8re<\/a><\/li>\n<p>_x000D_n<\/ul>\n<p>_x000D_n&nbsp;_x000D_n<\/p>\n<h3>Installer la pat\u00e8re noire NESU au mur<\/h3>\n<p>_x000D_nPour finir, c\u00f4t\u00e9 <strong>installation<\/strong>, vis et chevilles sont fournies. Pensez \u00e0 disposer d&rsquo;une perceuse. La fixer sera vraiment facile, et le syst\u00e8me de fixation sera invisible une fois termin\u00e9. Voici ses <strong>dimensions<\/strong>:_x000D_n<\/p>\n<ul>_x000D_n \t<\/p>\n<li>Support en bois: 40 cm X 7 cm<\/li>\n<p>_x000D_n \t<\/p>\n<li>Crochets m\u00e9tal: 9,5 cm<\/li>\n<p>_x000D_n \t<\/p>\n<li>Ecartement du mur: 8,5 cm<\/li>\n<p>_x000D_n<\/ul>\n","protected":false},"excerpt":{"rendered":"<p>Ce porte-manteaux design pour l&rsquo;<strong>ENTREE<\/strong> comportant 4 pat\u00e8res doubles en m\u00e9tal noir mat de la marque <em><strong>NESU<\/strong><\/em> est en bois noir avec les crochets en m\u00e9tal. Il est \u00e0 poser partout dans la maison pour ne plus voir trainer ses affaires.\u00a0Son\u00a0syst\u00e8me d&rsquo;accrochage est simple, Les fixations au dos sont non visibles une fois pos\u00e9e sur le mur. Il est\u00a0original et de belle qualit\u00e9, en m\u00e9tal noir mat et en bois noir mat.<\/p>\n","protected":false},"featured_media":2238,"comment_status":"closed","ping_status":"open","template":"","meta":[],"product_cat":[29,20,32,17],"product_tag":[25],"class_list":["post-600","product","type-product","status-publish","has-post-thumbnail","hentry","product_cat-chambre-adulte","product_cat-cuisine","product_cat-entree-sejour","product_cat-salle-de-bain","product_tag-crochet-patere-patere-design-patere-murale-patere-porte-pateres-porte-manteau-porte-serviette-porte-torchon-vestiaire","description-off"],"_links":{"self":[{"href":"https:\/\/roulettes.vaniseo.top\/index.php\/wp-json\/wp\/v2\/product\/600","targetHints":{"allow":["GET"]}}],"collection":[{"href":"https:\/\/roulettes.vaniseo.top\/index.php\/wp-json\/wp\/v2\/product"}],"about":[{"href":"https:\/\/roulettes.vaniseo.top\/index.php\/wp-json\/wp\/v2\/types\/product"}],"replies":[{"embeddable":true,"href":"https:\/\/roulettes.vaniseo.top\/index.php\/wp-json\/wp\/v2\/comments?post=600"}],"version-history":[{"count":0,"href":"https:\/\/roulettes.vaniseo.top\/index.php\/wp-json\/wp\/v2\/product\/600\/revisions"}],"wp:featuredmedia":[{"embeddable":true,"href":"https:\/\/roulettes.vaniseo.top\/index.php\/wp-json\/wp\/v2\/media\/2238"}],"wp:attachment":[{"href":"https:\/\/roulettes.vaniseo.top\/index.php\/wp-json\/wp\/v2\/media?parent=600"}],"wp:term":[{"taxonomy":"product_cat","embeddable":true,"href":"https:\/\/roulettes.vaniseo.top\/index.php\/wp-json\/wp\/v2\/product_cat?post=600"},{"taxonomy":"product_tag","embeddable":true,"href":"https:\/\/roulettes.vaniseo.top\/index.php\/wp-json\/wp\/v2\/product_tag?post=600"}],"curies":[{"name":"wp","href":"https:\/\/api.w.org\/{rel}","templated":true}]}}