{"id":601,"date":"2022-04-04T16:22:15","date_gmt":"2022-04-04T14:22:15","guid":{"rendered":"https:\/\/roulettes.vaniseo.top\/index.php\/produit\/porte-serviette-cuisine-metallique-breakfast-4-crochets-porcelaine\/"},"modified":"2022-04-04T17:22:35","modified_gmt":"2022-04-04T15:22:35","slug":"porte-serviette-cuisine-metallique-breakfast-4-crochets-porcelaine","status":"publish","type":"product","link":"https:\/\/roulettes.vaniseo.top\/index.php\/produit\/porte-serviette-cuisine-metallique-breakfast-4-crochets-porcelaine\/","title":{"rendered":"Porte serviette cuisine m\u00e9tallique breakfast 4 crochets porcelaine"},"content":{"rendered":"<h3>Porte manteau m\u00e9tal noir avec imprim\u00e9s petit d\u00e9jeuner et 4 crochets en porcelaine NESU<\/h3>\n<p>_x000D_nDirection les <strong>Etats Unis<\/strong> pour un <strong>d\u00e9jeuner plein de tonus<\/strong>, dans votre <strong>cuisine<\/strong>! Ce <strong>porte serviette cuisine m\u00e9tallique breakfast<\/strong> nous plonge dans une <strong>ambiance motel am\u00e9ricain<\/strong>. La marque <a href=\"https:\/\/1001pateres.com\/brand\/nesu\">NESU<\/a> joue la carte du style jusqu&rsquo;au bout avec <strong>4 crochets en porcelaine, tiges noires et boutons beiges<\/strong>._x000D_n_x000D_nD\u00e9couvrez ci dessous toutes les informations techniques et d\u00e9coratives de cette pat\u00e8re._x000D_n_x000D_n&nbsp;_x000D_n<\/p>\n<h3>1001 Pat\u00e8res choisit encore une fois la marque NESU<\/h3>\n<p>_x000D_nTout d&rsquo;abord, il s&rsquo;agit encorne fois chez 1001 Par\u00e8res, de la marque NESU. En effet, notre boutique en ligne est <strong>n\u00b01 en France de la vente de porte manteaux<\/strong> issus de <strong>marques internationales<\/strong>. Avec <strong>NESU<\/strong>, l&rsquo;esprit est soit un r<strong>ectangle en bois, soit en m\u00e9tal<\/strong> (comme ici) avec <strong>4 crochets adapt\u00e9s<\/strong>._x000D_n_x000D_nAinsi, ci-contre chaque <strong>crochet \u00e0 tige noire et embout porcelaine<\/strong>, dispose d&rsquo;une <strong>image sp\u00e9cifique<\/strong> dans la th\u00e9matique anglophone du<strong> petit d\u00e9jeuner<\/strong>. L&rsquo;ensemble est fix\u00e9 sur un<strong> support m\u00e9tallique noir<\/strong>. La premi\u00e8re image en partant de gauche est une inscription \u00ab\u00a0<strong>Orange Juice<\/strong>\u00ab\u00a0. La seconde inscrit \u00ab\u00a0<strong>Iced Coffee<\/strong>\u00ab\u00a0. La troisi\u00e8me propose \u00ab\u00a0<strong>Pastries<\/strong>\u00ab\u00a0. Enfin, la derni\u00e8re est \u00ab\u00a0<strong>Welcome to Paradise<\/strong>\u00ab\u00a0._x000D_n_x000D_nL&rsquo;harmonie des <strong>couleurs est tr\u00e8s californiennes<\/strong>: vert anis, vert bleut\u00e9, orang\u00e9s&#8230; Vous adorerez ce porte serviette cuisine m\u00e9tallique pour une a<strong>mbiance \u00e0 la fois vintage et bord de mer!<\/strong>_x000D_n_x000D_n&nbsp;_x000D_n<\/p>\n<h3>Installation et fixation du porte serviette cuisine m\u00e9tallique breakfast<\/h3>\n<p>_x000D_nC\u00f4t\u00e9 <strong>installation<\/strong>, n&rsquo;oubliez pas de tenir compte de ses dimensions afin qu&rsquo;elles concordent bien \u00e0 celles du pan de mur l&rsquo;accueillant. Ses <strong>dimensions<\/strong> sont de:_x000D_n<\/p>\n<ul>_x000D_n \t<\/p>\n<li>Le support en acier peint: 40 cm X 15,5 cm<\/li>\n<p>_x000D_n \t<\/p>\n<li>Ecartement du mur: 7 cm<\/li>\n<p>_x000D_n<\/ul>\n<p>_x000D_nC\u00f4t\u00e9 fixation, l\u00e0 encore, rien de plus simple. Les <strong>fixations<\/strong> sur pattes au dos sont <strong>non visibles<\/strong> une fois pos\u00e9e sur le mur. Les <strong>vis et chevilles sont incluses.<\/strong> Bien s\u00fbr, sa pose n\u00e9cessite l\u2019usage d\u2019une perceuse._x000D_n_x000D_nEnfin, dans le m\u00eame esprit, NESU a d\u00e9j\u00e0 d\u00e9sign\u00e9 des porte serviettes dans les th\u00e9matiques suivantes:_x000D_n<\/p>\n<ul>_x000D_n \t<\/p>\n<li><a href=\"https:\/\/1001pateres.com\/produit\/patere-vintage-cuisine-food\/\">Cuisine<\/a><\/li>\n<p>_x000D_n \t<\/p>\n<li><a href=\"https:\/\/1001pateres.com\/produit\/patere-garage-voitures-americaines\/\">Garage<\/a><\/li>\n<p>_x000D_n \t<\/p>\n<li><a href=\"https:\/\/1001pateres.com\/produit\/patere-vintage-new-york\/\">New York<\/a><\/li>\n<p>_x000D_n \t<\/p>\n<li><a href=\"https:\/\/1001pateres.com\/produit\/patere-vintage-motos-riders\/\">Motos Riders<\/a><\/li>\n<p>_x000D_n \t<\/p>\n<li><a href=\"https:\/\/1001pateres.com\/produit\/patere-vintage-surf-california\/\">Surf California<\/a><\/li>\n<p>_x000D_n<\/ul>\n","protected":false},"excerpt":{"rendered":"<p>Ce porte-manteaux pour la\u00a0<strong>cuisine<\/strong> comportant 4 pat\u00e8res de la marque <em><strong>NESU<\/strong><\/em> est en m\u00e9tal imprim\u00e9 vintage BREAKFAST comporte des embouts en c\u00e9ramique pour ne pas abimer les v\u00eatements. Il est \u00e0 poser partout dans la maison pour ne plus voir trainer ses affaires. Son syst\u00e8me d&rsquo;accrochage est simple, des fixations sur pattes invisibles une fois pos\u00e9e sur le mur. Il est\u00a0original et de belle qualit\u00e9, en acier imprim\u00e9.<\/p>\n","protected":false},"featured_media":2239,"comment_status":"closed","ping_status":"open","template":"","meta":[],"product_cat":[29,16,20,32,30],"product_tag":[25],"class_list":["post-601","product","type-product","status-publish","has-post-thumbnail","hentry","product_cat-chambre-adulte","product_cat-chambre-enfant","product_cat-cuisine","product_cat-entree-sejour","product_cat-garage-cellier","product_tag-crochet-patere-patere-design-patere-murale-patere-porte-pateres-porte-manteau-porte-serviette-porte-torchon-vestiaire","description-off"],"_links":{"self":[{"href":"https:\/\/roulettes.vaniseo.top\/index.php\/wp-json\/wp\/v2\/product\/601","targetHints":{"allow":["GET"]}}],"collection":[{"href":"https:\/\/roulettes.vaniseo.top\/index.php\/wp-json\/wp\/v2\/product"}],"about":[{"href":"https:\/\/roulettes.vaniseo.top\/index.php\/wp-json\/wp\/v2\/types\/product"}],"replies":[{"embeddable":true,"href":"https:\/\/roulettes.vaniseo.top\/index.php\/wp-json\/wp\/v2\/comments?post=601"}],"version-history":[{"count":0,"href":"https:\/\/roulettes.vaniseo.top\/index.php\/wp-json\/wp\/v2\/product\/601\/revisions"}],"wp:featuredmedia":[{"embeddable":true,"href":"https:\/\/roulettes.vaniseo.top\/index.php\/wp-json\/wp\/v2\/media\/2239"}],"wp:attachment":[{"href":"https:\/\/roulettes.vaniseo.top\/index.php\/wp-json\/wp\/v2\/media?parent=601"}],"wp:term":[{"taxonomy":"product_cat","embeddable":true,"href":"https:\/\/roulettes.vaniseo.top\/index.php\/wp-json\/wp\/v2\/product_cat?post=601"},{"taxonomy":"product_tag","embeddable":true,"href":"https:\/\/roulettes.vaniseo.top\/index.php\/wp-json\/wp\/v2\/product_tag?post=601"}],"curies":[{"name":"wp","href":"https:\/\/api.w.org\/{rel}","templated":true}]}}