{"id":602,"date":"2022-04-04T16:22:15","date_gmt":"2022-04-04T14:22:15","guid":{"rendered":"https:\/\/roulettes.vaniseo.top\/index.php\/produit\/patere-en-bois-noir-laque-et-4-tiges-chromees-nesu\/"},"modified":"2022-04-04T17:22:35","modified_gmt":"2022-04-04T15:22:35","slug":"patere-en-bois-noir-laque-et-4-tiges-chromees-nesu","status":"publish","type":"product","link":"https:\/\/roulettes.vaniseo.top\/index.php\/produit\/patere-en-bois-noir-laque-et-4-tiges-chromees-nesu\/","title":{"rendered":"Pat\u00e8re en bois noir laqu\u00e9 et 4 tiges chrom\u00e9es NESU"},"content":{"rendered":"<h3>Porte manteau en bois noir\u00a0laqu\u00e9\u00a0avec ses 4 tiges en acier chrom\u00e9 NESU<\/h3>\n<p>_x000D_nNESU est \u00e9galement disponible chez 1001 Pat\u00e8res gr\u00e2ce \u00e0 cette<strong> pat\u00e8re en bois noir laqu\u00e9<\/strong> et ses <strong>4 tiges chrom\u00e9es<\/strong> NESU._x000D_n_x000D_nEn effet,<strong> 1001 Pat\u00e8res<\/strong> vous propose la marque <strong>NESU<\/strong> pour environ 50 r\u00e9f\u00e9rences sur sa boutique en ligne, <strong>N\u00b01 en France de vente de pat\u00e8res et porte manteaux<\/strong>._x000D_n_x000D_nAvec <a href=\"https:\/\/1001pateres.com\/brand\/nesu\/\">NESU<\/a>, retrouvez toujours un <strong>rectangle en bois personnalis\u00e9 et 4 crochets<\/strong> en harmonie. Ainsi, il y en a vraiment pour tous les go\u00fbts et pour toute la famille. Ils ont vraiment parfaits pour <strong>optimiser le rangement et compl\u00e9ter la d\u00e9coration<\/strong> de votre <strong>maison<\/strong>, ou <strong>entreprise<\/strong>._x000D_n_x000D_n&nbsp;_x000D_n<\/p>\n<h3>Pat\u00e8re en bois noir laqu\u00e9 et ses 4 tiges chrom\u00e9es de chez NESU<\/h3>\n<p>_x000D_nAinsi, ici, sp\u00e9cifiquement le <strong>porte manteau en bois est noir laqu\u00e9<\/strong>. Il offre <strong>4 tiges en acier chrom\u00e9es arrondies.<\/strong> Acier et noir s&rsquo;harmonisent parfaitement et conviennent \u00e0 <strong>une d\u00e9coration moderne et design<\/strong>._x000D_n_x000D_nDans cet esprit, retrouvez chez NESU les r\u00e9f\u00e9rences suivantes de pat\u00e8re:_x000D_n<\/p>\n<ul>_x000D_n \t<\/p>\n<li><a href=\"https:\/\/1001pateres.com\/produit\/patere-en-bois-blanc-4-crochets-en-tige-chromee\/\">en bois blanc 4 crochets en tige chrom\u00e9e<\/a><\/li>\n<p>_x000D_n \t<\/p>\n<li><a href=\"https:\/\/1001pateres.com\/produit\/porte-manteaux-bois-blanc-6-pateres-tige-chromee\/\">Blanche et ses 6 crochets en tige chrom\u00e9e<\/a><\/li>\n<p>_x000D_n<\/ul>\n<p>_x000D_nAvec ce coloris noir, il contrastera parfaitement <strong>sur un mur blanc<\/strong>. Mais, pour au contraire compl\u00e9ter une <strong>d\u00e9coration totale noire<\/strong>, elle sera toute aussi parfaite._x000D_n_x000D_n&nbsp;_x000D_n<\/p>\n<h3>Installer une pat\u00e8re NESU en bois et avec 4 tiges incluses<\/h3>\n<p>_x000D_nEnfin, pour installer ce porte manteau en bois noir laqu\u00e9, ce sera un v\u00e9ritable jeu d&rsquo;enfants. <strong>Vis et chevilles sont comprises<\/strong>. Il ne restera qu&rsquo;\u00e0 sortir votre perceuse. Vous aimerez constater que le s<strong>yst\u00e8me de fixation est invisible<\/strong>, une fois install\u00e9._x000D_n_x000D_nPensez \u00e0 v\u00e9rifier la concordance de l&rsquo;espace allou\u00e9 \u00e0 ses <strong>dimensions<\/strong> sp\u00e9cifiques:_x000D_n<\/p>\n<ul>_x000D_n \t<\/p>\n<li>Support en bois: 48,5 cm X 5 cm<\/li>\n<p>_x000D_n \t<\/p>\n<li>Tiges en inox: 4 cm<\/li>\n<p>_x000D_n \t<\/p>\n<li>Ecartement du mur: 5,5 cm<\/li>\n<p>_x000D_n<\/ul>\n","protected":false},"excerpt":{"rendered":"<p>Ce porte-manteaux design pour l&rsquo;<strong>ENTREE<\/strong> comportant 4 pat\u00e8res tige en inox droites de la marque <em><strong>NESU<\/strong><\/em> est en bois laqu\u00e9 noir avec les tiges chrom\u00e9es qui comportent un embout anti glisse. Il est \u00e0 poser partout dans la maison pour ne plus voir trainer ses affaires.\u00a0Son\u00a0syst\u00e8me d&rsquo;accrochage est simple, Les fixations au dos sont non visibles une fois pos\u00e9e sur le mur. Il est\u00a0original et de belle qualit\u00e9, en inox et en bois laqu\u00e9 noir.<\/p>\n","protected":false},"featured_media":2240,"comment_status":"closed","ping_status":"open","template":"","meta":[],"product_cat":[29,20,32,17],"product_tag":[25],"class_list":["post-602","product","type-product","status-publish","has-post-thumbnail","hentry","product_cat-chambre-adulte","product_cat-cuisine","product_cat-entree-sejour","product_cat-salle-de-bain","product_tag-crochet-patere-patere-design-patere-murale-patere-porte-pateres-porte-manteau-porte-serviette-porte-torchon-vestiaire","description-off"],"_links":{"self":[{"href":"https:\/\/roulettes.vaniseo.top\/index.php\/wp-json\/wp\/v2\/product\/602","targetHints":{"allow":["GET"]}}],"collection":[{"href":"https:\/\/roulettes.vaniseo.top\/index.php\/wp-json\/wp\/v2\/product"}],"about":[{"href":"https:\/\/roulettes.vaniseo.top\/index.php\/wp-json\/wp\/v2\/types\/product"}],"replies":[{"embeddable":true,"href":"https:\/\/roulettes.vaniseo.top\/index.php\/wp-json\/wp\/v2\/comments?post=602"}],"version-history":[{"count":0,"href":"https:\/\/roulettes.vaniseo.top\/index.php\/wp-json\/wp\/v2\/product\/602\/revisions"}],"wp:featuredmedia":[{"embeddable":true,"href":"https:\/\/roulettes.vaniseo.top\/index.php\/wp-json\/wp\/v2\/media\/2240"}],"wp:attachment":[{"href":"https:\/\/roulettes.vaniseo.top\/index.php\/wp-json\/wp\/v2\/media?parent=602"}],"wp:term":[{"taxonomy":"product_cat","embeddable":true,"href":"https:\/\/roulettes.vaniseo.top\/index.php\/wp-json\/wp\/v2\/product_cat?post=602"},{"taxonomy":"product_tag","embeddable":true,"href":"https:\/\/roulettes.vaniseo.top\/index.php\/wp-json\/wp\/v2\/product_tag?post=602"}],"curies":[{"name":"wp","href":"https:\/\/api.w.org\/{rel}","templated":true}]}}