{"id":603,"date":"2022-04-04T16:22:15","date_gmt":"2022-04-04T14:22:15","guid":{"rendered":"https:\/\/roulettes.vaniseo.top\/index.php\/produit\/patere-en-bois-blanc-patchworks-roses-et-4-crochets-blancs\/"},"modified":"2022-04-04T17:22:35","modified_gmt":"2022-04-04T15:22:35","slug":"patere-en-bois-blanc-patchworks-roses-et-4-crochets-blancs","status":"publish","type":"product","link":"https:\/\/roulettes.vaniseo.top\/index.php\/produit\/patere-en-bois-blanc-patchworks-roses-et-4-crochets-blancs\/","title":{"rendered":"Pat\u00e8re en bois blanc patchworks ros\u00e9s et 4 crochets blancs"},"content":{"rendered":"<h3>Porte manteau en bois blanc et patchworks roses + 4 crochets m\u00e9tal blanc NESU<\/h3>\n<p>_x000D_nEnvie d&rsquo;une <strong>d\u00e9co<\/strong> encore plus <strong>girly<\/strong>? Poussez les d\u00e9tails de votre d\u00e9coration dans un <strong>esprit Vichy\/Liberty<\/strong>, avec cette magnifique <strong>pat\u00e8re en bois blanc et ses patchworks ros\u00e9s<\/strong>. De chez <strong>NESU<\/strong>, elle dispose de <strong>4 crochets doubles en m\u00e9tal blanc mat<\/strong>._x000D_n_x000D_nComme toutes les r\u00e9f\u00e9rences de pat\u00e8res disponibles chez <strong>1001 Pat\u00e8res,<\/strong> d\u00e9couvrez ci dessous, ses <strong>informations sp\u00e9cifiques techniques et d\u00e9coratives<\/strong>._x000D_n_x000D_nEn effet, 1001 Pat\u00e8res est le <strong>n\u00b01 en France de la vente de pat\u00e8res et porte manteaux<\/strong>. Il propose de nombreuses marques internationales. Ici, <a href=\"https:\/\/1001pateres.com\/brand\/nesu\/\">NESU<\/a> est l&rsquo;une des plus repr\u00e9sent\u00e9es avec toujours ce principe de <strong>support rectangulaire en bois et 4 crochets m\u00e9talliques<\/strong>. Pour autant, ils conviennent \u00e0 toute la famille et \u00e0 de nombreuses entreprises, gr\u00e2ce \u00e0 une proposition de styles tr\u00e8s vari\u00e9s._x000D_n_x000D_n&nbsp;_x000D_n<\/p>\n<h3>Pat\u00e8re en bois blanc patchworks ros\u00e9s et 4 crochets blancs<\/h3>\n<p>_x000D_nPar ailleurs, ci-contre sp\u00e9cifiquement, cette pat\u00e8re dispose des\u00a0<strong>dimensions<\/strong> suivantes:_x000D_n<\/p>\n<ul>_x000D_n \t<\/p>\n<li>Support en bois blanc et patchworks ros\u00e9s: 40,5 cm X 10,5 cm, \u00e9paisseur 2 cm<\/li>\n<p>_x000D_n \t<\/p>\n<li>Crochet double blanc en m\u00e9tal \u00e0 l&rsquo;unit\u00e9: hauteur 9 cm<\/li>\n<p>_x000D_n \t<\/p>\n<li>Ecartement du support 6,5 cm<\/li>\n<p>_x000D_n<\/ul>\n<p>_x000D_nAinsi, cette pat\u00e8re en bois propose un patchwork diff\u00e9rents sous chaque crochet blanc en m\u00e9tal. L&rsquo;<strong>harmonie des roses\/beige\/bleu fonc\u00e9<\/strong> f\u00e9minisera encore davantage l&rsquo;espace \u00e0 habiller._x000D_n_x000D_nChez NESU, dans cet esprit<strong> girly rose<\/strong>, retrouvez les pat\u00e8res suivantes:_x000D_n<\/p>\n<ul>_x000D_n \t<\/p>\n<li><a href=\"https:\/\/1001pateres.com\/produit\/patere-vintage-salle-de-bain\/\">Vintage salle de bain<\/a><\/li>\n<p>_x000D_n \t<\/p>\n<li><a href=\"https:\/\/1001pateres.com\/produit\/patere-nuages-rose\/\">Blanc et 4 nuages roses<\/a><\/li>\n<p>_x000D_n \t<\/p>\n<li><a href=\"https:\/\/1001pateres.com\/produit\/patere-etoiles-roses-aux-points-blanc\/\">4 \u00e9toiles roses \u00e0 points blancs NESU<\/a><\/li>\n<p>_x000D_n \t<\/p>\n<li><a href=\"https:\/\/1001pateres.com\/produit\/patere-metal-blanc-sur-support-imprime-amandiers-en-fleurs-en-bois\/\">M\u00e9tal blanc sur support imprim\u00e9 amandiers en fleurs en bois<\/a><\/li>\n<p>_x000D_n \t<\/p>\n<li><a href=\"https:\/\/1001pateres.com\/produit\/patere-ours-rose\/\">Blanche et 4 ours roses<\/a><\/li>\n<p>_x000D_n \t<\/p>\n<li><a href=\"https:\/\/1001pateres.com\/produit\/porte-manteaux-bois-blanc-nuages-roses\/\">4 nuages blancs sur fond de nuages roses<\/a><\/li>\n<p>_x000D_n \t<\/p>\n<li><a href=\"https:\/\/1001pateres.com\/produit\/patere-bois-blanc-papillons-rose\/\">Imprim\u00e9 patchwork rose et blanc<\/a><\/li>\n<p>_x000D_n<\/ul>\n<p>_x000D_nDans tous les cas, cette pat\u00e8re bois blanc et patchworks ros\u00e9s est \u00e0 installer dans toutes les pi\u00e8ces de la maison pour mieux ranger et apporter de la clart\u00e9. La douceur de ses couleurs vous permettent de ne pas prendre de risque et de le voir s\u2019int\u00e9grer facilement, et partout! Vous aimerez ses <strong>4 crochets doubles<\/strong>\u00a0pour leur <strong>\u00e9l\u00e9gance<\/strong> et leur <strong>practicit\u00e9<\/strong>._x000D_n_x000D_n&nbsp;_x000D_n<\/p>\n<h3>Accrochage de la pat\u00e8re bois blanc NESU<\/h3>\n<p>_x000D_nEnfin, pour son installation, vis et chevilles sont comprises. Munissez-vous seulement de votre perceuse. En un clin d&rsquo;oeil, celle-ci sera fix\u00e9e et pr\u00eate \u00e0 \u00eatre utilis\u00e9e!<\/p>\n","protected":false},"excerpt":{"rendered":"<p>Ce porte-manteaux <strong>bois RETRO sur fond patchwork rose<\/strong>\u00a0comportant 4 pat\u00e8res de la marque <em><strong>NESU<\/strong><\/em> est en bois et m\u00e9tal blanc. Il est \u00e0 poser dans l&rsquo;entr\u00e9e pour ne plus voir trainer ses affaires. Son\u00a0syst\u00e8me d&rsquo;accrochage est simple, au dos du support et non visible une fois pos\u00e9e sur le mur. Il\u00a0est original et de belle qualit\u00e9 en <em>bois d\u00e9cor\u00e9<\/em> pour le support et en m\u00e9tal blanc pour les crochets pat\u00e8res qui peuvent servir de vestiaires.<\/p>\n","protected":false},"featured_media":2241,"comment_status":"closed","ping_status":"open","template":"","meta":[],"product_cat":[29,16,32,40],"product_tag":[25],"class_list":["post-603","product","type-product","status-publish","has-post-thumbnail","hentry","product_cat-chambre-adulte","product_cat-chambre-enfant","product_cat-entree-sejour","product_cat-porte-manteau-sur-pied","product_tag-crochet-patere-patere-design-patere-murale-patere-porte-pateres-porte-manteau-porte-serviette-porte-torchon-vestiaire","description-off"],"_links":{"self":[{"href":"https:\/\/roulettes.vaniseo.top\/index.php\/wp-json\/wp\/v2\/product\/603","targetHints":{"allow":["GET"]}}],"collection":[{"href":"https:\/\/roulettes.vaniseo.top\/index.php\/wp-json\/wp\/v2\/product"}],"about":[{"href":"https:\/\/roulettes.vaniseo.top\/index.php\/wp-json\/wp\/v2\/types\/product"}],"replies":[{"embeddable":true,"href":"https:\/\/roulettes.vaniseo.top\/index.php\/wp-json\/wp\/v2\/comments?post=603"}],"version-history":[{"count":0,"href":"https:\/\/roulettes.vaniseo.top\/index.php\/wp-json\/wp\/v2\/product\/603\/revisions"}],"wp:featuredmedia":[{"embeddable":true,"href":"https:\/\/roulettes.vaniseo.top\/index.php\/wp-json\/wp\/v2\/media\/2241"}],"wp:attachment":[{"href":"https:\/\/roulettes.vaniseo.top\/index.php\/wp-json\/wp\/v2\/media?parent=603"}],"wp:term":[{"taxonomy":"product_cat","embeddable":true,"href":"https:\/\/roulettes.vaniseo.top\/index.php\/wp-json\/wp\/v2\/product_cat?post=603"},{"taxonomy":"product_tag","embeddable":true,"href":"https:\/\/roulettes.vaniseo.top\/index.php\/wp-json\/wp\/v2\/product_tag?post=603"}],"curies":[{"name":"wp","href":"https:\/\/api.w.org\/{rel}","templated":true}]}}