{"id":604,"date":"2022-04-04T16:22:15","date_gmt":"2022-04-04T14:22:15","guid":{"rendered":"https:\/\/roulettes.vaniseo.top\/index.php\/produit\/patere-en-bois-de-teck-vieilli-et-4-crochets-metal-noir\/"},"modified":"2022-04-04T17:22:36","modified_gmt":"2022-04-04T15:22:36","slug":"patere-en-bois-de-teck-vieilli-et-4-crochets-metal-noir","status":"publish","type":"product","link":"https:\/\/roulettes.vaniseo.top\/index.php\/produit\/patere-en-bois-de-teck-vieilli-et-4-crochets-metal-noir\/","title":{"rendered":"Pat\u00e8re en bois de teck vieilli et 4 crochets m\u00e9tal noir"},"content":{"rendered":"<h3>Porte manteau en bois type teck vieilli avec 4 crochets doubles en m\u00e9tal noir<\/h3>\n<p>_x000D_n<strong>1001 Pat\u00e8res<\/strong>,<strong> n\u00b01 de la vente de pat\u00e8res et porte manteaux en France<\/strong>, vous pr\u00e9sente ici la tr\u00e8s jolie et classique <strong>pat\u00e8re en bois de tech vieilli et ses 4 crochets m\u00e9tal noir<\/strong>. Celle-ci est d\u00e9sign\u00e9e par la marque <strong>NESU<\/strong>._x000D_n_x000D_nAinsi, NESU fait partie des marques internationales s\u00e9lectionn\u00e9es par 1001 Pat\u00e8res pour sa boutique en ligne. Gr\u00e2ce \u00e0 cette boutique, vous disposez d&rsquo;un large choix de portants pour <strong>am\u00e9liorer d\u00e9coration et rangement<\/strong> de votre <strong>maison<\/strong> ou de votre <strong>entreprise<\/strong>._x000D_n_x000D_nD&rsquo;ailleurs, <a href=\"https:\/\/1001pateres.com\/brand\/nesu\/\">NESU<\/a> fait partie des <strong>marques les plus repr\u00e9sent\u00e9es<\/strong> sur le site avec pas moins de 50 pat\u00e8res aux styles vari\u00e9s. La plupart d&rsquo;entre elles reprennent la m\u00eame <strong>logique d&rsquo;un rectangle de bois et de 4 crochets<\/strong>._x000D_n_x000D_n&nbsp;_x000D_n<\/p>\n<h3>Pat\u00e8re en bois de teck vieilli NESU<\/h3>\n<p>_x000D_nIci sp\u00e9cifiquement, il s&rsquo;agit d&rsquo;un support en <strong>bois de teck vieilli<\/strong>. Sont fix\u00e9s dessus, <strong>4 petits crochets doubles en m\u00e9tal noir.<\/strong>_x000D_n_x000D_nSi vous aimez ce style de <strong>petits crochets doubles<\/strong>, 1001 Pat\u00e8res dispose sur son site des r\u00e9f\u00e9rences suivantes \u00e9galement de pat\u00e8res bois blanc:_x000D_n<\/p>\n<ul>_x000D_n \t<\/p>\n<li><a href=\"https:\/\/1001pateres.com\/produit\/patere-bois-blanc-4-crochets-blanc-sur-fond-patchwork-lilas\/\">Et patchworks lilas + 4 crochets blancs<\/a><\/li>\n<p>_x000D_n \t<\/p>\n<li><a href=\"https:\/\/1001pateres.com\/produit\/patere-bois-blanc-papillons-rose\/\">Imprim\u00e9 patchwork rose et blanc<\/a><\/li>\n<p>_x000D_n \t<\/p>\n<li><a href=\"https:\/\/1001pateres.com\/produit\/patere-bois-blanc-vielli-crochets-acier-vintage\/\">Vintage \u00e0 4 crochets argent\u00e9s<\/a><\/li>\n<p>_x000D_n \t<\/p>\n<li><a href=\"https:\/\/1001pateres.com\/produit\/patere-en-bois-blanc-4-crochets-metal-blanc\/\">4 crochets m\u00e9tal blanc<\/a><\/li>\n<p>_x000D_n<\/ul>\n<p>_x000D_nMais aussi des pat\u00e8res suivantes:_x000D_n<\/p>\n<ul>_x000D_n \t<\/p>\n<li><a href=\"https:\/\/1001pateres.com\/produit\/patere-metal-blanc-sur-support-imprime-amandiers-en-fleurs-en-bois\/\">M\u00e9tal blanc sur support imprim\u00e9 amandiers en fleurs en bois<\/a><\/li>\n<p>_x000D_n \t<\/p>\n<li><a href=\"https:\/\/1001pateres.com\/produit\/patere-bois-vieilli-4-crochets-cantonniere\/\">Bois et m\u00e9tal vieillis 4 crochets cantonni\u00e8re<\/a><\/li>\n<p>_x000D_n<\/ul>\n<p>_x000D_n&nbsp;_x000D_n<\/p>\n<h3>Installation de la pat\u00e8re NESU et ses 4 petits crochets noirs en m\u00e9tal<\/h3>\n<p>_x000D_nEnfin, c\u00f4t\u00e9 installation, rien de plus simple et rapide. Nous avons pens\u00e9 \u00e0 tout, puisque les<strong> vis et chevilles sont comprises<\/strong>. Il ne vous reste qu&rsquo;\u00e0 vous munir d&rsquo;une perceuse. Sinon, vous constaterez qu&rsquo;une fois fini le<strong> syst\u00e8me d&rsquo;accrochage est invisible<\/strong>. Un vrai bonheur de finition!\u00a0Pensez juste \u00e0 vous assurer que les <strong>dimensions<\/strong> du produit sont en ad\u00e9quation avec son futur espace attribu\u00e9. Elles sont de:_x000D_n<\/p>\n<ul>_x000D_n \t<\/p>\n<li>Support en bois: 40 cm X 7 cm<\/li>\n<p>_x000D_n \t<\/p>\n<li>Crochets m\u00e9tal: 9,5 cm<\/li>\n<p>_x000D_n \t<\/p>\n<li>Ecartement du mur: 8,5 cm<\/li>\n<p>_x000D_n<\/ul>\n<p>_x000D_nA noter, dans tous les cas, avec ce style c&rsquo;est <strong>un passe partout<\/strong> qui n&rsquo;aura pas de mal \u00e0 se rendre <strong>utile<\/strong>!<\/p>\n","protected":false},"excerpt":{"rendered":"<p>Ce porte-manteaux design pour l&rsquo;<strong>ENTREE<\/strong> comportant 4 pat\u00e8res doubles en m\u00e9tal noir mat de la marque <em><strong>NESU<\/strong><\/em> est en bois <em>teck vieilli<\/em> avec les crochets en m\u00e9tal. Il est \u00e0 poser partout dans la maison pour ne plus voir trainer ses affaires.\u00a0Son\u00a0syst\u00e8me d&rsquo;accrochage est simple, Les fixations au dos sont non visibles une fois pos\u00e9e sur le mur. Il est\u00a0original et de belle qualit\u00e9, en m\u00e9tal noir mat et en bois teck vieilli.<\/p>\n","protected":false},"featured_media":2242,"comment_status":"closed","ping_status":"open","template":"","meta":[],"product_cat":[29,20,32,17],"product_tag":[25],"class_list":["post-604","product","type-product","status-publish","has-post-thumbnail","hentry","product_cat-chambre-adulte","product_cat-cuisine","product_cat-entree-sejour","product_cat-salle-de-bain","product_tag-crochet-patere-patere-design-patere-murale-patere-porte-pateres-porte-manteau-porte-serviette-porte-torchon-vestiaire","description-off"],"_links":{"self":[{"href":"https:\/\/roulettes.vaniseo.top\/index.php\/wp-json\/wp\/v2\/product\/604","targetHints":{"allow":["GET"]}}],"collection":[{"href":"https:\/\/roulettes.vaniseo.top\/index.php\/wp-json\/wp\/v2\/product"}],"about":[{"href":"https:\/\/roulettes.vaniseo.top\/index.php\/wp-json\/wp\/v2\/types\/product"}],"replies":[{"embeddable":true,"href":"https:\/\/roulettes.vaniseo.top\/index.php\/wp-json\/wp\/v2\/comments?post=604"}],"version-history":[{"count":0,"href":"https:\/\/roulettes.vaniseo.top\/index.php\/wp-json\/wp\/v2\/product\/604\/revisions"}],"wp:featuredmedia":[{"embeddable":true,"href":"https:\/\/roulettes.vaniseo.top\/index.php\/wp-json\/wp\/v2\/media\/2242"}],"wp:attachment":[{"href":"https:\/\/roulettes.vaniseo.top\/index.php\/wp-json\/wp\/v2\/media?parent=604"}],"wp:term":[{"taxonomy":"product_cat","embeddable":true,"href":"https:\/\/roulettes.vaniseo.top\/index.php\/wp-json\/wp\/v2\/product_cat?post=604"},{"taxonomy":"product_tag","embeddable":true,"href":"https:\/\/roulettes.vaniseo.top\/index.php\/wp-json\/wp\/v2\/product_tag?post=604"}],"curies":[{"name":"wp","href":"https:\/\/api.w.org\/{rel}","templated":true}]}}