{"id":605,"date":"2022-04-04T16:22:15","date_gmt":"2022-04-04T14:22:15","guid":{"rendered":"https:\/\/roulettes.vaniseo.top\/index.php\/produit\/patere-bois-hetre-et-patchworks-violets-4-crochets-dores\/"},"modified":"2022-04-04T17:22:36","modified_gmt":"2022-04-04T15:22:36","slug":"patere-bois-hetre-et-patchworks-violets-4-crochets-dores","status":"publish","type":"product","link":"https:\/\/roulettes.vaniseo.top\/index.php\/produit\/patere-bois-hetre-et-patchworks-violets-4-crochets-dores\/","title":{"rendered":"Pat\u00e8re bois h\u00eatre et patchworks violets + 4 crochets dor\u00e9s"},"content":{"rendered":"<h3>Porte manteau en bois de h\u00eatre 4 crochets dor\u00e9s sur fond patchwork violet<\/h3>\n<p>_x000D_n1001 Pat\u00e8res vous propose une <strong>pat\u00e8re bois h\u00eatre et patchworks violets<\/strong> de chez <strong>NESU<\/strong>. Celle-ci dispose de <strong>4 crochets dor\u00e9s doubles<\/strong> tr\u00e8s \u00e9l\u00e9gants._x000D_n_x000D_nD\u00e9couvrez donc ci dessous l&rsquo;ensemble des informations d\u00e9coratives et techniques de cette r\u00e9f\u00e9rence._x000D_n_x000D_nEn effet, avec <strong>1001 Pat\u00e8res<\/strong>, vous \u00eates chez le sp\u00e9cialiste N\u00b01 en France des ventes de <strong>pat\u00e8res et porte manteaux<\/strong>. Ainsi, ici, c&rsquo;est une nouvelle fois l&rsquo;occasion de d\u00e9couvrir l&rsquo;une des marques les plus repr\u00e9sent\u00e9es sur le site : <a href=\"https:\/\/1001pateres.com\/brand\/nesu\/\"><strong>NESU<\/strong><\/a>. Celle-ci propose un style vari\u00e9 toujours sur une m\u00eame base: un <strong>rectangle de bois et 4 supports m\u00e9talliques<\/strong>._x000D_n_x000D_nAinsi, ci-contre, il s&rsquo;agit d&rsquo;une r\u00e9f\u00e9rence dans l&rsquo;esprit <strong>patchwork<\/strong>. Le principe est donc un <strong>bois peint en blanc<\/strong> o\u00f9 chaque crochet double dispose d&rsquo;un <strong>fond imprim\u00e9 patchwork aux couleurs violettes<\/strong>.\u00a0Vous adorerez l&rsquo;<strong>\u00e9l\u00e9gance<\/strong> et la <strong>finesse<\/strong> des <strong>crochets doubles<\/strong>._x000D_n_x000D_nDans cet esprit, trouvez aussi les r\u00e9f\u00e9rences suivantes:_x000D_n<\/p>\n<ul>_x000D_n \t<\/p>\n<li><a href=\"https:\/\/1001pateres.com\/produit\/patere-bois-blanc-papillons-rose\/\">Blanc imprim\u00e9 patchwork rose et blanc<\/a><\/li>\n<p>_x000D_n \t<\/p>\n<li><a href=\"https:\/\/1001pateres.com\/produit\/patere-bois-vieilli-sur-fond-patchwork\/\">Vieilli sur fond patchwork<\/a><\/li>\n<p>_x000D_n \t<\/p>\n<li><a href=\"https:\/\/1001pateres.com\/produit\/patere-laiton-vieilli-sur-fond-patchwork-indien\/\">Pat\u00e8re laiton vieilli sur support imprim\u00e9 patchwork indien en bois<\/a><\/li>\n<p>_x000D_n \t<\/p>\n<li><a href=\"https:\/\/1001pateres.com\/produit\/patere-nuages-sur-fond-patchwork-rose-et-gris\/\">Nuage sur fond patchwork rose et gris<\/a><\/li>\n<p>_x000D_n<\/ul>\n<p>_x000D_n&nbsp;_x000D_n<\/p>\n<h3>Installation de la pat\u00e8re bois h\u00eatre et patchworks violets + 4 crochets dor\u00e9s<\/h3>\n<p>_x000D_nAvec la<strong> pat\u00e8re bois h\u00eatre et patchworks lilas<\/strong> sont inclus vis et chevilles n\u00e9cessaires \u00e0 son installation. Vous n&rsquo;aurez besoin que d&rsquo;une perceuse. La fixation est tr\u00e8s simple et rapide. Mais surtout, le syst\u00e8me de fixation est invisible une fois install\u00e9e._x000D_n_x000D_nPensez seulement \u00e0 v\u00e9rifier les dimensions produits pour vous assurer qu&rsquo;elle rentre sur le pan de mur planifi\u00e9. Ainsi, voici\u00a0les <strong>dimensions<\/strong>:_x000D_n<\/p>\n<ul>_x000D_n \t<\/p>\n<li>Support en bois blanc et patchworks violets: 40,5 cm X 10,5 cm, \u00e9paisseur 2 cm<\/li>\n<p>_x000D_n \t<\/p>\n<li>Pat\u00e8re double dor\u00e9e \u00e0 l&rsquo;unit\u00e9: hauteur 12,5 cm<\/li>\n<p>_x000D_n \t<\/p>\n<li>Ecartement du support: 7 cm<\/li>\n<p>_x000D_n<\/ul>\n<p>_x000D_nN&rsquo;h\u00e9sitez donc pas \u00e0 nous contacter pour toutes autres questions ou demande de devis en d&rsquo;importante quantit\u00e9. Un formulaire en page Contact est \u00e0 votre disposition.<\/p>\n","protected":false},"excerpt":{"rendered":"<p>Ce porte-manteaux <strong>bois RETRO sur fond patchwork violet<\/strong>\u00a0comportant 4 pat\u00e8res de la marque <em><strong>NESU<\/strong><\/em> est en bois et m\u00e9tal dor\u00e9. Il est \u00e0 poser dans l&rsquo;entr\u00e9e pour ne plus voir trainer ses affaires. Son\u00a0syst\u00e8me d&rsquo;accrochage est simple, au dos du support et non visible une fois pos\u00e9e sur le mur. Il\u00a0est original et de belle qualit\u00e9 en <em>bois d\u00e9cor\u00e9<\/em> pour le support et en m\u00e9tal dor\u00e9 pour les crochets pat\u00e8res double qui peuvent servir de vestiaires.<\/p>\n","protected":false},"featured_media":2243,"comment_status":"closed","ping_status":"open","template":"","meta":[],"product_cat":[29,16,32],"product_tag":[25],"class_list":["post-605","product","type-product","status-publish","has-post-thumbnail","hentry","product_cat-chambre-adulte","product_cat-chambre-enfant","product_cat-entree-sejour","product_tag-crochet-patere-patere-design-patere-murale-patere-porte-pateres-porte-manteau-porte-serviette-porte-torchon-vestiaire","description-off"],"_links":{"self":[{"href":"https:\/\/roulettes.vaniseo.top\/index.php\/wp-json\/wp\/v2\/product\/605","targetHints":{"allow":["GET"]}}],"collection":[{"href":"https:\/\/roulettes.vaniseo.top\/index.php\/wp-json\/wp\/v2\/product"}],"about":[{"href":"https:\/\/roulettes.vaniseo.top\/index.php\/wp-json\/wp\/v2\/types\/product"}],"replies":[{"embeddable":true,"href":"https:\/\/roulettes.vaniseo.top\/index.php\/wp-json\/wp\/v2\/comments?post=605"}],"version-history":[{"count":0,"href":"https:\/\/roulettes.vaniseo.top\/index.php\/wp-json\/wp\/v2\/product\/605\/revisions"}],"wp:featuredmedia":[{"embeddable":true,"href":"https:\/\/roulettes.vaniseo.top\/index.php\/wp-json\/wp\/v2\/media\/2243"}],"wp:attachment":[{"href":"https:\/\/roulettes.vaniseo.top\/index.php\/wp-json\/wp\/v2\/media?parent=605"}],"wp:term":[{"taxonomy":"product_cat","embeddable":true,"href":"https:\/\/roulettes.vaniseo.top\/index.php\/wp-json\/wp\/v2\/product_cat?post=605"},{"taxonomy":"product_tag","embeddable":true,"href":"https:\/\/roulettes.vaniseo.top\/index.php\/wp-json\/wp\/v2\/product_tag?post=605"}],"curies":[{"name":"wp","href":"https:\/\/api.w.org\/{rel}","templated":true}]}}