{"id":606,"date":"2022-04-04T16:22:15","date_gmt":"2022-04-04T14:22:15","guid":{"rendered":"https:\/\/roulettes.vaniseo.top\/index.php\/produit\/patere-bois-blanc-et-patchworks-lilas-4-crochets-blancs\/"},"modified":"2022-04-04T17:22:36","modified_gmt":"2022-04-04T15:22:36","slug":"patere-bois-blanc-et-patchworks-lilas-4-crochets-blancs","status":"publish","type":"product","link":"https:\/\/roulettes.vaniseo.top\/index.php\/produit\/patere-bois-blanc-et-patchworks-lilas-4-crochets-blancs\/","title":{"rendered":"Pat\u00e8re bois blanc et patchworks lilas + 4 crochets blancs"},"content":{"rendered":"<h3>Porte manteau bois blanc\u00a0sur fond de 4 patchwork lilas et\u00a04 crochets doubles blancs NESU<\/h3>\n<p>_x000D_nTout d&rsquo;abord, <strong>1001 Pat\u00e8res<\/strong> vous propose toujours un <strong>choix tr\u00e8s vari\u00e9 de styles<\/strong> en mati\u00e8re de porte manteaux. C&rsquo;est d&rsquo;ailleurs le n\u00b01 en France de la vente de pat\u00e8res et de porte manteaux. Ici, d\u00e9couvrez une nouvelle fois, la marque <a href=\"https:\/\/1001pateres.com\/brand\/nesu\/\">NESU<\/a>. Avec plus d&rsquo;une cinquantaine de r\u00e9f\u00e9rences vari\u00e9es, la marque propose des solutions pour toute la famille. Ici, il s&rsquo;agit de la <strong>pat\u00e8re bois blanc et patchworks lilas + 4 crochets blancs doubles<\/strong>._x000D_n_x000D_nEn effet, chez NESU, il s&rsquo;agit la plupart du temps d&rsquo;un support rectangulaire en bois, plus ou moins d\u00e9cor\u00e9, avec 4 crochets. Ainsi, dans l&rsquo;esprit patchwork, <strong>NESU<\/strong> a aussi d\u00e9sign\u00e9 les r\u00e9f\u00e9rences suivantes de pat\u00e8re bois:_x000D_n<\/p>\n<ul>_x000D_n \t<\/p>\n<li><a href=\"https:\/\/1001pateres.com\/produit\/patere-bois-blanc-papillons-rose\/\">Blanc imprim\u00e9 patchwork rose et blanc<\/a><\/li>\n<p>_x000D_n \t<\/p>\n<li><a href=\"https:\/\/1001pateres.com\/produit\/patere-bois-vieilli-sur-fond-patchwork\/\">Vieilli sur fond patchwork<\/a><\/li>\n<p>_x000D_n \t<\/p>\n<li><a href=\"https:\/\/1001pateres.com\/produit\/patere-laiton-vieilli-sur-fond-patchwork-indien\/\">Pat\u00e8re laiton vieilli sur support imprim\u00e9 patchwork indien en bois<\/a><\/li>\n<p>_x000D_n \t<\/p>\n<li><a href=\"https:\/\/1001pateres.com\/produit\/patere-nuages-sur-fond-patchwork-rose-et-gris\/\">Nuage sur fond patchwork rose et gris<\/a><\/li>\n<p>_x000D_n<\/ul>\n<p>_x000D_n&nbsp;_x000D_n<\/p>\n<h3>Astuces d&rsquo;installation pour la pat\u00e8re\u00a0bois blanc et patchworks lilas<\/h3>\n<p>_x000D_nPar ailleurs, ici sp\u00e9cifiquement, la <strong>pat\u00e8re<\/strong> est toujours en<strong> bois peint en blanc<\/strong>. <strong>4 patchworks<\/strong> d\u00e9corent sp\u00e9cifiquement le fond de chacun des <strong>4 crochets doubles en m\u00e9tal blanc<\/strong>._x000D_n_x000D_nSolide, cette pat\u00e8re conviendra parfaitement \u00e0 un <strong>univers doux et l\u00e9g\u00e8rement d\u00e9cor\u00e9<\/strong> comme une <strong>cuisine<\/strong>, une <strong>buanderie<\/strong>, une <strong>laverie<\/strong>, ou encore une <strong>entr\u00e9e<\/strong>._x000D_n_x000D_nPour l&rsquo;installer, vis et chevilles sont fournies. Seule votre perceuse sera n\u00e9cessaire. Vous aimerez ne pas voir le syst\u00e8me d&rsquo;accroche, une fois fix\u00e9e! Pensez \u00e0 juste \u00e0 bien tenir compte de ses <strong>dimensions<\/strong> sp\u00e9cifiques avant de vous lancer, \u00e0 savoir:_x000D_n<\/p>\n<ul>_x000D_n \t<\/p>\n<li>Le support en bois blanc et patchwork lilas: 40,5 cm X 10,5 cm, \u00e9paisseur 2 cm<\/li>\n<p>_x000D_n \t<\/p>\n<li>Chaque pat\u00e8re est d&rsquo;une hauteur de 9 cm<\/li>\n<p>_x000D_n \t<\/p>\n<li>Ecartement du support: 6,5 cm<\/li>\n<p>_x000D_n<\/ul>\n<p>_x000D_nEnfin, avec cette harmonie de couleurs blanches, grises et lilas, il offrira sans aucun doute <strong>\u00e9l\u00e9gance<\/strong> et <strong>clart\u00e9<\/strong> \u00e0 votre espace. Le c\u00f4t\u00e9 vintage des crochets et du patchwork offre lui un c\u00f4t\u00e9 <strong>chaleureux rustique<\/strong> sans \u00eatre \u00ab\u00a0<em>vieillot<\/em>\u00ab\u00a0.<\/p>\n","protected":false},"excerpt":{"rendered":"<p>Ce porte-manteaux <strong>bois RETRO sur fond patchwork lilas<\/strong>\u00a0comportant 4 pat\u00e8res de la marque <em><strong>NESU<\/strong><\/em> est en bois et m\u00e9tal blanc. Il est \u00e0 poser dans l&rsquo;entr\u00e9e pour ne plus voir trainer ses affaires. Son\u00a0syst\u00e8me d&rsquo;accrochage est simple, au dos du support et non visible une fois pos\u00e9e sur le mur. Il\u00a0est original et de belle qualit\u00e9 en <em>bois d\u00e9cor\u00e9<\/em> pour le support et en m\u00e9tal blanc pour les crochets pat\u00e8res qui peuvent servir de vestiaires.<\/p>\n","protected":false},"featured_media":2244,"comment_status":"closed","ping_status":"open","template":"","meta":[],"product_cat":[29,16,32],"product_tag":[25],"class_list":["post-606","product","type-product","status-publish","has-post-thumbnail","hentry","product_cat-chambre-adulte","product_cat-chambre-enfant","product_cat-entree-sejour","product_tag-crochet-patere-patere-design-patere-murale-patere-porte-pateres-porte-manteau-porte-serviette-porte-torchon-vestiaire","description-off"],"_links":{"self":[{"href":"https:\/\/roulettes.vaniseo.top\/index.php\/wp-json\/wp\/v2\/product\/606","targetHints":{"allow":["GET"]}}],"collection":[{"href":"https:\/\/roulettes.vaniseo.top\/index.php\/wp-json\/wp\/v2\/product"}],"about":[{"href":"https:\/\/roulettes.vaniseo.top\/index.php\/wp-json\/wp\/v2\/types\/product"}],"replies":[{"embeddable":true,"href":"https:\/\/roulettes.vaniseo.top\/index.php\/wp-json\/wp\/v2\/comments?post=606"}],"version-history":[{"count":0,"href":"https:\/\/roulettes.vaniseo.top\/index.php\/wp-json\/wp\/v2\/product\/606\/revisions"}],"wp:featuredmedia":[{"embeddable":true,"href":"https:\/\/roulettes.vaniseo.top\/index.php\/wp-json\/wp\/v2\/media\/2244"}],"wp:attachment":[{"href":"https:\/\/roulettes.vaniseo.top\/index.php\/wp-json\/wp\/v2\/media?parent=606"}],"wp:term":[{"taxonomy":"product_cat","embeddable":true,"href":"https:\/\/roulettes.vaniseo.top\/index.php\/wp-json\/wp\/v2\/product_cat?post=606"},{"taxonomy":"product_tag","embeddable":true,"href":"https:\/\/roulettes.vaniseo.top\/index.php\/wp-json\/wp\/v2\/product_tag?post=606"}],"curies":[{"name":"wp","href":"https:\/\/api.w.org\/{rel}","templated":true}]}}