{"id":607,"date":"2022-04-04T16:22:15","date_gmt":"2022-04-04T14:22:15","guid":{"rendered":"https:\/\/roulettes.vaniseo.top\/index.php\/produit\/patere-cuir-imitation-vison-sur-bois-et-4-accroches-inclinees-inox-mat\/"},"modified":"2022-04-04T17:22:36","modified_gmt":"2022-04-04T15:22:36","slug":"patere-cuir-imitation-vison-sur-bois-et-4-accroches-inclinees-inox-mat","status":"publish","type":"product","link":"https:\/\/roulettes.vaniseo.top\/index.php\/produit\/patere-cuir-imitation-vison-sur-bois-et-4-accroches-inclinees-inox-mat\/","title":{"rendered":"Pat\u00e8re cuir imitation vison sur bois et 4 accroches inclin\u00e9es inox mat"},"content":{"rendered":"<h3>Porte manteau cuir imitation vison sur support bois et 4 accroches inclin\u00e9s inox mat par NESU<\/h3>\n<p>_x000D_n1001 Pat\u00e8res, <strong>N\u00b01 de la vente en ligne de pat\u00e8res en France<\/strong>, vous pr\u00e9sente ici l&rsquo;une de ses derni\u00e8res nouveaut\u00e9s: la <strong>pat\u00e8re cuir imitation vison sur bois et ses 4 accroches inclin\u00e9es en Inox mat<\/strong>._x000D_n_x000D_nPrenez plaisir ci dessous \u00e0 conna\u00eetre tous les <strong>aspects techniques et d\u00e9coratifs<\/strong> de cette r\u00e9f\u00e9rence._x000D_n_x000D_nPar ailleurs, <a href=\"https:\/\/1001pateres.com\/brand\/nesu\/\"><strong>NESU<\/strong><\/a> est l&rsquo;une des marques les plus repr\u00e9sent\u00e9es sur ce site. Avec plus d&rsquo;une <strong>cinquantaine de r\u00e9f\u00e9rences<\/strong>, vous disposez vraiment d&rsquo;un<strong> large choix<\/strong> pour <strong>ranger et d\u00e9corer votre int\u00e9rieur<\/strong>, quelque soit le style. Le principe est toujours le m\u00eame: un <strong>support rectangulaire en bois<\/strong>, au <strong>style vari\u00e9<\/strong>, et aux <strong>4 accroches vari\u00e9es<\/strong>._x000D_n_x000D_nCependant avec ces <strong>4 crochets sp\u00e9cifiques<\/strong>, retrouvez seulement la <a href=\"https:\/\/1001pateres.com\/produit\/patere-en-bois-blanc-4-accroches-inclinees-chromees\/\">pat\u00e8re en bois blanc 4 accroches inclin\u00e9es chrom\u00e9es<\/a>.\u00a0Si vous aimez le <strong>style cuir vison<\/strong>, NESU propose aussi la <a href=\"https:\/\/1001pateres.com\/produit\/patere-cuir-vison-4-crochets-noir-vieilli\/\">pat\u00e8re bois et cuir vison et 4 crochets noir vieilli<\/a>._x000D_n_x000D_n&nbsp;_x000D_n<\/p>\n<h3>Pat\u00e8re cuir <strong>imitation<\/strong>\u00a0vison sur bois et 4 accroches inclin\u00e9es inox mat<\/h3>\n<p>_x000D_nToutefois, ici, cette pat\u00e8re est donc e<strong>n bois recouverte de cuir imitation vison<\/strong>. Elle dispose de <strong>4 accroches inclin\u00e9es en inox mat<\/strong>. Son installation est facile. Vis et chevilles sont incluses. Il ne vous faudra qu&rsquo;une perceuse pour la fixer. Vous appr\u00e9cierez \u00e9galement que le syst\u00e8me d&rsquo;accroche soit invisible, une fois l&rsquo;installation termin\u00e9e._x000D_n_x000D_nPour valider son am\u00e9nagement, pensez \u00e0 v\u00e9rifier les <strong>dimensions<\/strong> de l&rsquo;espace planifi\u00e9 et comparez-les \u00e0 celles de la pat\u00e8re:_x000D_n<\/p>\n<ul>_x000D_n \t<\/p>\n<li>Support en bois recouverte de cuir imitation vison: 40,5 cm X 10 cm<\/li>\n<p>_x000D_n \t<\/p>\n<li>Crochet en inox mat \u00e0 l&rsquo;unit\u00e9: 6 cm<\/li>\n<p>_x000D_n \t<\/p>\n<li>Ecartement du mur: 6 cm<\/li>\n<p>_x000D_n<\/ul>\n<p>_x000D_n&nbsp;_x000D_n_x000D_nCe type de pat\u00e8re est donc tout \u00e0 fait <strong>facile \u00e0 int\u00e9grer \u00e0 n&rsquo;importe quel espace<\/strong>. L&rsquo;ensemble \u00e9tant mat, il contrastera facilement sur un mur clair d&rsquo;une entr\u00e9e ou d&rsquo;une chambre. Il offre incontestablement du <strong>style<\/strong> et de l&rsquo;<strong>\u00e9l\u00e9gance<\/strong> \u00e0 votre int\u00e9rieur.<\/p>\n","protected":false},"excerpt":{"rendered":"<p>Ce porte-manteaux design pour l&rsquo;<strong>ENTREE<\/strong> comportant 4 pat\u00e8res en inox mat inclin\u00e9es de la marque <em><strong>NESU<\/strong><\/em> est en bois recouvert fa\u00e7on cuir vison avec les <em>accroches chrom\u00e9es<\/em> qui sont larges et plates. Il est \u00e0 poser partout dans la maison pour ne plus voir trainer ses affaires.\u00a0Son\u00a0syst\u00e8me d&rsquo;accrochage est simple, Les fixations au dos sont non visibles une fois pos\u00e9e sur le mur. Il est\u00a0original et de belle qualit\u00e9, en inox et en bois recouvert.<\/p>\n","protected":false},"featured_media":2245,"comment_status":"closed","ping_status":"open","template":"","meta":[],"product_cat":[29,20,32,17],"product_tag":[25],"class_list":["post-607","product","type-product","status-publish","has-post-thumbnail","hentry","product_cat-chambre-adulte","product_cat-cuisine","product_cat-entree-sejour","product_cat-salle-de-bain","product_tag-crochet-patere-patere-design-patere-murale-patere-porte-pateres-porte-manteau-porte-serviette-porte-torchon-vestiaire","description-off"],"_links":{"self":[{"href":"https:\/\/roulettes.vaniseo.top\/index.php\/wp-json\/wp\/v2\/product\/607","targetHints":{"allow":["GET"]}}],"collection":[{"href":"https:\/\/roulettes.vaniseo.top\/index.php\/wp-json\/wp\/v2\/product"}],"about":[{"href":"https:\/\/roulettes.vaniseo.top\/index.php\/wp-json\/wp\/v2\/types\/product"}],"replies":[{"embeddable":true,"href":"https:\/\/roulettes.vaniseo.top\/index.php\/wp-json\/wp\/v2\/comments?post=607"}],"version-history":[{"count":0,"href":"https:\/\/roulettes.vaniseo.top\/index.php\/wp-json\/wp\/v2\/product\/607\/revisions"}],"wp:featuredmedia":[{"embeddable":true,"href":"https:\/\/roulettes.vaniseo.top\/index.php\/wp-json\/wp\/v2\/media\/2245"}],"wp:attachment":[{"href":"https:\/\/roulettes.vaniseo.top\/index.php\/wp-json\/wp\/v2\/media?parent=607"}],"wp:term":[{"taxonomy":"product_cat","embeddable":true,"href":"https:\/\/roulettes.vaniseo.top\/index.php\/wp-json\/wp\/v2\/product_cat?post=607"},{"taxonomy":"product_tag","embeddable":true,"href":"https:\/\/roulettes.vaniseo.top\/index.php\/wp-json\/wp\/v2\/product_tag?post=607"}],"curies":[{"name":"wp","href":"https:\/\/api.w.org\/{rel}","templated":true}]}}