{"id":608,"date":"2022-04-04T16:22:15","date_gmt":"2022-04-04T14:22:15","guid":{"rendered":"https:\/\/roulettes.vaniseo.top\/index.php\/produit\/patere-bois-et-imitation-cuir-vison-4-crochets-noir-vieilli\/"},"modified":"2022-04-04T17:22:37","modified_gmt":"2022-04-04T15:22:37","slug":"patere-bois-et-imitation-cuir-vison-4-crochets-noir-vieilli","status":"publish","type":"product","link":"https:\/\/roulettes.vaniseo.top\/index.php\/produit\/patere-bois-et-imitation-cuir-vison-4-crochets-noir-vieilli\/","title":{"rendered":"Pat\u00e8re bois et imitation cuir vison, 4 crochets noir vieilli"},"content":{"rendered":"<h3>Porte manteau imitation cuir vison et 4 crochets doubles noir vieilli NESU<\/h3>\n<p>_x000D_nEnvie de valoriser votre c\u00f4t\u00e9 <strong>sauvage<\/strong>?! D\u00e9couvrez ici la <strong>pat\u00e8re bois et imitation cuir vison et ses 4 crochets doubles noir vieilli<\/strong> de chez <strong>NESU<\/strong>. Vous adorerez d&rsquo;ailleurs ses embouts boules qui ne marquent pas les v\u00eatements, mais avant tout d\u00e9couvrez toutes les informations d\u00e9coratives et techniques de ce produit._x000D_n_x000D_nEn effet, 1001 Pat\u00e8res est le<strong> n\u00b01 en France de la vente de pat\u00e8res et porte manteaux<\/strong>. Il s\u00e9lectionne les meilleures marques internationales de portant offrant<strong>\u00a0rangements et d\u00e9coration. Les styles sont vari\u00e9s, le rapport qualit\u00e9 prix toujours exemplaire!<\/strong>_x000D_n_x000D_nAinsi, ci-contre, il s\u2019agit encore une fois de la marque <strong>NESU<\/strong>. C&rsquo;est l&rsquo;une des plus repr\u00e9sent\u00e9es sur notre site. Avec plus d&rsquo;une cinquantaine de r\u00e9f\u00e9rences, prenez le temps de choisir le style du support bois, et le style des 4 pat\u00e8res toujours pr\u00e9sentes c\u00f4t\u00e9 face.\u00a0De <strong>nombreux styles pour toute la famille<\/strong> sont donc \u00e0 d\u00e9couvrir sur la page de la marque <a href=\"https:\/\/1001pateres.com\/brand\/nesu\/\">NESU<\/a>!_x000D_n_x000D_n&nbsp;_x000D_n<\/p>\n<h3>Pat\u00e8re bois et <strong>imitation\u00a0<\/strong>cuir vison et 4 crochets noir vieilli NESU<\/h3>\n<p>_x000D_nSp\u00e9cifiquement, ci-contre, il s\u2019agit d\u2019un porte manteau imitation cuir vison et 4 crochets doubles noir vieilli.\u00a0Il dispose de 4<strong> crochets doubles de couleur noir, en m\u00e9tal vieilli avec des embouts boules<\/strong>. L\u2019avantage de ces embouts est, comme on le disait plus haut, de ne pas marquer les v\u00eatements et de bien retenir tout accessoire suspendu._x000D_n_x000D_nSi le style vous plait, jetez \u00e9galement un oeil \u00e0 <strong>d&rsquo;autres imprim\u00e9s du m\u00eame style, et de la m\u00eame marque<\/strong>. L&rsquo;occasion de compl\u00e9ter toujours plus l&rsquo;organisation et le rangement de votre int\u00e9rieur. A savoir des pat\u00e8res bois:_x000D_n<\/p>\n<ul>_x000D_n \t<\/p>\n<li><a href=\"https:\/\/1001pateres.com\/produit\/patere-bois-blanc-vielli-crochets-acier-vieilli\/\">Blanc d\u00e9cap\u00e9 avec 4 crochets acier vieilli NESU<\/a><\/li>\n<p>_x000D_n \t<\/p>\n<li><a href=\"https:\/\/1001pateres.com\/produit\/patere-bois-vieilli-sur-fond-patchwork\/\">Vieilli sur fond patchwork<\/a><\/li>\n<p>_x000D_n \t<\/p>\n<li><a href=\"https:\/\/1001pateres.com\/produit\/patere-bois-lotus-sur-fond-violet\/\">Lotus sur fond violet<\/a><\/li>\n<p>_x000D_n \t<\/p>\n<li><a href=\"https:\/\/1001pateres.com\/produit\/patere-bois-blanc-vieilli-crochets-noir-vieilli\/\">Blanc d\u00e9cap\u00e9e et crochets noirs vieillis<\/a><\/li>\n<p>_x000D_n \t<\/p>\n<li><a href=\"https:\/\/1001pateres.com\/produit\/patere-bois-blanc-4-crochets-fleurs-bleues\/\">Peint en blanc et fleur bleue 4 crochets doubles m\u00e9tal vieilli<\/a><\/li>\n<p>_x000D_n<\/ul>\n<p>_x000D_n&nbsp;_x000D_n<\/p>\n<h3>Installer la pat\u00e8re bois et imitation cuir vison NESU disponible chez 1001 Pat\u00e8res<\/h3>\n<p>_x000D_nPour finir, et afin de bien anticiper son <strong>installation<\/strong>, voici les <strong>dimensions<\/strong> de cette pat\u00e8re bois ci dessous:_x000D_n<\/p>\n<ul>_x000D_n \t<\/p>\n<li>Support en bois: 40,5 cm X 10 cm<\/li>\n<p>_x000D_n \t<\/p>\n<li>Crochets double: 13 cm<\/li>\n<p>_x000D_n \t<\/p>\n<li>Ecartement du mur: 7 cm<\/li>\n<p>_x000D_n<\/ul>\n<p>_x000D_nA noter que l\u2019installation requiert seulement <strong>2 vis et chevilles fournies et votre perceuse<\/strong>.<\/p>\n","protected":false},"excerpt":{"rendered":"<p>Ce porte-manteaux design pour l&rsquo;<strong>ENTREE<\/strong> comportant 4 pat\u00e8res doubles en m\u00e9tal noir vieilli de la marque <em><strong>NESU<\/strong><\/em> est en bois recouvert <em>fa\u00e7on cuir vison<\/em> avec les accroches doubles avec embouts boules. Il est \u00e0 poser partout dans la maison pour ne plus voir trainer ses affaires.\u00a0Son\u00a0syst\u00e8me d&rsquo;accrochage est simple, Les fixations au dos sont non visibles une fois pos\u00e9e sur le mur. Il est\u00a0original et de belle qualit\u00e9, en m\u00e9tal et en bois recouvert.<\/p>\n","protected":false},"featured_media":2246,"comment_status":"closed","ping_status":"open","template":"","meta":[],"product_cat":[29,19,20,32,21,22,17],"product_tag":[42],"class_list":["post-608","product","type-product","status-publish","has-post-thumbnail","hentry","product_cat-chambre-adulte","product_cat-collectivite","product_cat-cuisine","product_cat-entree-sejour","product_cat-entreprise","product_cat-pro","product_cat-salle-de-bain","product_tag-crochet-patere-patere-bois-cuir-patere-bois-recouverte-de-cuir-patere-cuir-patere-design-patere-murale-patere-porte-pateres-porte-manteau-porte-serviette-porte-torchon-vestiaire","description-off"],"_links":{"self":[{"href":"https:\/\/roulettes.vaniseo.top\/index.php\/wp-json\/wp\/v2\/product\/608","targetHints":{"allow":["GET"]}}],"collection":[{"href":"https:\/\/roulettes.vaniseo.top\/index.php\/wp-json\/wp\/v2\/product"}],"about":[{"href":"https:\/\/roulettes.vaniseo.top\/index.php\/wp-json\/wp\/v2\/types\/product"}],"replies":[{"embeddable":true,"href":"https:\/\/roulettes.vaniseo.top\/index.php\/wp-json\/wp\/v2\/comments?post=608"}],"version-history":[{"count":0,"href":"https:\/\/roulettes.vaniseo.top\/index.php\/wp-json\/wp\/v2\/product\/608\/revisions"}],"wp:featuredmedia":[{"embeddable":true,"href":"https:\/\/roulettes.vaniseo.top\/index.php\/wp-json\/wp\/v2\/media\/2246"}],"wp:attachment":[{"href":"https:\/\/roulettes.vaniseo.top\/index.php\/wp-json\/wp\/v2\/media?parent=608"}],"wp:term":[{"taxonomy":"product_cat","embeddable":true,"href":"https:\/\/roulettes.vaniseo.top\/index.php\/wp-json\/wp\/v2\/product_cat?post=608"},{"taxonomy":"product_tag","embeddable":true,"href":"https:\/\/roulettes.vaniseo.top\/index.php\/wp-json\/wp\/v2\/product_tag?post=608"}],"curies":[{"name":"wp","href":"https:\/\/api.w.org\/{rel}","templated":true}]}}