{"id":609,"date":"2022-04-04T16:22:15","date_gmt":"2022-04-04T14:22:15","guid":{"rendered":"https:\/\/roulettes.vaniseo.top\/index.php\/produit\/porte-manteau-bois-noir-et-4-crochets-metal-noir-mat\/"},"modified":"2022-04-04T17:22:37","modified_gmt":"2022-04-04T15:22:37","slug":"porte-manteau-bois-noir-et-4-crochets-metal-noir-mat","status":"publish","type":"product","link":"https:\/\/roulettes.vaniseo.top\/index.php\/produit\/porte-manteau-bois-noir-et-4-crochets-metal-noir-mat\/","title":{"rendered":"Porte manteau bois noir et 4 crochets m\u00e9tal noir mat"},"content":{"rendered":"<h3>Pat\u00e8re bois et crochets noir mat<\/h3>\n<p>_x000D_n1001 Pat\u00e8res pr\u00e9sente l&rsquo;ensemble des informations concernant le <strong>porte manteau bois noir et 4 crochets m\u00e9tal noir mat<\/strong> de chez <strong>NESU<\/strong>._x000D_n_x000D_nEn effet, 1001 Pat\u00e8res recommande de nombreuses r\u00e9f\u00e9rences de la marque <a href=\"https:\/\/1001pateres.com\/brand\/nesu\"><strong>NESU<\/strong><\/a>. En tant que <strong>n\u00b01 en France de la vente en ligne de pat\u00e8res<\/strong> et porte manteaux, <strong>1001 Pat\u00e8res<\/strong> vous propose un large choix de styles et de design, toujours au bon rapport qualit\u00e9\/prix._x000D_n_x000D_nAinsi, ici il s&rsquo;agit d&rsquo;un <strong>porte manteau bois noir et 4 crochets doubles noir mat<\/strong>. Vous aimerez les <strong>embouts boule<\/strong>s de ces crochets, qui permettent de ne pas marquer les v\u00eatements. Dans le <strong>m\u00eame style<\/strong>, avec les <strong>m\u00eames crochets<\/strong>, d&rsquo;autres r\u00e9f\u00e9rences sont aussi disponibles en <strong>bois<\/strong>:_x000D_n<\/p>\n<ul>_x000D_n \t<\/p>\n<li><a href=\"https:\/\/1001pateres.com\/produit\/patere-bois-blanc-vielli-crochets-dores\/\">Blanc et crochets dor\u00e9s<\/a><\/li>\n<p>_x000D_n \t<\/p>\n<li><a href=\"https:\/\/1001pateres.com\/produit\/patere-4-crochets-dores-sur-fond-feuilles-dorees\/\">Noir\/feuilles dor\u00e9es et crochets dor\u00e9s<\/a><\/li>\n<p>_x000D_n \t<\/p>\n<li><a href=\"https:\/\/1001pateres.com\/produit\/patere-bois-feuilles-sur-fond-orange\/\">Naturel \/feuilles orang\u00e9es et crochets dor\u00e9s<\/a><\/li>\n<p>_x000D_n \t<\/p>\n<li>Et en <a href=\"https:\/\/1001pateres.com\/produit\/patere-cuir-noir-4-crochets-chromes\/\">bois recouvert de cuir noir 4 crochets chrom\u00e9s<\/a><\/li>\n<p>_x000D_n<\/ul>\n<p>_x000D_n&nbsp;_x000D_n<\/p>\n<h3>Installation du porte manteau bois noir et 4 crochets m\u00e9tal noir mat<\/h3>\n<p>_x000D_nVous aimerez donc <strong>maximiser le rangement de vos affaires sur un support \u00e0 double crochets<\/strong>! En total look noir, c\u2019est la pi\u00e8ce parfaite pour valoriser une pi\u00e8ce toute noire actuellement tr\u00e8s tendance. Ou, au contraire, cette pat\u00e8re est parfaite pour une pi\u00e8ce tr\u00e8s claire car le\u00a0<strong>contraste noir \/ blanc<\/strong>\u00a0est design et moderne._x000D_n_x000D_nEnfin, 1001 Pat\u00e8res vous recommande donc de l\u2019installer dans n\u2019importe quelle pi\u00e8ce de la maison ou du bureau. Le porte manteau bois noir se fixe au mur avec <strong>2 vis et chevilles fournies<\/strong>, et votre perceuse.<strong> Facile et rapide d\u2019installation<\/strong>, pensez juste \u00e0 tenir compte de ses <strong>dimensions<\/strong>:_x000D_n<\/p>\n<ul>_x000D_n \t<\/p>\n<li>Support en bois: 40 cm X 7 cm<\/li>\n<p>_x000D_n \t<\/p>\n<li>Crochets double: 13 cm<\/li>\n<p>_x000D_n \t<\/p>\n<li>Ecartement du mur: 7 cm<\/li>\n<p>_x000D_n<\/ul>\n<p>_x000D_nN\u2019h\u00e9sitez pas \u00e0 nous demander conseils, et poser toutes vos questions via le formulaire de la page Contact. Il est aussi possible de nous contacter pour toute demande de devis en quantit\u00e9 importante.<\/p>\n","protected":false},"excerpt":{"rendered":"<p>Ce porte-manteaux design pour l&rsquo;<strong>ENTREE<\/strong> comportant 4 pat\u00e8res doubles en m\u00e9tal noir mat de la marque <em><strong>NESU<\/strong><\/em> est en bois noir mat avec les <em>accroches doubles<\/em> avec embouts boules. Il est \u00e0 poser partout dans la maison pour ne plus voir trainer ses affaires.\u00a0Son\u00a0syst\u00e8me d&rsquo;accrochage est simple, Les fixations au dos sont non visibles une fois pos\u00e9e sur le mur. Il est\u00a0original et de belle qualit\u00e9, en m\u00e9tal et en bois peint.<\/p>\n","protected":false},"featured_media":2247,"comment_status":"closed","ping_status":"open","template":"","meta":[],"product_cat":[29,19,20,32,21,22,17],"product_tag":[25],"class_list":["post-609","product","type-product","status-publish","has-post-thumbnail","hentry","product_cat-chambre-adulte","product_cat-collectivite","product_cat-cuisine","product_cat-entree-sejour","product_cat-entreprise","product_cat-pro","product_cat-salle-de-bain","product_tag-crochet-patere-patere-design-patere-murale-patere-porte-pateres-porte-manteau-porte-serviette-porte-torchon-vestiaire","description-off"],"_links":{"self":[{"href":"https:\/\/roulettes.vaniseo.top\/index.php\/wp-json\/wp\/v2\/product\/609","targetHints":{"allow":["GET"]}}],"collection":[{"href":"https:\/\/roulettes.vaniseo.top\/index.php\/wp-json\/wp\/v2\/product"}],"about":[{"href":"https:\/\/roulettes.vaniseo.top\/index.php\/wp-json\/wp\/v2\/types\/product"}],"replies":[{"embeddable":true,"href":"https:\/\/roulettes.vaniseo.top\/index.php\/wp-json\/wp\/v2\/comments?post=609"}],"version-history":[{"count":0,"href":"https:\/\/roulettes.vaniseo.top\/index.php\/wp-json\/wp\/v2\/product\/609\/revisions"}],"wp:featuredmedia":[{"embeddable":true,"href":"https:\/\/roulettes.vaniseo.top\/index.php\/wp-json\/wp\/v2\/media\/2247"}],"wp:attachment":[{"href":"https:\/\/roulettes.vaniseo.top\/index.php\/wp-json\/wp\/v2\/media?parent=609"}],"wp:term":[{"taxonomy":"product_cat","embeddable":true,"href":"https:\/\/roulettes.vaniseo.top\/index.php\/wp-json\/wp\/v2\/product_cat?post=609"},{"taxonomy":"product_tag","embeddable":true,"href":"https:\/\/roulettes.vaniseo.top\/index.php\/wp-json\/wp\/v2\/product_tag?post=609"}],"curies":[{"name":"wp","href":"https:\/\/api.w.org\/{rel}","templated":true}]}}