{"id":611,"date":"2022-04-04T16:22:15","date_gmt":"2022-04-04T14:22:15","guid":{"rendered":"https:\/\/roulettes.vaniseo.top\/index.php\/produit\/patere-cuir-noir-4-crochets-chromes\/"},"modified":"2022-04-04T17:22:37","modified_gmt":"2022-04-04T15:22:37","slug":"patere-cuir-noir-4-crochets-chromes","status":"publish","type":"product","link":"https:\/\/roulettes.vaniseo.top\/index.php\/produit\/patere-cuir-noir-4-crochets-chromes\/","title":{"rendered":"Pat\u00e8re cuir noir 4 crochets chrom\u00e9s"},"content":{"rendered":"<h3>Pat\u00e8re en bois recouvert de cuir noir et 4 crochets chrom\u00e9s<\/h3>\n<p>_x000D_n1001 Pat\u00e8res vous propose ici une autre version de porte manteau <strong>4 crochets chrom\u00e9s<\/strong> de chez <strong>NESU<\/strong>, la <strong>pat\u00e8re cuir noir<\/strong>._x000D_n_x000D_nEn effet, NESU est l&rsquo;une des marques les plus repr\u00e9sent\u00e9es par notre boutique en ligne n\u00b01 en France de la vente de pat\u00e8res. Trouvez donc plus de <a href=\"https:\/\/1001pateres.com\/brand\/nesu\/\">50 r\u00e9f\u00e9rences de pat\u00e8res d\u00e9clin\u00e9es<\/a> pour toute la famille._x000D_n_x000D_nCi-contre, d\u00e9couvrez une version avec 4<strong> crochets doubles chrom\u00e9s<\/strong> install\u00e9s sur un <strong>support bois recouvert de cuir noir<\/strong>. M\u00eame style, m\u00eame crochets sont aussi disponibles dans les coloris suivants:_x000D_n<\/p>\n<ul>_x000D_n \t<\/p>\n<li><a href=\"https:\/\/1001pateres.com\/produit\/patere-bois-blanc-vielli-crochets-dores\/\">Bois blanc et crochets dor\u00e9s<\/a><\/li>\n<p>_x000D_n \t<\/p>\n<li><a href=\"https:\/\/1001pateres.com\/produit\/patere-4-crochets-dores-sur-fond-feuilles-dorees\/\">Bois noir\/feuilles dor\u00e9es et crochets dor\u00e9s<\/a><\/li>\n<p>_x000D_n \t<\/p>\n<li><a href=\"https:\/\/1001pateres.com\/produit\/patere-bois-feuilles-sur-fond-orange\/\">Bois naturel \/feuilles orang\u00e9es et crochets dor\u00e9s<\/a><\/li>\n<p>_x000D_n<\/ul>\n<p>_x000D_nVous aimerez donc la possibilit\u00e9 de <strong>maximiser votre rangement sur un support contrastant \u00e0 double crochets<\/strong>! En effet, en <strong>full-black<\/strong> (total look noir), c&rsquo;est la pi\u00e8ce parfaite pour valoriser une d\u00e9coration toute noire d&rsquo;une pi\u00e8ce. Ou, au contraire, cette pi\u00e8ce est parfaite pour une pi\u00e8ce tr\u00e8s claire. Le <strong>contraste noir \/ blanc<\/strong> offre beaucoup de design, et de modernit\u00e9._x000D_n_x000D_n&nbsp;_x000D_n<\/p>\n<h3>Installation de la pat\u00e8re cuir noir 4 crochets chrom\u00e9s<\/h3>\n<p>_x000D_n1001 Pat\u00e8res vous recommande donc de l&rsquo;installer dans n&rsquo;importe quelle pi\u00e8ce o\u00f9 un rangement de v\u00eatements et d&rsquo;accessoires est n\u00e9cessaire. Avec son style passe partout, choisissez la juste couleur, la pat\u00e8re offrira <strong>suffisamment de force de charge et de r\u00e9sistance<\/strong> pour accueillir tout ce que vous souhaitez suspendre._x000D_n_x000D_nEnfin, le porte manteau bois naturel\u00a0se fixe au mur avec <strong>2 vis et chevilles fournies<\/strong>, et votre perceuse.<strong> Facile et rapide d&rsquo;installation<\/strong>, pensez juste \u00e0 tenir compte de ses <strong>dimensions<\/strong>:_x000D_n<\/p>\n<ul>_x000D_n \t<\/p>\n<li>Support en bois: 40,5 cm X 10 cm<\/li>\n<p>_x000D_n \t<\/p>\n<li>Crochets double: 12,5 cm<\/li>\n<p>_x000D_n \t<\/p>\n<li>Ecartement du mur: 7 cm<\/li>\n<p>_x000D_n<\/ul>\n<p>_x000D_nAvec un tel style, il sera m\u00eame envisageable de l&rsquo;utiliser <strong>dans un bureau professionnel<\/strong> ou une salle de conf\u00e9rence. N&rsquo;h\u00e9sitez pas \u00e0 nous demander conseils.<\/p>\n","protected":false},"excerpt":{"rendered":"<p>Ce porte-manteaux design pour l&rsquo;<strong>ENTREE<\/strong> comportant 4 pat\u00e8res doubles en m\u00e9tal chrom\u00e9 brillant de la marque <em><strong>NESU<\/strong><\/em> est en bois recouvert <em>fa\u00e7on cuir noir<\/em> avec des accroches doubles. Il est \u00e0 poser partout dans la maison pour ne plus voir trainer ses affaires.\u00a0Son\u00a0syst\u00e8me d&rsquo;accrochage est simple, Les fixations au dos sont non visibles une fois pos\u00e9e sur le mur. Il est\u00a0original et de belle qualit\u00e9, en m\u00e9tal et en bois recouvert.<\/p>\n","protected":false},"featured_media":2249,"comment_status":"closed","ping_status":"open","template":"","meta":[],"product_cat":[29,20,32,17],"product_tag":[43],"class_list":["post-611","product","type-product","status-publish","has-post-thumbnail","hentry","product_cat-chambre-adulte","product_cat-cuisine","product_cat-entree-sejour","product_cat-salle-de-bain","product_tag-crochet-patere-patere-cuir-patere-design-patere-en-cuir-patere-murale-patere-porte-pateres-porte-manteau-porte-serviette-porte-torchon-vestiaire","description-off"],"_links":{"self":[{"href":"https:\/\/roulettes.vaniseo.top\/index.php\/wp-json\/wp\/v2\/product\/611","targetHints":{"allow":["GET"]}}],"collection":[{"href":"https:\/\/roulettes.vaniseo.top\/index.php\/wp-json\/wp\/v2\/product"}],"about":[{"href":"https:\/\/roulettes.vaniseo.top\/index.php\/wp-json\/wp\/v2\/types\/product"}],"replies":[{"embeddable":true,"href":"https:\/\/roulettes.vaniseo.top\/index.php\/wp-json\/wp\/v2\/comments?post=611"}],"version-history":[{"count":0,"href":"https:\/\/roulettes.vaniseo.top\/index.php\/wp-json\/wp\/v2\/product\/611\/revisions"}],"wp:featuredmedia":[{"embeddable":true,"href":"https:\/\/roulettes.vaniseo.top\/index.php\/wp-json\/wp\/v2\/media\/2249"}],"wp:attachment":[{"href":"https:\/\/roulettes.vaniseo.top\/index.php\/wp-json\/wp\/v2\/media?parent=611"}],"wp:term":[{"taxonomy":"product_cat","embeddable":true,"href":"https:\/\/roulettes.vaniseo.top\/index.php\/wp-json\/wp\/v2\/product_cat?post=611"},{"taxonomy":"product_tag","embeddable":true,"href":"https:\/\/roulettes.vaniseo.top\/index.php\/wp-json\/wp\/v2\/product_tag?post=611"}],"curies":[{"name":"wp","href":"https:\/\/api.w.org\/{rel}","templated":true}]}}