{"id":612,"date":"2022-04-04T16:22:15","date_gmt":"2022-04-04T14:22:15","guid":{"rendered":"https:\/\/roulettes.vaniseo.top\/index.php\/produit\/patere-en-bois-blanc-vieilli-4-crochets-dores\/"},"modified":"2022-04-04T17:22:38","modified_gmt":"2022-04-04T15:22:38","slug":"patere-en-bois-blanc-vieilli-4-crochets-dores","status":"publish","type":"product","link":"https:\/\/roulettes.vaniseo.top\/index.php\/produit\/patere-en-bois-blanc-vieilli-4-crochets-dores\/","title":{"rendered":"Pat\u00e8re en bois blanc vieilli 4 crochets dor\u00e9s"},"content":{"rendered":"<h3>Porte manteau bois blanc vieilli avec 4 crochets dor\u00e9s double<\/h3>\n<p>_x000D_n<strong>1001 Pat\u00e8res, n\u00b01 des ventes en France<\/strong> de pat\u00e8res et porte manteaux a le plaisir de vous proposer l&rsquo;ensemble des informations concernant la <strong>pat\u00e8re en bois blanc vieilli<\/strong> de chez <strong>NESU.<\/strong> Elle propose 4 crochets dor\u00e9s doubles pour un maximum de cachet et de rangement!_x000D_n_x000D_nTout d&rsquo;abord, nous vous rappelons que <strong>1001 Pat\u00e8res<\/strong> s\u00e9lectionne des marques du monde entier pour vous garantir un choix de styles et de prix, toujours au <strong>meilleur rapport qualit\u00e9 prix<\/strong>._x000D_n_x000D_nAinsi, <a href=\"https:\/\/1001pateres.com\/brand\/nesu\">NESU<\/a> est l&rsquo;une des marques les plus repr\u00e9sent\u00e9es sur notre site notamment ave une gamme de <strong>porte manteau \u00e0 4 crochets doubles<\/strong>. Ici, par exemple, il est question d&rsquo;une version <strong>en bois<\/strong> avec crochets en m\u00e9tal. Mais vous retrouverez \u00e9galement sur la boutique, d&rsquo;autres versions \u00e0 <strong>support m\u00e9tallique<\/strong> et crochets \u00e0 embouts c\u00e9ramiques, ultra vintage, comme le dernier rentr\u00e9 <a href=\"https:\/\/1001pateres.com\/produit\/patere-vintage-cuisine-breakfast\/\">Breakfast<\/a>\u00a0par exemple._x000D_n_x000D_n&nbsp;_x000D_n<\/p>\n<h2>Pat\u00e8re en bois blanc vieilli et 4 crochets double en m\u00e9tal dor\u00e9<\/h2>\n<p>_x000D_nAinsi, ci-contre, il est question d&rsquo;un support en bois rectangulaire, peint dans le<strong> style bois blanc vieilli<\/strong>. L&rsquo;<strong>aspect vintage<\/strong> vient contre balancer la <strong>brillance du dor\u00e9 des crochets tr\u00e8s moderne<\/strong>. Cette association vous permettra de l&rsquo;inclure dans une <strong>d\u00e9coration d&rsquo;int\u00e9rieur rustique comme moderne<\/strong>. Le tout est de lui trouver un emplacement dans une pi\u00e8ce disposant de <strong>touches de blanc et de dor\u00e9<\/strong>._x000D_n_x000D_nEn <strong>bois blanc d\u00e9cap\u00e9<\/strong>, retrouvez d&rsquo;autres r\u00e9f\u00e9rences NESU aux crochets:_x000D_n<\/p>\n<ul>_x000D_n \t<\/p>\n<li><a href=\"https:\/\/1001pateres.com\/produit\/patere-bois-blanc-vieilli-crochets-noir-vieilli\/\">Noirs vieillis<\/a><\/li>\n<p>_x000D_n \t<\/p>\n<li><a href=\"https:\/\/1001pateres.com\/produit\/patere-bois-blanc-vielli-crochets-acier-vieilli\/\">Acier vieillis<\/a><\/li>\n<p>_x000D_n<\/ul>\n<p>_x000D_nCelle-ci est \u00e9galement disponible en <a href=\"https:\/\/1001pateres.com\/produit\/patere-bois-blanc-vielli-crochets-dores\/\">dimensions 45 x 10 cm<\/a>. Ici, il est question des <strong>dimensions<\/strong> suivantes:_x000D_n<\/p>\n<ul>_x000D_n \t<\/p>\n<li>Support en bois: 40 cm X 7 cm<\/li>\n<p>_x000D_n \t<\/p>\n<li>Crochets m\u00e9tal: 9,5 cm<\/li>\n<p>_x000D_n \t<\/p>\n<li>Ecartement du mur: 8,5 cm<\/li>\n<p>_x000D_n<\/ul>\n<p>_x000D_nSinon, retrouvez ces <strong>crochets dor\u00e9s<\/strong> sur un support:_x000D_n<\/p>\n<ul>_x000D_n \t<\/p>\n<li><a href=\"https:\/\/1001pateres.com\/produit\/patere-bois-hetre-4-crochets-dore-sur-fond-patchwork-violet\/\">H\u00eatre et patchwork violet<\/a><\/li>\n<p>_x000D_n \t<\/p>\n<li><a href=\"https:\/\/1001pateres.com\/produit\/patere-4-crochets-dores-sur-fond-feuilles-dorees\/\">Bois noir et fond feuilles dor\u00e9s<\/a><\/li>\n<p>_x000D_n \t<\/p>\n<li><a href=\"https:\/\/1001pateres.com\/produit\/patere-bois-feuilles-sur-fond-orange\/\">Bois naturel et fond feuilles<\/a> roses, violettes, oranges<\/li>\n<p>_x000D_n<\/ul>\n<p>_x000D_nPour finir, c\u00f4t\u00e9 installation, rien de compliqu\u00e9! Au dos du support, le syst\u00e8me d&rsquo;accrochage est invisible une fois fix\u00e9. Il se fixe au mur avec 2 vis et chevilles fournies, et votre perceuse.<\/p>\n","protected":false},"excerpt":{"rendered":"<p>Ce porte manteau bois design pour l&rsquo;<strong>ENTREE<\/strong> comporte 4 pat\u00e8res doubles en m\u00e9tal dor\u00e9 de la marque <em><strong>NESU<\/strong><\/em>. Il est en bois <em>blanc vieilli<\/em> avec des crochets en m\u00e9tal de couleur dor\u00e9. Il est \u00e0 poser partout dans la maison pour ne plus voir trainer ses affaires.\u00a0Son\u00a0syst\u00e8me d&rsquo;accrochage est simple, Les fixations au dos sont non visibles, une fois pos\u00e9 sur le mur. Il est\u00a0original et de belle qualit\u00e9, en m\u00e9tal dor\u00e9 et en bois blanc vieilli.<\/p>\n","protected":false},"featured_media":2250,"comment_status":"closed","ping_status":"open","template":"","meta":[],"product_cat":[29,20,32,17],"product_tag":[25],"class_list":["post-612","product","type-product","status-publish","has-post-thumbnail","hentry","product_cat-chambre-adulte","product_cat-cuisine","product_cat-entree-sejour","product_cat-salle-de-bain","product_tag-crochet-patere-patere-design-patere-murale-patere-porte-pateres-porte-manteau-porte-serviette-porte-torchon-vestiaire","description-off"],"_links":{"self":[{"href":"https:\/\/roulettes.vaniseo.top\/index.php\/wp-json\/wp\/v2\/product\/612","targetHints":{"allow":["GET"]}}],"collection":[{"href":"https:\/\/roulettes.vaniseo.top\/index.php\/wp-json\/wp\/v2\/product"}],"about":[{"href":"https:\/\/roulettes.vaniseo.top\/index.php\/wp-json\/wp\/v2\/types\/product"}],"replies":[{"embeddable":true,"href":"https:\/\/roulettes.vaniseo.top\/index.php\/wp-json\/wp\/v2\/comments?post=612"}],"version-history":[{"count":0,"href":"https:\/\/roulettes.vaniseo.top\/index.php\/wp-json\/wp\/v2\/product\/612\/revisions"}],"wp:featuredmedia":[{"embeddable":true,"href":"https:\/\/roulettes.vaniseo.top\/index.php\/wp-json\/wp\/v2\/media\/2250"}],"wp:attachment":[{"href":"https:\/\/roulettes.vaniseo.top\/index.php\/wp-json\/wp\/v2\/media?parent=612"}],"wp:term":[{"taxonomy":"product_cat","embeddable":true,"href":"https:\/\/roulettes.vaniseo.top\/index.php\/wp-json\/wp\/v2\/product_cat?post=612"},{"taxonomy":"product_tag","embeddable":true,"href":"https:\/\/roulettes.vaniseo.top\/index.php\/wp-json\/wp\/v2\/product_tag?post=612"}],"curies":[{"name":"wp","href":"https:\/\/api.w.org\/{rel}","templated":true}]}}