{"id":613,"date":"2022-04-04T16:22:15","date_gmt":"2022-04-04T14:22:15","guid":{"rendered":"https:\/\/roulettes.vaniseo.top\/index.php\/produit\/patere-bois-et-blanc-coton-toucan-de-drugeot\/"},"modified":"2022-04-04T17:22:38","modified_gmt":"2022-04-04T15:22:38","slug":"patere-bois-et-blanc-coton-toucan-de-drugeot","status":"publish","type":"product","link":"https:\/\/roulettes.vaniseo.top\/index.php\/produit\/patere-bois-et-blanc-coton-toucan-de-drugeot\/","title":{"rendered":"Pat\u00e8re bois et blanc coton Toucan de DRUGEOT"},"content":{"rendered":"<h3>Pat\u00e8re toucan en bois naturel blanc coton<\/h3>\n<p>_x000D_nDans la collection Toucan de chez\u00a0<strong>Drugeot<\/strong>, 1001 Pat\u00e8res dispose d\u00e9sormais \u00e9galement du\u00a0<strong>porte manteau bois et\u00a0blanc coton\u00a0<\/strong>. En effet, <strong>1001 Pat\u00e8res<\/strong> vous pr\u00e9sente ici toutes les informations technique et esth\u00e9tique de cette <strong>pat\u00e8re \u00e0 bec unique, original et inclinable<\/strong>._x000D_n_x000D_nD&rsquo;ailleurs, ce site est le n\u00b01 en France de la vente en ligne de porte manteaux. Vous profitez de nombreuses r\u00e9f\u00e9rences de pat\u00e8res au <strong>meilleur rapport qualit\u00e9 prix<\/strong> issues de diff\u00e9rents <strong>designers fran\u00e7ais et internationaux<\/strong>. Vous verrez, tous sont de qualit\u00e9s, et de styles vari\u00e9s. Vous pouvez ainsi optimiser la <strong>d\u00e9coration<\/strong> et le <strong>rangement<\/strong> de votre int\u00e9rieur, quelque soit le budget choisi. En plus, vous limitez les frais de port et soutenez un site marchand fran\u00e7ais!_x000D_n_x000D_n&nbsp;_x000D_n<\/p>\n<h3>Porte manteau bois toucan\u00a0blanc coton Drugeot<\/h3>\n<p>_x000D_nIci, concr\u00e8tement, il s\u2019agit d&rsquo;un toucan de couleur bois naturel au bec blanc coton. Comme les autres, il est issu de la <strong>collection Toucan sign\u00e9e du designer\u00a0fran\u00e7ais Gregory JOLLY pour Drugeot<\/strong>.\u00a0Celle-ci est\u00a0enti\u00e8rement<strong> fabriqu\u00e9e en France<\/strong>. D\u2019ailleurs, comme notre ambition est de vous inspirer une v\u00e9ritable voli\u00e8re, nous avons s\u00e9lectionn\u00e9 de nombreux coloris, \u00e0 savoir:_x000D_n<\/p>\n<ul>_x000D_n \t<\/p>\n<li><strong>Rouge vermillon<\/strong><\/li>\n<p>_x000D_n \t<\/p>\n<li><strong>Jaune safran<\/strong><\/li>\n<p>_x000D_n \t<\/p>\n<li><strong>Bleu turquoise<\/strong><\/li>\n<p>_x000D_n \t<\/p>\n<li><strong>Jaune moutarde<\/strong><\/li>\n<p>_x000D_n \t<\/p>\n<li><strong>Gris \u00e9l\u00e9phant<\/strong><\/li>\n<p>_x000D_n \t<\/p>\n<li><strong>Blanc gris<\/strong><\/li>\n<p>_x000D_n \t<\/p>\n<li>Et d\u00e9sormais \u00e9galement <strong>bleu nuit, <a href=\"https:\/\/1001pateres.com\/produit\/porte-manteau-toucan-bois-gris-vieuville-drugeot\/\">gris vieuville<\/a>, blanc coton<\/strong><\/li>\n<p>_x000D_n<\/ul>\n<p>_x000D_nBien s\u00fbr, r\u00e9aliser une telle voli\u00e8re \u00e0 toucans est possible aussi bien dans une maison ou que dans une entreprise. Le r\u00e9sultat est \u00e0 la fois<strong>\u00a0joyeux et \u00e9l\u00e9gant <\/strong>via\u00a0style <strong>minimaliste et \u00e9l\u00e9gant<\/strong>, qui maximise le rangement.\u00a0En plus, chaque pat\u00e8re est robuste puisqu&rsquo;elle\u00a0<strong>supporte jusqu\u2019\u00e0 5 kg de charge<\/strong>._x000D_n_x000D_n&nbsp;_x000D_n<\/p>\n<h3>Caract\u00e9ristiques techniques de la pat\u00e8re \u00e0 crochet unique bois Toucan<\/h3>\n<p>_x000D_nEnfin, la pat\u00e8re est en bois de h\u00eatre massif et se divise en deux parties:_x000D_n<\/p>\n<ul>_x000D_n \t<\/p>\n<li>Le <strong>corps<\/strong> est de <strong>couleur bois naturel<\/strong>, il se fixe au mur.<\/li>\n<p>_x000D_n \t<\/p>\n<li>Le <strong>bec<\/strong> est la <strong>partie peinte et inclinable<\/strong>.<\/li>\n<p>_x000D_n<\/ul>\n<p>_x000D_nLa <strong>connexion des deux parties forme l\u2019oeil noir<\/strong> du toucan.\u00a0Libre \u00e0 vous d\u2019utiliser crochet ou vis+cheville et une perceuse selon votre mur. Quoiqu&rsquo;il en soit, le syst\u00e8me d\u2019accrochage est au dos et non visible._x000D_n_x000D_nDimensions:_x000D_n<\/p>\n<ul>_x000D_n \t<\/p>\n<li>Corps du toucan contre le mur : 17,8 cm X 3 cm X 3 cm<\/li>\n<p>_x000D_n \t<\/p>\n<li>Longueur du bec : 10 cm<\/li>\n<p>_x000D_n<\/ul>\n","protected":false},"excerpt":{"rendered":"<p>Porte-manteau <strong>TOUCAN<\/strong> <em><strong>DRUGEOT<\/strong><\/em> blanc coton. Tout d&rsquo;abord, cette forme douce et apaisante\u00a0est en\u00a0bois de h\u00eatre massif dont le bec du toucan est peint en blanc coton.\u00a0Cette pat\u00e8re est made in FRANCE design de Gregory JOLLY.\u00a0Elle se pose par exemple dans la chambre de l&rsquo;enfant ou dans l&rsquo;entr\u00e9e pour ne plus voir trainer ses affaires. Aussi, elle comporte un syst\u00e8me d&rsquo;accrochage non visible au dos.<\/p>\n","protected":false},"featured_media":2251,"comment_status":"closed","ping_status":"open","template":"","meta":[],"product_cat":[16,32,17],"product_tag":[27],"class_list":["post-613","product","type-product","status-publish","has-post-thumbnail","hentry","product_cat-chambre-enfant","product_cat-entree-sejour","product_cat-salle-de-bain","product_tag-crochet-patere-patere-design-patere-murale-patere-porte-pateres-porte-serviette-porte-torchon-vestiaire","description-off"],"_links":{"self":[{"href":"https:\/\/roulettes.vaniseo.top\/index.php\/wp-json\/wp\/v2\/product\/613","targetHints":{"allow":["GET"]}}],"collection":[{"href":"https:\/\/roulettes.vaniseo.top\/index.php\/wp-json\/wp\/v2\/product"}],"about":[{"href":"https:\/\/roulettes.vaniseo.top\/index.php\/wp-json\/wp\/v2\/types\/product"}],"replies":[{"embeddable":true,"href":"https:\/\/roulettes.vaniseo.top\/index.php\/wp-json\/wp\/v2\/comments?post=613"}],"version-history":[{"count":0,"href":"https:\/\/roulettes.vaniseo.top\/index.php\/wp-json\/wp\/v2\/product\/613\/revisions"}],"wp:featuredmedia":[{"embeddable":true,"href":"https:\/\/roulettes.vaniseo.top\/index.php\/wp-json\/wp\/v2\/media\/2251"}],"wp:attachment":[{"href":"https:\/\/roulettes.vaniseo.top\/index.php\/wp-json\/wp\/v2\/media?parent=613"}],"wp:term":[{"taxonomy":"product_cat","embeddable":true,"href":"https:\/\/roulettes.vaniseo.top\/index.php\/wp-json\/wp\/v2\/product_cat?post=613"},{"taxonomy":"product_tag","embeddable":true,"href":"https:\/\/roulettes.vaniseo.top\/index.php\/wp-json\/wp\/v2\/product_tag?post=613"}],"curies":[{"name":"wp","href":"https:\/\/api.w.org\/{rel}","templated":true}]}}