{"id":614,"date":"2022-04-04T16:22:15","date_gmt":"2022-04-04T14:22:15","guid":{"rendered":"https:\/\/roulettes.vaniseo.top\/index.php\/produit\/patere-toucan-bois-gris-vieuville-drugeot\/"},"modified":"2022-04-04T17:22:38","modified_gmt":"2022-04-04T15:22:38","slug":"patere-toucan-bois-gris-vieuville-drugeot","status":"publish","type":"product","link":"https:\/\/roulettes.vaniseo.top\/index.php\/produit\/patere-toucan-bois-gris-vieuville-drugeot\/","title":{"rendered":"Pat\u00e8re toucan bois gris vieuville DRUGEOT"},"content":{"rendered":"<h3>Pat\u00e8re Toucan en bois naturel gris vieuville<\/h3>\n<p>_x000D_nUne voli\u00e8re \u00e0 toucans chez vous, oui, c&rsquo;est possible! Pour cela, d\u00e9couvrez vite ci dessous l&rsquo;un des toucans de la collection <strong>Drugeot<\/strong>, le\u00a0<strong>porte manteau bois toucan gris vieuville<\/strong>. En effet, <strong>1001 Pat\u00e8res<\/strong> vous pr\u00e9sente ici toutes les informations technique et esth\u00e9tique de cette <strong>pat\u00e8re \u00e0 crochet unique originale et inclinable<\/strong>._x000D_n_x000D_nD&rsquo;ailleurs, ce site est le n\u00b01 en France de la vente en ligne de porte manteaux. Il s\u00e9lectionne pour vous de nombreuses pat\u00e8res au <strong>meilleur rapport qualit\u00e9 prix<\/strong> issues de diff\u00e9rents <strong>designers fran\u00e7ais et internationaux<\/strong>. Vous verrez, les porte manteaux sont de qualit\u00e9s, et de styles vari\u00e9s. L&rsquo;id\u00e9e est de vous permettre d&rsquo;optimiser la <strong>d\u00e9coration<\/strong> et le <strong>rangement<\/strong> de votre int\u00e9rieur, quelque soit le budget. En plus, vous limitez les frais de port en soutenant un site marchand fran\u00e7ais!_x000D_n_x000D_n&nbsp;_x000D_n<\/p>\n<h3>Porte manteau bois toucan\u00a0gris vieuville Drugeot<\/h3>\n<p>_x000D_nAlors, ci-contre, il s\u2019agit d&rsquo;un toucan de la <strong>collection Toucan sign\u00e9e du designer\u00a0fran\u00e7ais Gregory JOLLY pour Drugeot<\/strong>, enti\u00e8rement<strong> fabriqu\u00e9e en France<\/strong>. D\u2019ailleurs, comme notre ambition est de vous inspirer une v\u00e9ritable voli\u00e8re, nous avons s\u00e9lectionn\u00e9 un maximum de coloris possibles, \u00e0 savoir:_x000D_n<\/p>\n<ul>_x000D_n \t<\/p>\n<li><strong>Rouge vermillon<\/strong><\/li>\n<p>_x000D_n \t<\/p>\n<li><strong>Jaune safran<\/strong><\/li>\n<p>_x000D_n \t<\/p>\n<li><strong>Bleu turquoise<\/strong><\/li>\n<p>_x000D_n \t<\/p>\n<li><strong>Jaune moutarde<\/strong><\/li>\n<p>_x000D_n \t<\/p>\n<li><strong>Gris \u00e9l\u00e9phant<\/strong><\/li>\n<p>_x000D_n \t<\/p>\n<li><strong>Blanc gris<\/strong><\/li>\n<p>_x000D_n \t<\/p>\n<li>Et d\u00e9sormais \u00e9galement <strong><a href=\"https:\/\/1001pateres.com\/produit\/porte-manteau-toucan-bois-bleu-nuit-drugeot\/\">bleu nuit<\/a>, gris vieuville, blanc coton<\/strong><\/li>\n<p>_x000D_n<\/ul>\n<p>_x000D_nBien s\u00fbr, r\u00e9aliser une telle voli\u00e8re \u00e0 toucans est possible dans n&rsquo;importe quelle pi\u00e8ce d&rsquo;une maison ou d&rsquo;une entreprise. Il s&rsquo;agit de donner un v\u00e9ritable style <strong>minimaliste et \u00e9l\u00e9gant<\/strong>, qui maximise en plus le rangement._x000D_n_x000D_nEn plus, chaque pat\u00e8re est robuste puisqu&rsquo;elle\u00a0<strong>supporte jusqu\u2019\u00e0 5 kg de charge.<\/strong>\u00a0Le r\u00e9sultat est \u00e0 la fois<strong>\u00a0joyeux et \u00e9l\u00e9gant<\/strong>._x000D_n_x000D_n&nbsp;_x000D_n<\/p>\n<h3>Caract\u00e9ristiques techniques de la pat\u00e8re \u00e0 crochet unique bois Toucan<\/h3>\n<p>_x000D_nEnfin, la pat\u00e8re est en bois de h\u00eatre massif et se divise en deux parties. Le <strong>corps<\/strong> est de <strong>couleur bois naturel<\/strong>, il est \u00e0 fixer au mur. Le <strong>bec<\/strong> est la <strong>partie peinte et inclinable<\/strong>. La <strong>connexion des deux parties forme l\u2019oeil noir<\/strong> du toucan.\u00a0Libre \u00e0 vous d\u2019utiliser crochet ou vis+cheville et une perceuse selon votre mur. Ses dimensions sont de:_x000D_n<\/p>\n<ul>_x000D_n \t<\/p>\n<li>Corps du toucan contre le mur : 17,8 cm X 3 cm X 3 cm<\/li>\n<p>_x000D_n \t<\/p>\n<li>Longueur du bec : 10 cm<\/li>\n<p>_x000D_n<\/ul>\n","protected":false},"excerpt":{"rendered":"<p>Porte-manteau <strong>TOUCAN<\/strong> <em><strong>DRUGEOT<\/strong><\/em> gris vieuville. Tout d&rsquo;abord, cette forme douce et apaisante\u00a0est en\u00a0bois de h\u00eatre massif dont le bec du toucan est peint en gris vieuville.\u00a0Cette pat\u00e8re est made in FRANCE design de Gregory JOLLY.\u00a0Elle se pose par exemple dans la chambre de l&rsquo;enfant ou dans l&rsquo;entr\u00e9e pour ne plus voir trainer ses affaires. Aussi, elle comporte un syst\u00e8me d&rsquo;accrochage non visible au dos.<\/p>\n","protected":false},"featured_media":2252,"comment_status":"closed","ping_status":"open","template":"","meta":[],"product_cat":[16,32,17],"product_tag":[27],"class_list":["post-614","product","type-product","status-publish","has-post-thumbnail","hentry","product_cat-chambre-enfant","product_cat-entree-sejour","product_cat-salle-de-bain","product_tag-crochet-patere-patere-design-patere-murale-patere-porte-pateres-porte-serviette-porte-torchon-vestiaire","description-off"],"_links":{"self":[{"href":"https:\/\/roulettes.vaniseo.top\/index.php\/wp-json\/wp\/v2\/product\/614","targetHints":{"allow":["GET"]}}],"collection":[{"href":"https:\/\/roulettes.vaniseo.top\/index.php\/wp-json\/wp\/v2\/product"}],"about":[{"href":"https:\/\/roulettes.vaniseo.top\/index.php\/wp-json\/wp\/v2\/types\/product"}],"replies":[{"embeddable":true,"href":"https:\/\/roulettes.vaniseo.top\/index.php\/wp-json\/wp\/v2\/comments?post=614"}],"version-history":[{"count":0,"href":"https:\/\/roulettes.vaniseo.top\/index.php\/wp-json\/wp\/v2\/product\/614\/revisions"}],"wp:featuredmedia":[{"embeddable":true,"href":"https:\/\/roulettes.vaniseo.top\/index.php\/wp-json\/wp\/v2\/media\/2252"}],"wp:attachment":[{"href":"https:\/\/roulettes.vaniseo.top\/index.php\/wp-json\/wp\/v2\/media?parent=614"}],"wp:term":[{"taxonomy":"product_cat","embeddable":true,"href":"https:\/\/roulettes.vaniseo.top\/index.php\/wp-json\/wp\/v2\/product_cat?post=614"},{"taxonomy":"product_tag","embeddable":true,"href":"https:\/\/roulettes.vaniseo.top\/index.php\/wp-json\/wp\/v2\/product_tag?post=614"}],"curies":[{"name":"wp","href":"https:\/\/api.w.org\/{rel}","templated":true}]}}