{"id":615,"date":"2022-04-04T16:22:15","date_gmt":"2022-04-04T14:22:15","guid":{"rendered":"https:\/\/roulettes.vaniseo.top\/index.php\/produit\/patere-bois-toucan-bleu-nuit-drugeot\/"},"modified":"2022-04-04T17:22:39","modified_gmt":"2022-04-04T15:22:39","slug":"patere-bois-toucan-bleu-nuit-drugeot","status":"publish","type":"product","link":"https:\/\/roulettes.vaniseo.top\/index.php\/produit\/patere-bois-toucan-bleu-nuit-drugeot\/","title":{"rendered":"Pat\u00e8re bois toucan bleu nuit DRUGEOT"},"content":{"rendered":"<h3>Pat\u00e8re Toucan en bois naturel et bleu nuit<\/h3>\n<p>_x000D_nUn toucan chez vous, oui c&rsquo;est possible? Gr\u00e2ce au <strong>porte manteau bois toucan bleu nuit<\/strong> de chez <strong>Drugeot<\/strong>. En effet, <strong>1001 Pat\u00e8res<\/strong> vous pr\u00e9sente ici toutes les informations concernant cette pat\u00e8re \u00e0 crochet unique originale, d&rsquo;un point de vue technique et esth\u00e9tique._x000D_n_x000D_nD&rsquo;ailleurs, retrouvez sur ce site, n\u00b01 en France de la vente ne ligne de porte manteaux,\u00a0de nombreuses pat\u00e8res au <strong>meilleur rapport qualit\u00e9 prix<\/strong> issues de diff\u00e9rents <strong>designers fran\u00e7ais et internationaux<\/strong>. Vous verrez, les porte manteaux sont de qualit\u00e9s, et de styles vari\u00e9s. L&rsquo;id\u00e9e est de vous permettre d&rsquo;optimiser la <strong>d\u00e9coration<\/strong> et le <strong>rangement<\/strong> de votre int\u00e9rieur, quelque soit le budget._x000D_n_x000D_n&nbsp;_x000D_n<\/p>\n<h3>Porte manteau bois toucan bleu nuit Drugeot<\/h3>\n<p>_x000D_nAinsi, ci-contre, il s\u2019agit de la <strong>collection Toucan sign\u00e9e du designer\u00a0fran\u00e7ais Gregory JOLLY pour la marque Drugeot<\/strong>. Cette collection\u00a0est enti\u00e8rement<strong> fabriqu\u00e9e en France<\/strong>. D\u2019ailleurs, notre site propose l\u2019ensemble des coloris, \u00e0 savoir:_x000D_n<\/p>\n<ul>_x000D_n \t<\/p>\n<li><strong>Rouge vermillon<\/strong><\/li>\n<p>_x000D_n \t<\/p>\n<li><strong>Jaune safran<\/strong><\/li>\n<p>_x000D_n \t<\/p>\n<li><a href=\"https:\/\/1001pateres.com\/produit\/porte-manteau-toucan-de-la-marque-drugeot-bleu-turquoise\/\"><strong>Bleu turquoise<\/strong><\/a><\/li>\n<p>_x000D_n \t<\/p>\n<li><strong>Jaune moutarde<\/strong><\/li>\n<p>_x000D_n \t<\/p>\n<li><strong>Gris \u00e9l\u00e9phant<\/strong><\/li>\n<p>_x000D_n \t<\/p>\n<li><strong>Blanc gris<\/strong><\/li>\n<p>_x000D_n \t<\/p>\n<li>Et d\u00e9sormais \u00e9galement <strong>bleu nuit, gris vieuville, blanc coton<\/strong><\/li>\n<p>_x000D_n<\/ul>\n<p>_x000D_nGr\u00e2ce \u00e0 ce large panel de toucan, vous avez l&rsquo;opportunit\u00e9 de <strong>cr\u00e9er un v\u00e9ritable espace original et fun<\/strong> de rangement, une vraie\u00a0<strong>voli\u00e8re \u00e0 toucans<\/strong>!_x000D_n_x000D_nBien s\u00fbr, ce type d&rsquo;univers est r\u00e9alisable dans n&rsquo;importe quelle pi\u00e8ce de la maison tant le design de chaque pat\u00e8re est <strong>minimaliste et \u00e9l\u00e9gant<\/strong>. Nos clients l\u2019utilisent indiff\u00e9remment dans une entr\u00e9e ou dans une chambre. Chaque pat\u00e8re <strong>supporte jusqu\u2019\u00e0 5 kg de charge.<\/strong>\u00a0La pat\u00e8re est <strong>robuste, joyeuse et \u00e9l\u00e9gante<\/strong>._x000D_n_x000D_n&nbsp;_x000D_n<\/p>\n<h3>Caract\u00e9ristiques techniques de la pat\u00e8re \u00e0 crochet unique bois Toucan<\/h3>\n<p>_x000D_nEnfin, la pat\u00e8re en bois se divise en deux parties. Le <strong>corps<\/strong> est de <strong>couleur bois naturel<\/strong>, il est \u00e0 fixer au mur. Le <strong>bec<\/strong> est la <strong>partie peinte et inclinable<\/strong>. L\u2019ensemble est en <strong>bois de h\u00eatre massif<\/strong>. La <strong>connexion des deux parties forme l\u2019oeil noir<\/strong> du toucan._x000D_n_x000D_nPour une fixation\u00a0<strong>discr\u00e8te, parfaite, et non visible,<\/strong>\u00a0tout est au dos. Libre \u00e0 vous d\u2019utiliser crochet ou vis+cheville et une perceuse selon votre mur._x000D_n_x000D_n<strong>Dimensions :<\/strong>_x000D_n<\/p>\n<ul>_x000D_n \t<\/p>\n<li>Corps du toucan contre le mur : 17,8 cm X 3 cm X 3 cm<\/li>\n<p>_x000D_n \t<\/p>\n<li>Longueur du bec du toucan: 10 cm<\/li>\n<p>_x000D_n<\/ul>\n","protected":false},"excerpt":{"rendered":"<p>Porte-manteau <strong>TOUCAN<\/strong> <em><strong>DRUGEOT<\/strong><\/em> bleu nuit. Tout d&rsquo;abord, cette forme douce et apaisante\u00a0est en\u00a0bois de h\u00eatre massif dont le bec du toucan est peint en bleu nuit.\u00a0Cette pat\u00e8re est made in FRANCE design de Gregory JOLLY.\u00a0Elle se pose par exemple dans la chambre de l&rsquo;enfant ou dans l&rsquo;entr\u00e9e pour ne plus voir trainer ses affaires. Aussi, elle comporte un syst\u00e8me d&rsquo;accrochage non visible au dos.<\/p>\n","protected":false},"featured_media":2253,"comment_status":"closed","ping_status":"open","template":"","meta":[],"product_cat":[16,32,17],"product_tag":[27],"class_list":["post-615","product","type-product","status-publish","has-post-thumbnail","hentry","product_cat-chambre-enfant","product_cat-entree-sejour","product_cat-salle-de-bain","product_tag-crochet-patere-patere-design-patere-murale-patere-porte-pateres-porte-serviette-porte-torchon-vestiaire","description-off"],"_links":{"self":[{"href":"https:\/\/roulettes.vaniseo.top\/index.php\/wp-json\/wp\/v2\/product\/615","targetHints":{"allow":["GET"]}}],"collection":[{"href":"https:\/\/roulettes.vaniseo.top\/index.php\/wp-json\/wp\/v2\/product"}],"about":[{"href":"https:\/\/roulettes.vaniseo.top\/index.php\/wp-json\/wp\/v2\/types\/product"}],"replies":[{"embeddable":true,"href":"https:\/\/roulettes.vaniseo.top\/index.php\/wp-json\/wp\/v2\/comments?post=615"}],"version-history":[{"count":0,"href":"https:\/\/roulettes.vaniseo.top\/index.php\/wp-json\/wp\/v2\/product\/615\/revisions"}],"wp:featuredmedia":[{"embeddable":true,"href":"https:\/\/roulettes.vaniseo.top\/index.php\/wp-json\/wp\/v2\/media\/2253"}],"wp:attachment":[{"href":"https:\/\/roulettes.vaniseo.top\/index.php\/wp-json\/wp\/v2\/media?parent=615"}],"wp:term":[{"taxonomy":"product_cat","embeddable":true,"href":"https:\/\/roulettes.vaniseo.top\/index.php\/wp-json\/wp\/v2\/product_cat?post=615"},{"taxonomy":"product_tag","embeddable":true,"href":"https:\/\/roulettes.vaniseo.top\/index.php\/wp-json\/wp\/v2\/product_tag?post=615"}],"curies":[{"name":"wp","href":"https:\/\/api.w.org\/{rel}","templated":true}]}}