{"id":616,"date":"2022-04-04T16:22:19","date_gmt":"2022-04-04T14:22:19","guid":{"rendered":"https:\/\/roulettes.vaniseo.top\/index.php\/produit\/porte-manteau-bois-et-metal-woody-de-umbra\/"},"modified":"2022-04-04T17:22:40","modified_gmt":"2022-04-04T15:22:40","slug":"porte-manteau-bois-et-metal-woody-de-umbra","status":"publish","type":"product","link":"https:\/\/roulettes.vaniseo.top\/index.php\/produit\/porte-manteau-bois-et-metal-woody-de-umbra\/","title":{"rendered":"Porte manteau bois et m\u00e9tal WOODY de UMBRA"},"content":{"rendered":"<h3>Pat\u00e8re en bois naturel et m\u00e9tal WOODY du designer UMBRA<\/h3>\n<p>_x000D_nVotre boutique en ligne <strong>1001 Pat\u00e8res<\/strong> n&rsquo;a de cesse de vous d\u00e9goter de nouvelles r\u00e9f\u00e9rences aussi <strong>\u00e9tonnantes<\/strong> que <strong>de qualit\u00e9<\/strong>. Ici encore, d\u00e9couvrez un <strong>porte manteau bois et m\u00e9tal<\/strong> r\u00e9f\u00e9renc\u00e9 <strong>Woody<\/strong> et imagin\u00e9 par la marque <strong>Umbra<\/strong>._x000D_n_x000D_n1001 Pat\u00e8res vous dit tout ce qu&rsquo;il faut savoir \u00e0 son sujet ci dessous, d&rsquo;un point de vue technique mais aussi d\u00e9coratif._x000D_n_x000D_nTout d&rsquo;abord, comme vous pourrez le constater sur ce site, 1001 Pat\u00e8res d\u00e9niche pour vous les meilleures r\u00e9f\u00e9rences de pat\u00e8res et porte manteaux parmi un large panel de <strong>marques internationales<\/strong>. Ainsi, vous b\u00e9n\u00e9ficiez de <strong>plusieurs styles aux meilleurs rapports qualit\u00e9 prix<\/strong> pour ranger et styliser votre int\u00e9rieur professionnel et priv\u00e9._x000D_n_x000D_nIci, il s&rsquo;agit de la marque <strong>Umbra<\/strong>, d\u00e9j\u00e0 tr\u00e8s largement repr\u00e9sent\u00e9 sur le site. La marque canadienne doit son succ\u00e8s avec sa collection ludique de <strong><em>Buddy Hook<\/em><\/strong> en r\u00e9sine prenant tant\u00f4t la forme de porte manteau <a href=\"https:\/\/1001pateres.com\/produit\/set-de-3-pateres-buddy-hooks-color-umbra\/\">mural<\/a>, tant\u00f4t de pat\u00e8re <a href=\"https:\/\/1001pateres.com\/produit\/pateres-sur-porte-4-buddy-hooks-blanc-umbra\/\">sur-porte<\/a> et porte de <a href=\"https:\/\/1001pateres.com\/produit\/lot-de-2-porte-torchon-buddy-noir-sur-porte-de-placard-umbra\/\">placard<\/a>._x000D_n_x000D_nEn revanche, ci-contre, la r\u00e9f\u00e9rence pr\u00e9sent\u00e9e est <strong>WOODY<\/strong>. Il s&rsquo;agit encore d&rsquo;une forme de bonhomme mais cette fois-ci aux <strong>bras et jambes en tiges de m\u00e9tal noir<\/strong> et \u00e0 la <strong>t\u00eate et extr\u00e9mit\u00e9s en boules de bois naturel vernis<\/strong>. La t\u00eate et le buste sont plut\u00f4t plaqu\u00e9s au mur, tandis que les extr\u00e9mit\u00e9s boules font offices de crochets pour suspendre vos affaires._x000D_n_x000D_nAinsi, vous l&rsquo;aurez compris, chaque pat\u00e8re offre donc <strong>4 crochets<\/strong>. Bien s\u00fbr, le fait d&rsquo;\u00eatre en forme de boules permet \u00e0 la fois de bien maintenir les v\u00eatements mais en plus de <strong>ne pas les marquer<\/strong>._x000D_n_x000D_n&nbsp;_x000D_n<\/p>\n<h3>Installation du porte manteau bois et m\u00e9tal Woody de Umbra<\/h3>\n<p>_x000D_nPour finir, pour proc\u00e9der \u00e0 son <strong>installation<\/strong>, cette pat\u00e8re en bois naturel offre deux zones de fixations invisibles au dos une fois pos\u00e9e. Vis et chevilles ou clous selon vos pr\u00e9f\u00e9rences, viendront rapidement et facilement lui permettre d&rsquo;\u00eatre utilis\u00e9e._x000D_n_x000D_nN&rsquo;oubliez pas de tenir compte de ses <strong>dimensions<\/strong>:_x000D_n<\/p>\n<ul>_x000D_n \t<\/p>\n<li>Hauteur: 13 cm<\/li>\n<p>_x000D_n \t<\/p>\n<li>Largeur max. : 17 cm<\/li>\n<p>_x000D_n \t<\/p>\n<li>Ecartement du mur: 8 cm<\/li>\n<p>_x000D_n<\/ul>\n","protected":false},"excerpt":{"rendered":"<p>D\u00e9couvrez \u00e0 la vente chez 1001 Pat\u00e8res, un porte manteau en bois naturel <strong>WOODY UMBRA<\/strong> \u00e0 4 crochets boules pour ranger vos v\u00eatements. Les bras et les jambes sont en tiges de m\u00e9tal fines, les pieds et mains sont les crochets boules._x000D_n_x000D_nL&rsquo;ensemble des extr\u00e9mit\u00e9s et le buste sont en bois naturel vernis. A vous la <em><strong>d\u00e9co ludique<\/strong><\/em> et qualitative avec ce Woody!<\/p>\n","protected":false},"featured_media":2254,"comment_status":"closed","ping_status":"open","template":"","meta":[],"product_cat":[19,32,21],"product_tag":[27],"class_list":["post-616","product","type-product","status-publish","has-post-thumbnail","hentry","product_cat-collectivite","product_cat-entree-sejour","product_cat-entreprise","product_tag-crochet-patere-patere-design-patere-murale-patere-porte-pateres-porte-serviette-porte-torchon-vestiaire","description-off"],"_links":{"self":[{"href":"https:\/\/roulettes.vaniseo.top\/index.php\/wp-json\/wp\/v2\/product\/616","targetHints":{"allow":["GET"]}}],"collection":[{"href":"https:\/\/roulettes.vaniseo.top\/index.php\/wp-json\/wp\/v2\/product"}],"about":[{"href":"https:\/\/roulettes.vaniseo.top\/index.php\/wp-json\/wp\/v2\/types\/product"}],"replies":[{"embeddable":true,"href":"https:\/\/roulettes.vaniseo.top\/index.php\/wp-json\/wp\/v2\/comments?post=616"}],"version-history":[{"count":0,"href":"https:\/\/roulettes.vaniseo.top\/index.php\/wp-json\/wp\/v2\/product\/616\/revisions"}],"wp:featuredmedia":[{"embeddable":true,"href":"https:\/\/roulettes.vaniseo.top\/index.php\/wp-json\/wp\/v2\/media\/2254"}],"wp:attachment":[{"href":"https:\/\/roulettes.vaniseo.top\/index.php\/wp-json\/wp\/v2\/media?parent=616"}],"wp:term":[{"taxonomy":"product_cat","embeddable":true,"href":"https:\/\/roulettes.vaniseo.top\/index.php\/wp-json\/wp\/v2\/product_cat?post=616"},{"taxonomy":"product_tag","embeddable":true,"href":"https:\/\/roulettes.vaniseo.top\/index.php\/wp-json\/wp\/v2\/product_tag?post=616"}],"curies":[{"name":"wp","href":"https:\/\/api.w.org\/{rel}","templated":true}]}}