{"id":617,"date":"2022-04-04T16:22:19","date_gmt":"2022-04-04T14:22:19","guid":{"rendered":"https:\/\/roulettes.vaniseo.top\/index.php\/produit\/thermometre-sur-patere-deco-marine-avec-ancre\/"},"modified":"2022-04-04T17:22:41","modified_gmt":"2022-04-04T15:22:41","slug":"thermometre-sur-patere-deco-marine-avec-ancre","status":"publish","type":"product","link":"https:\/\/roulettes.vaniseo.top\/index.php\/produit\/thermometre-sur-patere-deco-marine-avec-ancre\/","title":{"rendered":"Thermom\u00e8tre sur pat\u00e8re d\u00e9co marine avec ancre"},"content":{"rendered":"<h3>Pat\u00e8re thermom\u00e8tre ancre marine<\/h3>\n<p>_x000D_n<strong>1001 Pat\u00e8res<\/strong>, n\u00b01 de la pat\u00e8re en ligne en France, compl\u00e8te la <strong>collection de pat\u00e8re d\u00e9co marine<\/strong> avec un <strong>thermom\u00e8tre sur pat\u00e8re avec ancre<\/strong>. Ci dessous, lisez plus d&rsquo;informations \u00e0 son sujet&#8230;_x000D_n_x000D_nMais tout d&rsquo;abord, revenons rapidement sur 1001 Pat\u00e8res. Ce dernier n&rsquo;est pas seulement un <strong>site marchand<\/strong>, c&rsquo;est aussi une <strong>marque<\/strong> proposant de nombreuses r\u00e9f\u00e9rences de porte manteaux <strong>\u00e0 petits prix<\/strong>. D&rsquo;ailleurs <a href=\"https:\/\/1001pateres.com\/brand\/1001pateres\/\">1001 Pat\u00e8res<\/a> propose autant des produits pour la <strong>maison<\/strong> que pour les <strong>collectivit\u00e9s<\/strong>._x000D_n_x000D_nIci, il s&rsquo;agit plut\u00f4t d&rsquo;une th\u00e9matique marine qui conviendra \u00e0 tout univers professionnel en rapport avec la mer ou \u00e0 une maison aux couleurs blanche et bleu&#8230; L&rsquo;ensemble de la <strong>collection d\u00e9co marine est en bois<\/strong> et regroupe des formes de <a href=\"https:\/\/1001pateres.com\/produit\/patere-deco-marine-mouette-bleu\/\">mouette<\/a>, de <a href=\"https:\/\/1001pateres.com\/produit\/patere-deco-marine-bateau\/\">bateau<\/a>, de <a href=\"https:\/\/1001pateres.com\/produit\/patere-deco-marine-poisson-bleu\/\">poisson<\/a>, et d&rsquo;<a href=\"https:\/\/1001pateres.com\/produit\/patere-deco-marine-etoile-bleu\/\">\u00e9toile de mer<\/a>._x000D_n_x000D_nCi-contre, il s&rsquo;agit sp\u00e9cifiquement d&rsquo;une jolie pat\u00e8re en forme d&rsquo;ancre avec son <strong>crochet en acier<\/strong>. Ce\u00a0crochet est, en plus, repli\u00e9 \u00e0 l\u2019extr\u00e9mit\u00e9 pour ne pas abimer les \u00e9l\u00e9ments qui peuvent y \u00eatre suspendus. Le <strong>thermom\u00e8tre<\/strong> est \u00e0 son centre._x000D_n_x000D_nSur la partie droite de l&rsquo;ancre,\u00a0retrouvez un d\u00e9cor de <strong>fil de p\u00eache et des coquillages coll\u00e9s<\/strong>. Sur la partie de gauche, de <strong>jolis voiliers<\/strong> \u00e9quilibrent l&rsquo;ensemble. Cet <strong>air de vacances \u00e0 l\u2019air marin<\/strong> s&rsquo;installe volontiers dans toutes les zones de passage pour <strong>informer de la temp\u00e9rature actuelle<\/strong> en degr\u00e9 <em>Celsius<\/em>, via les graduations de gauche, et en <em>Fahrenheit<\/em>, via les graduations de droite._x000D_n_x000D_n&nbsp;_x000D_n<\/p>\n<h3>Installation du thermom\u00e8tre sur pat\u00e8re d\u00e9co marine avec ancre<\/h3>\n<p>_x000D_nEnfin, pour son <strong>installation<\/strong>, son syst\u00e8me d\u2019accrochage simple est compos\u00e9 d&rsquo;un trou sur son support m\u00e9tal blanc, et d&rsquo;une corde marine nou\u00e9e \u00e0 la mani\u00e8re des ports. Un simple clou ou crochet de votre choix permet donc de l&rsquo;installer au mur._x000D_n_x000D_nBien s\u00fbr, n&rsquo;oubliez pas de tenir compte de ses <strong>dimensions<\/strong>:_x000D_n<\/p>\n<ul>_x000D_n \t<\/p>\n<li>L&rsquo;ancre marine est de dimension 12 cm X 9,5 cm<\/li>\n<p>_x000D_n \t<\/p>\n<li>Le thermom\u00e8tre est d&rsquo;une hauteur de 6 cm<\/li>\n<p>_x000D_n<\/ul>\n","protected":false},"excerpt":{"rendered":"<p><strong>1001 Pat\u00e8res<\/strong>, n\u00b01 de la pat\u00e8re en ligne en France, compl\u00e8te la <strong>collection de pat\u00e8re d\u00e9co marine<\/strong> avec un <strong>thermom\u00e8tre sur pat\u00e8re avec ancre. <\/strong>Sur la partie droite de l&rsquo;ancre,\u00a0retrouvez un d\u00e9cor de fil de p\u00eache et des coquillages coll\u00e9s. Sur la partie de gauche, de jolis voiliers \u00e9quilibrent l&rsquo;ensemble. Cet air de vacances \u00e0 l\u2019air marin s&rsquo;installe volontiers dans toutes les zones de passage pour informer de la temp\u00e9rature actuelle en degr\u00e9 <em>Celsius<\/em>, via les graduations de gauche, et en <em>Fahrenheit<\/em>, via les graduations de droite.<\/p>\n","protected":false},"featured_media":2257,"comment_status":"closed","ping_status":"open","template":"","meta":[],"product_cat":[32,17],"product_tag":[27],"class_list":["post-617","product","type-product","status-publish","has-post-thumbnail","hentry","product_cat-entree-sejour","product_cat-salle-de-bain","product_tag-crochet-patere-patere-design-patere-murale-patere-porte-pateres-porte-serviette-porte-torchon-vestiaire","description-off"],"_links":{"self":[{"href":"https:\/\/roulettes.vaniseo.top\/index.php\/wp-json\/wp\/v2\/product\/617","targetHints":{"allow":["GET"]}}],"collection":[{"href":"https:\/\/roulettes.vaniseo.top\/index.php\/wp-json\/wp\/v2\/product"}],"about":[{"href":"https:\/\/roulettes.vaniseo.top\/index.php\/wp-json\/wp\/v2\/types\/product"}],"replies":[{"embeddable":true,"href":"https:\/\/roulettes.vaniseo.top\/index.php\/wp-json\/wp\/v2\/comments?post=617"}],"version-history":[{"count":0,"href":"https:\/\/roulettes.vaniseo.top\/index.php\/wp-json\/wp\/v2\/product\/617\/revisions"}],"wp:featuredmedia":[{"embeddable":true,"href":"https:\/\/roulettes.vaniseo.top\/index.php\/wp-json\/wp\/v2\/media\/2257"}],"wp:attachment":[{"href":"https:\/\/roulettes.vaniseo.top\/index.php\/wp-json\/wp\/v2\/media?parent=617"}],"wp:term":[{"taxonomy":"product_cat","embeddable":true,"href":"https:\/\/roulettes.vaniseo.top\/index.php\/wp-json\/wp\/v2\/product_cat?post=617"},{"taxonomy":"product_tag","embeddable":true,"href":"https:\/\/roulettes.vaniseo.top\/index.php\/wp-json\/wp\/v2\/product_tag?post=617"}],"curies":[{"name":"wp","href":"https:\/\/api.w.org\/{rel}","templated":true}]}}