{"id":618,"date":"2022-04-04T16:22:19","date_gmt":"2022-04-04T14:22:19","guid":{"rendered":"https:\/\/roulettes.vaniseo.top\/index.php\/produit\/porte-manteau-osier-naturel-a-patere-double\/"},"modified":"2022-04-04T17:22:41","modified_gmt":"2022-04-04T15:22:41","slug":"porte-manteau-osier-naturel-a-patere-double","status":"publish","type":"product","link":"https:\/\/roulettes.vaniseo.top\/index.php\/produit\/porte-manteau-osier-naturel-a-patere-double\/","title":{"rendered":"Porte manteau osier naturel \u00e0 pat\u00e8re double"},"content":{"rendered":"<h3>Crochet mural rustique en osier naturel<\/h3>\n<p>_x000D_nLe leader en France des pat\u00e8res et porte manteaux vous propose une nouvelle r\u00e9f\u00e9rence de <strong>porte manteau osier naturel \u00e0 pat\u00e8re double<\/strong>. Ci dessous, de nombreuses informations techniques et d\u00e9coratives vous permettront de tout savoir \u00e0 son sujet._x000D_n_x000D_nTout d&rsquo;abord, sachez que <strong>1001 Pat\u00e8res<\/strong> est \u00e0 la fois ici, le <strong>site marchand<\/strong> mais aussi la <strong>marque<\/strong> de cette r\u00e9f\u00e9rence. Sur la page d\u00e9di\u00e9e \u00e0 tous ses produits, d\u00e9couvrez un <strong>large choix de styles<\/strong> \u00e0 <strong>petits prix.<\/strong>_x000D_n_x000D_nD&rsquo;ailleurs, dans la <strong>collection osier<\/strong>, retrouvez plusieurs r\u00e9f\u00e9rences de pat\u00e8re murale rustique \u00e0 <a href=\"https:\/\/1001pateres.com\/produit\/patere-vintage-en-osier-avec-5-accroches-2\/\">5 crochets<\/a>\u00a0et <a href=\"https:\/\/1001pateres.com\/produit\/patere-triple-design-osier\/\">3 crochets<\/a>, en <strong>osier v\u00e9ritable<\/strong>, couleur <strong>naturelle<\/strong> et <strong><a href=\"https:\/\/1001pateres.com\/produit\/patere-vintage-en-osier-avec-5-accroches\/\">chocolat<\/a><\/strong>. A noter \u00e9galement que comme tout mat\u00e9riaux naturel, l&rsquo;osier v\u00e9ritable ne peut pr\u00e9senter une couleur exactement similaire sur chaque r\u00e9f\u00e9rence. Ainsi, sur les zones courb\u00e9es notamment, la pat\u00e8re peut l\u00e9g\u00e8rement varier d&rsquo;intensit\u00e9.\u00a0Celle-ci peut donc avoir une base plus ou moins claire._x000D_n_x000D_nConcr\u00e8tement, ci contre, le porte manteau osier naturel \u00e0 pat\u00e8re double offre une zone type porte chapeau sur sa partie haute, une forme de cercle fix\u00e9e au mur, puis son crochet porte v\u00eatement en bas._x000D_n_x000D_n&nbsp;_x000D_n<\/p>\n<h3>Comment installer le porte manteau osier naturel \u00e0 pat\u00e8re simple?<\/h3>\n<p>_x000D_nPour son <strong>installation<\/strong>, la\u00a0fixation du crochet mural rustique en osier naturel\u00a0se fait\u00a0au mur \u00e0 l\u2019aide de vis et cheville fournies. Sa pose n\u00e9cessite seulement l\u2019usage de votre perceuse._x000D_n_x000D_nIl peut \u00eatre int\u00e9ressant d&rsquo;imaginer le d\u00e9multiplier sur un m\u00eame pan de mur pour maximiser la d\u00e9coration et le rangement n\u00e9cessaire \u00e0 cette pi\u00e8ce. Il offrira beaucoup d&rsquo;\u00e9l\u00e9gance, dans un style rustique et vintage ultra moderne. Voici donc les <strong>dimensions<\/strong> dont ils font tenir compte:_x000D_n<\/p>\n<ul>_x000D_n \t<\/p>\n<li>Pat\u00e8re double: 20 cm X 17 cm<\/li>\n<p>_x000D_n \t<\/p>\n<li>Ecartement du mur: 14 cm<\/li>\n<p>_x000D_n<\/ul>\n<p>_x000D_nN&rsquo;h\u00e9sitez pas \u00e0 contacter 1001 Pat\u00e8res pour obtenir un devis personnalis\u00e9 en cas de commande en quantit\u00e9 importante, ou pour toute question compl\u00e9mentaire. Pour ce faire, formulaire en page contact et t\u00e9l\u00e9phone sont \u00e0 votre disposition.<\/p>\n","protected":false},"excerpt":{"rendered":"<p>Le porte manteau en osier naturel \u00e0 pat\u00e8re double est de la marque <em><strong>1001 Pat\u00e8res<\/strong><\/em>. Son\u00a0<b>osier courb\u00e9<\/b>\u00a0 fait de lui un objet vintage et rustique \u00e9l\u00e9gant. Ce crochet mural rustique \u00e0 2 pat\u00e8res est \u00e0 poser partout dans la maison pour ne plus voir trainer ses affaires.<\/p>\n","protected":false},"featured_media":2259,"comment_status":"closed","ping_status":"open","template":"","meta":[],"product_cat":[29,32,17],"product_tag":[27],"class_list":["post-618","product","type-product","status-publish","has-post-thumbnail","hentry","product_cat-chambre-adulte","product_cat-entree-sejour","product_cat-salle-de-bain","product_tag-crochet-patere-patere-design-patere-murale-patere-porte-pateres-porte-serviette-porte-torchon-vestiaire","description-off"],"_links":{"self":[{"href":"https:\/\/roulettes.vaniseo.top\/index.php\/wp-json\/wp\/v2\/product\/618","targetHints":{"allow":["GET"]}}],"collection":[{"href":"https:\/\/roulettes.vaniseo.top\/index.php\/wp-json\/wp\/v2\/product"}],"about":[{"href":"https:\/\/roulettes.vaniseo.top\/index.php\/wp-json\/wp\/v2\/types\/product"}],"replies":[{"embeddable":true,"href":"https:\/\/roulettes.vaniseo.top\/index.php\/wp-json\/wp\/v2\/comments?post=618"}],"version-history":[{"count":0,"href":"https:\/\/roulettes.vaniseo.top\/index.php\/wp-json\/wp\/v2\/product\/618\/revisions"}],"wp:featuredmedia":[{"embeddable":true,"href":"https:\/\/roulettes.vaniseo.top\/index.php\/wp-json\/wp\/v2\/media\/2259"}],"wp:attachment":[{"href":"https:\/\/roulettes.vaniseo.top\/index.php\/wp-json\/wp\/v2\/media?parent=618"}],"wp:term":[{"taxonomy":"product_cat","embeddable":true,"href":"https:\/\/roulettes.vaniseo.top\/index.php\/wp-json\/wp\/v2\/product_cat?post=618"},{"taxonomy":"product_tag","embeddable":true,"href":"https:\/\/roulettes.vaniseo.top\/index.php\/wp-json\/wp\/v2\/product_tag?post=618"}],"curies":[{"name":"wp","href":"https:\/\/api.w.org\/{rel}","templated":true}]}}