{"id":619,"date":"2022-04-04T16:22:19","date_gmt":"2022-04-04T14:22:19","guid":{"rendered":"https:\/\/roulettes.vaniseo.top\/index.php\/produit\/patere-vintage-en-osier-avec-5-accroches\/"},"modified":"2022-04-04T17:22:42","modified_gmt":"2022-04-04T15:22:42","slug":"patere-vintage-en-osier-avec-5-accroches","status":"publish","type":"product","link":"https:\/\/roulettes.vaniseo.top\/index.php\/produit\/patere-vintage-en-osier-avec-5-accroches\/","title":{"rendered":"Pat\u00e8re vintage en osier avec 5 accroches"},"content":{"rendered":"<h3><strong>Porte manteau mural design 5 pat\u00e8res en osier naturel<\/strong><\/h3>\n<p>_x000D_n1001 Pat\u00e8res vous propose de d\u00e9couvrir ici une <strong>pat\u00e8re vintage en osier avec 5 accroches<\/strong>. Vous pourrez ainsi tout savoir sur nos <strong>conseils d&rsquo;installation<\/strong> mais aussi sur ses d\u00e9tails <strong>techniques<\/strong>._x000D_n_x000D_nTout d&rsquo;abord, rappelons que 1001 Pat\u00e8res est le <strong>sp\u00e9cialiste en ligne de la vente de pat\u00e8re et porte manteau<\/strong>. Ce concepteur vendeur est aujourd&rsquo;hui le<strong> n\u00b01 en France de la vente en ligne de pat\u00e8res<\/strong>! Une certitude donc que vous trouverez votre bonheur sur ce site!_x000D_n_x000D_nConcr\u00e8tement, ici, ce porte manteau mural design offre <strong>5 pat\u00e8res courb\u00e9es<\/strong>. De la marque <a href=\"https:\/\/1001pateres.com\/brand\/1001pateres\/\"><em><strong>1001 Pat\u00e8res<\/strong><\/em><\/a>,\u00a0cette r\u00e9f\u00e9rence est enti\u00e8rement faite d&rsquo;<strong>osier naturel v\u00e9ritable<\/strong>. Son originalit\u00e9 r\u00e9side donc aussi dans sa belle qualit\u00e9 d&rsquo;osier pouvant avoir des <strong>diff\u00e9rence de teintes<\/strong> notamment aux courbures qui sont obtenues en le <strong>chauffant l\u00e9g\u00e8rement<\/strong>._x000D_n_x000D_nAinsi, en choisissant un tel produit, vous aimerez <strong>valoriser la nature<\/strong> et un <strong>style rustique<\/strong>. Ce type de porte manteau mural design est parfait \u00e0 installer sur des <strong>murs blancs<\/strong>. Il offre alors <strong>douceur<\/strong> et <strong>finesse<\/strong> \u00e0 votre d\u00e9coration d&rsquo;int\u00e9rieur. Nos clients choisissent cette pat\u00e8re vintage en osier d\u00e8s lors qu&rsquo;il souhaite casser un int\u00e9rieur trop froid._x000D_n_x000D_nComme toujours, chaque r\u00e9f\u00e9rence de porte manteau mural n&rsquo;a pas uniquement pour vocation de <strong>ranger<\/strong> mais aussi de <strong>d\u00e9corer<\/strong>! Peaufinez donc vous aussi votre int\u00e9rieur avec des <strong>d\u00e9tails astucieux<\/strong> comme avec des pat\u00e8res par exemple!_x000D_n_x000D_n&nbsp;_x000D_n<\/p>\n<h2>Installation pat\u00e8re vintage en osier: o\u00f9 et comment?<\/h2>\n<p>_x000D_n1001 Pat\u00e8res propose cette pat\u00e8re vintage en osier pour une <strong>accroche murale<\/strong> comme <strong>bel objet de d\u00e9coration<\/strong>._x000D_n_x000D_nAussi, son\u00a0syst\u00e8me d&rsquo;accrochage est simple. Il suffit de le fixer \u00e0 l&rsquo;aide de vis et chevilles pos\u00e9es au niveau de l&rsquo;armature haute. <span style=\"line-height: 1.5\">Sa fixation se fait\u00a0au mur \u00e0 l&rsquo;aide de 2 vis, les vis et les chevilles sont fournies. Sa pose n\u00e9cessite l&rsquo;usage d&rsquo;une perceuse.<\/span>_x000D_n_x000D_nPour finir, voici ses dimensions :_x000D_n<\/p>\n<ul>_x000D_n \t<\/p>\n<li>Porte manteau mural design en osier: 65 cm X 19 cm<\/li>\n<p>_x000D_n \t<\/p>\n<li>Ecartement du mur: 5 cm<\/li>\n<p>_x000D_n<\/ul>\n","protected":false},"excerpt":{"rendered":"<p>Porte-manteaux design comportant 5 pat\u00e8res double de la marque <em><strong>1001pateres<\/strong><\/em>\u00a0<b>en osier courb\u00e9.\u00a0<\/b>Ce porte-manteaux avec 5 pat\u00e8res est \u00e0 poser partout dans la maison pour ne plus voir trainer ses affaires.\u00a0Il comporte 5 pat\u00e8res double en osier courb\u00e9 fa\u00e7on vintage et est un tr\u00e8s bel objet de d\u00e9coration.<\/p>\n","protected":false},"featured_media":2263,"comment_status":"closed","ping_status":"open","template":"","meta":[],"product_cat":[29,19,32,21,22,17],"product_tag":[25],"class_list":["post-619","product","type-product","status-publish","has-post-thumbnail","hentry","product_cat-chambre-adulte","product_cat-collectivite","product_cat-entree-sejour","product_cat-entreprise","product_cat-pro","product_cat-salle-de-bain","product_tag-crochet-patere-patere-design-patere-murale-patere-porte-pateres-porte-manteau-porte-serviette-porte-torchon-vestiaire","description-off"],"_links":{"self":[{"href":"https:\/\/roulettes.vaniseo.top\/index.php\/wp-json\/wp\/v2\/product\/619","targetHints":{"allow":["GET"]}}],"collection":[{"href":"https:\/\/roulettes.vaniseo.top\/index.php\/wp-json\/wp\/v2\/product"}],"about":[{"href":"https:\/\/roulettes.vaniseo.top\/index.php\/wp-json\/wp\/v2\/types\/product"}],"replies":[{"embeddable":true,"href":"https:\/\/roulettes.vaniseo.top\/index.php\/wp-json\/wp\/v2\/comments?post=619"}],"version-history":[{"count":0,"href":"https:\/\/roulettes.vaniseo.top\/index.php\/wp-json\/wp\/v2\/product\/619\/revisions"}],"wp:featuredmedia":[{"embeddable":true,"href":"https:\/\/roulettes.vaniseo.top\/index.php\/wp-json\/wp\/v2\/media\/2263"}],"wp:attachment":[{"href":"https:\/\/roulettes.vaniseo.top\/index.php\/wp-json\/wp\/v2\/media?parent=619"}],"wp:term":[{"taxonomy":"product_cat","embeddable":true,"href":"https:\/\/roulettes.vaniseo.top\/index.php\/wp-json\/wp\/v2\/product_cat?post=619"},{"taxonomy":"product_tag","embeddable":true,"href":"https:\/\/roulettes.vaniseo.top\/index.php\/wp-json\/wp\/v2\/product_tag?post=619"}],"curies":[{"name":"wp","href":"https:\/\/api.w.org\/{rel}","templated":true}]}}