{"id":620,"date":"2022-04-04T16:22:19","date_gmt":"2022-04-04T14:22:19","guid":{"rendered":"https:\/\/roulettes.vaniseo.top\/index.php\/produit\/patere-vintage-en-osier-chocolat-avec-5-accroches-doubles\/"},"modified":"2022-04-04T17:22:42","modified_gmt":"2022-04-04T15:22:42","slug":"patere-vintage-en-osier-chocolat-avec-5-accroches-doubles","status":"publish","type":"product","link":"https:\/\/roulettes.vaniseo.top\/index.php\/produit\/patere-vintage-en-osier-chocolat-avec-5-accroches-doubles\/","title":{"rendered":"Pat\u00e8re vintage en osier chocolat avec 5 accroches doubles"},"content":{"rendered":"<h3><strong>Porte manteau mural design 5 pat\u00e8res en osier naturel chocolat<\/strong><\/h3>\n<p>_x000D_n1001 Pat\u00e8res vous pr\u00e9sente ici sa\u00a0<strong>pat\u00e8re vintage en osier chocolat avec 5 accroches doubles<\/strong>. Vous pouvez donc tout conna\u00eetre sur son\u00a0<strong>installation<\/strong> et ses d\u00e9tails <strong>techniques<\/strong>._x000D_n_x000D_nTout d\u2019abord, rappelons que <a href=\"https:\/\/1001pateres.com\/brand\/1001pateres\/\">1001 Pat\u00e8res<\/a> est le <strong>sp\u00e9cialiste en ligne de pat\u00e8res et porte manteaux<\/strong>. Ce cr\u00e9ateur et vendeur e-commerce est aujourd\u2019hui le<strong> n\u00b01 en France<\/strong>! Gr\u00e2ce \u00e0 un large choix de r\u00e9f\u00e9rences aux styles vari\u00e9s et aux meilleurs rapports qualit\u00e9 prix, c&rsquo;est une certitude donc que vous trouverez votre bonheur ici!_x000D_n_x000D_nEnsuite, ce <strong>porte manteau mural design<\/strong> dispose de\u00a0<strong>5 pat\u00e8res doubles courb\u00e9es<\/strong>. C\u00f4t\u00e9 mati\u00e8re,\u00a0cette r\u00e9f\u00e9rence est faite d\u2019<strong>osier naturel v\u00e9ritable<\/strong>. Celui-ci est d&rsquo;ailleurs teint\u00e9 en couleur chocolat offrant en plus d&rsquo;un c\u00f4t\u00e9 <strong>vintage rustique<\/strong>, beaucoup de chaleur! Nous attirons votre attention sur le fait que l&rsquo;osier initial \u00e9tant plus ou moins fonc\u00e9, chaque r\u00e9f\u00e9rence peut pr\u00e9senter de l\u00e9g\u00e8re\u00a0<strong>diff\u00e9rences de teintes<\/strong> notamment aux niveaux des courbures qui sont r\u00e9alis\u00e9es \u00e0 chaud._x000D_n_x000D_nCelle-ci est aussi pr\u00e9sente sur notre site en osier naturel non teint\u00e9, en versions\u00a0<a href=\"https:\/\/1001pateres.com\/produit\/patere-vintage-en-osier-avec-5-accroches-2\/\">5 crochets<\/a> ou <a href=\"https:\/\/1001pateres.com\/produit\/patere-triple-design-osier\/\">3 crochets<\/a>._x000D_n_x000D_nPar ailleurs, c\u00f4t\u00e9 d\u00e9coration, nos clients choisissent cette version pour renforcer l&rsquo;esprit nature, le style rustique ou vintage de leur int\u00e9rieur._x000D_n_x000D_n1001 Pat\u00e8res recommand\u00e9 donc d&rsquo;installer ce genre de porte manteau sur un\u00a0<strong>mur clair<\/strong>. Il offrira alors <strong>douceur<\/strong> et <strong>chaleur<\/strong> \u00e0 votre maison, appartement ou bureau._x000D_n_x000D_n&nbsp;_x000D_n<\/p>\n<h3>Installation pat\u00e8re vintage en osier chocolat<\/h3>\n<p>_x000D_nPour finir, 1001 Pat\u00e8res propose ce porte manteau mural design 5 pat\u00e8res en osier naturel chocolat comme un v\u00e9ritable\u00a0<strong>objet de d\u00e9coration<\/strong>._x000D_n_x000D_nAussi, son\u00a0syst\u00e8me d\u2019installation est rapide et simple. En effet, il suffit de le fixer \u00e0 l\u2019aide de vis et chevilles pos\u00e9es au niveau de l\u2019armature haute. Ces vis et ces chevilles sont fournies mais cette fixation n\u00e9cessite l\u2019usage de votre propre perceuse._x000D_n_x000D_nPensez \u00e0 tenir compte de ses <strong>dimensions<\/strong> que voici:_x000D_n<\/p>\n<ul>_x000D_n \t<\/p>\n<li>Porte manteau mural design en osier: 65 cm X 19 cm<\/li>\n<p>_x000D_n \t<\/p>\n<li>Ecartement du mur: 5 cm<\/li>\n<p>_x000D_n<\/ul>\n","protected":false},"excerpt":{"rendered":"<p>1001 Pat\u00e8res vous pr\u00e9sente ici la version de <strong>pat\u00e8re vintage<\/strong> en <em><strong>osier chocolat<\/strong><\/em> avec 5 accroches doubles. Ce porte manteau mural \u00e0 5 pat\u00e8res est en osier v\u00e9ritable. Il est \u00e0 poser partout dans une maison, ou une entreprise pour d\u00e9corer et ranger en m\u00eame temps. Ces 5 pat\u00e8res doubles sont courb\u00e9s et peuvent varier d&rsquo;intensit\u00e9.<\/p>\n","protected":false},"featured_media":2265,"comment_status":"closed","ping_status":"open","template":"","meta":[],"product_cat":[29,19,32,21,22,17],"product_tag":[25],"class_list":["post-620","product","type-product","status-publish","has-post-thumbnail","hentry","product_cat-chambre-adulte","product_cat-collectivite","product_cat-entree-sejour","product_cat-entreprise","product_cat-pro","product_cat-salle-de-bain","product_tag-crochet-patere-patere-design-patere-murale-patere-porte-pateres-porte-manteau-porte-serviette-porte-torchon-vestiaire","description-off"],"_links":{"self":[{"href":"https:\/\/roulettes.vaniseo.top\/index.php\/wp-json\/wp\/v2\/product\/620","targetHints":{"allow":["GET"]}}],"collection":[{"href":"https:\/\/roulettes.vaniseo.top\/index.php\/wp-json\/wp\/v2\/product"}],"about":[{"href":"https:\/\/roulettes.vaniseo.top\/index.php\/wp-json\/wp\/v2\/types\/product"}],"replies":[{"embeddable":true,"href":"https:\/\/roulettes.vaniseo.top\/index.php\/wp-json\/wp\/v2\/comments?post=620"}],"version-history":[{"count":0,"href":"https:\/\/roulettes.vaniseo.top\/index.php\/wp-json\/wp\/v2\/product\/620\/revisions"}],"wp:featuredmedia":[{"embeddable":true,"href":"https:\/\/roulettes.vaniseo.top\/index.php\/wp-json\/wp\/v2\/media\/2265"}],"wp:attachment":[{"href":"https:\/\/roulettes.vaniseo.top\/index.php\/wp-json\/wp\/v2\/media?parent=620"}],"wp:term":[{"taxonomy":"product_cat","embeddable":true,"href":"https:\/\/roulettes.vaniseo.top\/index.php\/wp-json\/wp\/v2\/product_cat?post=620"},{"taxonomy":"product_tag","embeddable":true,"href":"https:\/\/roulettes.vaniseo.top\/index.php\/wp-json\/wp\/v2\/product_tag?post=620"}],"curies":[{"name":"wp","href":"https:\/\/api.w.org\/{rel}","templated":true}]}}