{"id":621,"date":"2022-04-04T16:22:19","date_gmt":"2022-04-04T14:22:19","guid":{"rendered":"https:\/\/roulettes.vaniseo.top\/index.php\/produit\/patere-ronde-en-bois-naturel-style-scandinave\/"},"modified":"2022-04-04T17:22:43","modified_gmt":"2022-04-04T15:22:43","slug":"patere-ronde-en-bois-naturel-style-scandinave","status":"publish","type":"product","link":"https:\/\/roulettes.vaniseo.top\/index.php\/produit\/patere-ronde-en-bois-naturel-style-scandinave\/","title":{"rendered":"Pat\u00e8re ronde en bois naturel style scandinave"},"content":{"rendered":"<h3>Pat\u00e8re en bois naturel murale<\/h3>\n<p>_x000D_n<strong>1001 Pat\u00e8res<\/strong> vous pr\u00e9sente cette nouvelle r\u00e9f\u00e9rence ultra tendance de <strong>style scandinave<\/strong>. Ci dessous, prenez quelques minutes pour d\u00e9couvrir toutes les informations techniques et esth\u00e9tiques de cette <strong>pat\u00e8re ronde en bois naturel<\/strong>._x000D_n_x000D_nTout d&rsquo;abord, revenons sur le fait que <strong>1001 Pat\u00e8res<\/strong> est \u00e0 la fois le nom de la boutique en ligne mais aussi celui de la marque de certaines pat\u00e8res propos\u00e9es\u00a0sur ce site. Ainsi, avec 1001 Pat\u00e8res vous b\u00e9n\u00e9ficiez d&rsquo;un l<strong>arge choix<\/strong> d\u00e9coratif au <strong>meilleur rapport qualit\u00e9 prix<\/strong>. Outre cette marque, un large choix de <strong>marques internationales<\/strong> vous attend \u00e9galement! Et cet ensemble fait aujourd&rsquo;hui de ce site, le<strong> n\u00b01 en France de la vente en ligne de porte manteaux et pat\u00e8res<\/strong>._x000D_n_x000D_nPar ailleurs, revenons rapidement sur cette pat\u00e8re en bois naturel murale. Comme tout objet naturel, celui-ci n&rsquo;est pas 100% reproductible. De ce fait, chaque pat\u00e8re peut avoir <strong>des diff\u00e9rences de teintes dans le bois<\/strong>._x000D_n_x000D_nNos clients aiment le fait que cette pat\u00e8re <strong>ne marque pas les v\u00eatements et accessoires<\/strong> qui y sont suspendus du fait de sa forme ronde._x000D_n_x000D_nDe plus, son <strong>diam\u00e8tre de 6,7 cm<\/strong> fait de lui un objet \u00e0 la bonne dimensions pour maximiser ses possibilit\u00e9s d&rsquo;accueillir de <strong>nombreux objets \u00e0 ranger<\/strong>: chapeaux, manteaux, v\u00eatements vari\u00e9s, ou encore sac \u00e0 main ou d&rsquo;\u00e9cole._x000D_n_x000D_n&nbsp;_x000D_n<\/p>\n<h3>Installer la pat\u00e8re ronde en bois naturel style scandinave<\/h3>\n<p>_x000D_nC\u00f4t\u00e9 <strong>installation<\/strong>, il vous sera n\u00e9cessaire de tenir compte de ses <strong>dimensions<\/strong> sp\u00e9cifiques, surtout si vous pensez en mettre plusieurs identiques sur un m\u00eame pan de mur. Voici donc celles-ci:_x000D_n<\/p>\n<ul>_x000D_n \t<\/p>\n<li>Diam\u00e8tre du bouton en bois naturel: 6,7 cm<\/li>\n<p>_x000D_n \t<\/p>\n<li>Ecartement du mur: 4 cm<\/li>\n<p>_x000D_n<\/ul>\n<p>_x000D_nVous viendrez la fixer avec une vis et sa cheville. Pensez \u00e0 vous munir donc de votre <strong>perceuse<\/strong> pour une installation rapide et solide._x000D_n_x000D_nN&rsquo;h\u00e9sitez pas \u00e0 d\u00e9couvrir \u00e9galement dans ce style scandinave d&rsquo;<strong>autres pat\u00e8res en bois<\/strong> comme:_x000D_n<\/p>\n<ul>_x000D_n \t<\/p>\n<li>_x000D_n\n<p class=\"post-title entry-title\"><a href=\"https:\/\/1001pateres.com\/produit\/patere-design-oiseau-bois-naturel\/\">Pat\u00e8re design oiseau en bois naturel<\/a><\/p>\n<p>_x000D_n<\/li>\n<p>_x000D_n \t<\/p>\n<li><a href=\"https:\/\/1001pateres.com\/produit\/porte-manteau-toucan-drugeot-blanc-gris\/\">Porte manteau bois blanc gris TOUCAN DRUGEOT<\/a><\/li>\n<p>_x000D_n \t<\/p>\n<li><a href=\"https:\/\/1001pateres.com\/produit\/porte-manteau-boule-en-bois-naturel\/\">Porte manteau boule en bois naturel<\/a><\/li>\n<p>_x000D_n \t<\/p>\n<li><a href=\"https:\/\/1001pateres.com\/produit\/porte-manteau-design-bois-naturel\/\">Porte-manteau design bois naturel<\/a><\/li>\n<p>_x000D_n<\/ul>\n","protected":false},"excerpt":{"rendered":"<p>1001 Pat\u00e8res vous propose de d\u00e9couvrir ici la <strong>pat\u00e8re ronde en bois<\/strong> style <strong><em>scandinave<\/em><\/strong> pour tout int\u00e9rieur. Solide, et facile d&rsquo;installation, elle ne manquera pas de compl\u00e9ter une d\u00e9coration d\u00e9j\u00e0 en place, tout en permettant un rangement efficace qui ne marque pas les v\u00eatements.<\/p>\n","protected":false},"featured_media":2266,"comment_status":"closed","ping_status":"open","template":"","meta":[],"product_cat":[19,20,32,21,30,22,17],"product_tag":[27],"class_list":["post-621","product","type-product","status-publish","has-post-thumbnail","hentry","product_cat-collectivite","product_cat-cuisine","product_cat-entree-sejour","product_cat-entreprise","product_cat-garage-cellier","product_cat-pro","product_cat-salle-de-bain","product_tag-crochet-patere-patere-design-patere-murale-patere-porte-pateres-porte-serviette-porte-torchon-vestiaire","description-off"],"_links":{"self":[{"href":"https:\/\/roulettes.vaniseo.top\/index.php\/wp-json\/wp\/v2\/product\/621","targetHints":{"allow":["GET"]}}],"collection":[{"href":"https:\/\/roulettes.vaniseo.top\/index.php\/wp-json\/wp\/v2\/product"}],"about":[{"href":"https:\/\/roulettes.vaniseo.top\/index.php\/wp-json\/wp\/v2\/types\/product"}],"replies":[{"embeddable":true,"href":"https:\/\/roulettes.vaniseo.top\/index.php\/wp-json\/wp\/v2\/comments?post=621"}],"version-history":[{"count":0,"href":"https:\/\/roulettes.vaniseo.top\/index.php\/wp-json\/wp\/v2\/product\/621\/revisions"}],"wp:featuredmedia":[{"embeddable":true,"href":"https:\/\/roulettes.vaniseo.top\/index.php\/wp-json\/wp\/v2\/media\/2266"}],"wp:attachment":[{"href":"https:\/\/roulettes.vaniseo.top\/index.php\/wp-json\/wp\/v2\/media?parent=621"}],"wp:term":[{"taxonomy":"product_cat","embeddable":true,"href":"https:\/\/roulettes.vaniseo.top\/index.php\/wp-json\/wp\/v2\/product_cat?post=621"},{"taxonomy":"product_tag","embeddable":true,"href":"https:\/\/roulettes.vaniseo.top\/index.php\/wp-json\/wp\/v2\/product_tag?post=621"}],"curies":[{"name":"wp","href":"https:\/\/api.w.org\/{rel}","templated":true}]}}