{"id":622,"date":"2022-04-04T16:22:19","date_gmt":"2022-04-04T14:22:19","guid":{"rendered":"https:\/\/roulettes.vaniseo.top\/index.php\/produit\/patere-murale-en-bronze-vieilli\/"},"modified":"2022-04-04T17:22:43","modified_gmt":"2022-04-04T15:22:43","slug":"patere-murale-en-bronze-vieilli","status":"publish","type":"product","link":"https:\/\/roulettes.vaniseo.top\/index.php\/produit\/patere-murale-en-bronze-vieilli\/","title":{"rendered":"Pat\u00e8re murale en bronze vieilli"},"content":{"rendered":"<h3>Porte manteau \u00e0 fixer au mur en alliage couleur bronze vieilli<\/h3>\n<p>_x000D_n<strong>1001 Pat\u00e8res<\/strong> vous propose de d\u00e9couvrir toutes les informations d\u00e9coratives et techniques de cette magnifique <strong>pat\u00e8re murale en bronze vieilli<\/strong>. Ultra- tendance, elle ne manquera pas d&rsquo;apporter beaucoup de cachet \u00e0 votre int\u00e9rieur d&rsquo;entreprise ou de maison._x000D_n_x000D_nTout d&rsquo;abord, rappelons que 1001 Pat\u00e8res est le <strong>n\u00b01 des pat\u00e8res et porte manteaux en France<\/strong>. Il produit <strong>sa propre marque<\/strong> mais s\u00e9lectionne aussi pour vous les <strong>meilleures marques du monde entier<\/strong> en mati\u00e8re de portants. Ainsi, vous b\u00e9n\u00e9ficiez \u00e0 chaque fois du <strong>meilleur rapport qualit\u00e9 prix<\/strong>, et surtout d&rsquo;un <strong>choix<\/strong> vraiment large de <strong>styles<\/strong> pour tous les <strong>budgets<\/strong>!_x000D_n_x000D_nAinsi, ici, le porte manteau se fixe au mur pour obtenir un <strong>style vestiaire chic au design simple et \u00e9pur\u00e9<\/strong>. Il poss\u00e8de\u00a0un <strong>crochet simple<\/strong> en alliage d&rsquo;aluminium de couleur <strong>bronze<\/strong><b>\u00a0vieilli<\/b>. La douceur de cette teinte <b>se marie parfaitement avec des demi teintes<\/b> type rose poudr\u00e9, bleu ciel, gris souri, vert amande etc. Il est donc tr\u00e8s simple de lui trouver une place ad\u00e9quate dans tout int\u00e9rieur pour une fonction de porte-v\u00eatements, porte-\u00e9charpes, ou encore porte-chapeaux._x000D_n_x000D_nSensiblement dans le m\u00eame esprit, retrouvez les mod\u00e8les en <a href=\"https:\/\/1001pateres.com\/produit\/porte-manteau-mural-aluminium-mat-brosse\/\">alu mat bross\u00e9,<\/a> en <a href=\"https:\/\/1001pateres.com\/produit\/porte-manteau-mural-aluminium-vieilli\/\">aluminium vieilli<\/a> et <a href=\"https:\/\/1001pateres.com\/produit\/porte-manteau-mural-rose-vieilli\/\">rose vieilli<\/a>._x000D_n<\/p>\n<h3>Installer la pat\u00e8re murale en bronze vieilli<\/h3>\n<p>_x000D_nEnfin, pour son installation, le porte manteau \u00e0 fixer au mur se compose d&rsquo;une <strong>pat\u00e8re simple<\/strong> petit mod\u00e8le et d&rsquo;un syst\u00e8me d&rsquo;accrochage avec des vis qui sont fournies. Vous appr\u00e9cierez de constater \u00e0 quel point il est assez facile \u00e0 <strong>poser sur un mur ou sur un bois<\/strong>. Toutefois, il n\u00e9cessitera l&rsquo;usage de votre tournevis._x000D_n_x000D_nEnfin, pensez \u00e0 tenir compte de ses <strong>dimensions:<\/strong>_x000D_n<\/p>\n<ul>_x000D_n \t<\/p>\n<li>Hauteur: 9 cm<\/li>\n<p>_x000D_n \t<\/p>\n<li>Largeur maxi: 2,8 cm<\/li>\n<p>_x000D_n \t<\/p>\n<li>Ecartement du mur: 4,5 cm<\/li>\n<p>_x000D_n \t<\/p>\n<li>Vis de 1,5 cm<\/li>\n<p>_x000D_n<\/ul>\n<p>_x000D_nElles seront importantes surtout dans le cas o\u00f9 vous souhaitez r\u00e9aliser un vestiaire avec plusieurs quantit\u00e9s de cette m\u00eame r\u00e9f\u00e9rence sur un m\u00eame mur._x000D_n_x000D_nN&rsquo;h\u00e9sitez pas \u00e0 nous demander conseils via le formulaire en page Contact ou par t\u00e9l\u00e9phone.<\/p>\n","protected":false},"excerpt":{"rendered":"<p>Belle pat\u00e8re porte-manteau petit mod\u00e8le id\u00e9ale pour les <strong>vestiaires<\/strong> avec simple accroche en <em><strong>alliage couleur bronze vieilli<\/strong><\/em>\u00a0qui peut servir de porte-v\u00eatement, porte-\u00e9charpe, porte-chapeaux.\u00a0Il est au design \u00e9pur\u00e9 pour se fondre dans tout les univers de la maison ou de l&rsquo;entreprise. Id\u00e9al pour les collectivit\u00e9s.<\/p>\n","protected":false},"featured_media":2269,"comment_status":"closed","ping_status":"open","template":"","meta":[],"product_cat":[19,21,22,17],"product_tag":[27],"class_list":["post-622","product","type-product","status-publish","has-post-thumbnail","hentry","product_cat-collectivite","product_cat-entreprise","product_cat-pro","product_cat-salle-de-bain","product_tag-crochet-patere-patere-design-patere-murale-patere-porte-pateres-porte-serviette-porte-torchon-vestiaire","description-off"],"_links":{"self":[{"href":"https:\/\/roulettes.vaniseo.top\/index.php\/wp-json\/wp\/v2\/product\/622","targetHints":{"allow":["GET"]}}],"collection":[{"href":"https:\/\/roulettes.vaniseo.top\/index.php\/wp-json\/wp\/v2\/product"}],"about":[{"href":"https:\/\/roulettes.vaniseo.top\/index.php\/wp-json\/wp\/v2\/types\/product"}],"replies":[{"embeddable":true,"href":"https:\/\/roulettes.vaniseo.top\/index.php\/wp-json\/wp\/v2\/comments?post=622"}],"version-history":[{"count":0,"href":"https:\/\/roulettes.vaniseo.top\/index.php\/wp-json\/wp\/v2\/product\/622\/revisions"}],"wp:featuredmedia":[{"embeddable":true,"href":"https:\/\/roulettes.vaniseo.top\/index.php\/wp-json\/wp\/v2\/media\/2269"}],"wp:attachment":[{"href":"https:\/\/roulettes.vaniseo.top\/index.php\/wp-json\/wp\/v2\/media?parent=622"}],"wp:term":[{"taxonomy":"product_cat","embeddable":true,"href":"https:\/\/roulettes.vaniseo.top\/index.php\/wp-json\/wp\/v2\/product_cat?post=622"},{"taxonomy":"product_tag","embeddable":true,"href":"https:\/\/roulettes.vaniseo.top\/index.php\/wp-json\/wp\/v2\/product_tag?post=622"}],"curies":[{"name":"wp","href":"https:\/\/api.w.org\/{rel}","templated":true}]}}