{"id":623,"date":"2022-04-04T16:22:19","date_gmt":"2022-04-04T14:22:19","guid":{"rendered":"https:\/\/roulettes.vaniseo.top\/index.php\/produit\/porte-manteau-mural-double-bronze-vieilli-style-antique\/"},"modified":"2022-04-04T17:22:44","modified_gmt":"2022-04-04T15:22:44","slug":"porte-manteau-mural-double-bronze-vieilli-style-antique","status":"publish","type":"product","link":"https:\/\/roulettes.vaniseo.top\/index.php\/produit\/porte-manteau-mural-double-bronze-vieilli-style-antique\/","title":{"rendered":"Porte manteau mural double bronze vieilli style antique"},"content":{"rendered":"<h2>Crochet double antique vestiaire bronze vieilli<\/h2>\n<p>_x000D_n<strong>1001 Pat\u00e8res<\/strong> est le leader en France de la vente en ligne de pat\u00e8res et porte manteaux. Il est donc s\u00fbr que vous trouverez votre bonheur sur ce site. Ici, il s&rsquo;agit de la pr\u00e9sentation d\u00e9taill\u00e9e du <strong>porte manteau mural double<\/strong> couleur <strong>bronze vieilli<\/strong>, le tout dans un style <strong>antique<\/strong>._x000D_n_x000D_nCe type de crochet double antique est <strong>tr\u00e8s en vogue<\/strong> dans les brasseries et autres lieux de collectivit\u00e9 arborant un style <strong>d&rsquo;\u00e9poque<\/strong>. En effet, son coloris et ses rondeurs font de lui un incontournable du <strong>style Art D\u00e9co<\/strong>._x000D_n_x000D_nAinsi, si vous utilisez d\u00e9j\u00e0 des <strong>touches de bronze vieilli<\/strong> dans votre int\u00e9rieur de maison ou d&rsquo;entreprise, ce porte manteau mural double viendra compl\u00e9ter parfaitement vos <strong>\u00e9l\u00e9ments \u00e0 la fois de d\u00e9coration et de rangement<\/strong>._x000D_n_x000D_nPar ailleurs, 1001 Pat\u00e8res proposant des produits de sa propre <a href=\"https:\/\/1001pateres.com\/brand\/1001pateres\/\">marque<\/a> notamment sur son site, elle dispose d&rsquo;<strong>autres r\u00e9f\u00e9rences en bronze vieilli<\/strong> comme:_x000D_n<\/p>\n<ul>_x000D_n \t<\/p>\n<li>_x000D_n\n<p class=\"product_title\"><a href=\"https:\/\/1001pateres.com\/produit\/porte-manteau-porte-chapeau-rustique-vieilli\/\">Porte-manteau porte-chapeau rustique vieilli<\/a><\/p>\n<p>_x000D_n<\/li>\n<p>_x000D_n \t<\/p>\n<li>_x000D_n\n<p class=\"product_title\"><a href=\"https:\/\/1001pateres.com\/produit\/porte-manteau-porte-chapeau-boule-rustique-vieilli\/\">Porte chapeau boule rustique vieilli<\/a><\/p>\n<p>_x000D_n<\/li>\n<p>_x000D_n \t<\/p>\n<li>_x000D_n\n<p class=\"product_title\"><a href=\"https:\/\/1001pateres.com\/produit\/porte-manteau-double-porte-chapeau-rustique\/\">Porte-manteau double porte-chapeau rustique<\/a><\/p>\n<p>_x000D_n<\/li>\n<p>_x000D_n \t<\/p>\n<li>_x000D_n\n<p class=\"product_title\"><a href=\"https:\/\/1001pateres.com\/produit\/porte-manteau-volute-double-rustique\/\">Porte-manteau volute double rustique<\/a><\/p>\n<p>_x000D_n<\/li>\n<p>_x000D_n \t<\/p>\n<li>_x000D_n\n<p class=\"product_title\"><a href=\"https:\/\/1001pateres.com\/produit\/patere-crochet-double-rustique-vieilli\/\">Crochet mural rustique double vieilli<\/a><\/p>\n<p>_x000D_n<\/li>\n<p>_x000D_n<\/ul>\n<p>_x000D_nComme vous l&rsquo;aurez constat\u00e9, la plupart offre des <strong>crochets double<\/strong>. C&rsquo;est d&rsquo;ailleurs l&rsquo;id\u00e9al pour maximiser le rangement sur un seul et m\u00eame espace. D&rsquo;autre part, ceux-ci disposent souvent d&rsquo;<strong>embout arrondis ou \u00e0 boules<\/strong> pour ne pas marquer les v\u00eatements._x000D_n_x000D_n&nbsp;_x000D_n<\/p>\n<h2>Porte manteau mural double bronze vieilli style antique<\/h2>\n<p>_x000D_nD&rsquo;ailleurs, ci-contre, le produit que nous vous proposons est tout \u00e0 fait dans cet esprit: en <strong>couleur bronze vieilli<\/strong>, avec <strong>double crochet \u00e0 embout boule<\/strong>. Existe aussi en <a href=\"https:\/\/1001pateres.com\/produit\/porte-manteau-mural-double-noir-mat-antique\/\"><em>noir mat<\/em><\/a>._x000D_n_x000D_nEnfin, pour son installation, pensez \u00e0 tenir compte de ses <strong>dimensions<\/strong>. A savoir:_x000D_n<\/p>\n<ul>_x000D_n \t<\/p>\n<li>Hauteur: 9,6 cm<\/li>\n<p>_x000D_n \t<\/p>\n<li>Ecartement du mur: 6 cm<\/li>\n<p>_x000D_n<\/ul>\n<p>_x000D_nVous pourrez profiter de deux <strong>trous<\/strong> de chaque c\u00f4t\u00e9 du support mural de la pat\u00e8re pour venir fixer ce porte manteau \u00e0 l&rsquo;aide de vis et chevilles. Pensez donc \u00e0 vous munir de votre perceuse.<\/p>\n","protected":false},"excerpt":{"rendered":"<p>D\u00e9couvrez une pr\u00e9sentation compl\u00e8te ci dessous du <strong>porte manteau mural double bronze vieilli<\/strong> de style <strong>antique<\/strong> pour la maison et pour toute collectivit\u00e9. M\u00e9tallique, il s&rsquo;installe gr\u00e2ce \u00e0 ses deux trous de part et d&rsquo;autre du support mural. Son style antique compl\u00e8tera parfaitement une d\u00e9coration <strong>Art D\u00e9co<\/strong> avec <em><strong>deux crochets \u00e0 embouts boules<\/strong><\/em> qui ne d\u00e9forment par les v\u00eatements qui y sont suspendus.<\/p>\n","protected":false},"featured_media":2272,"comment_status":"closed","ping_status":"open","template":"","meta":[],"product_cat":[29,19,20,32,21,22],"product_tag":[26],"class_list":["post-623","product","type-product","status-publish","has-post-thumbnail","hentry","product_cat-chambre-adulte","product_cat-collectivite","product_cat-cuisine","product_cat-entree-sejour","product_cat-entreprise","product_cat-pro","product_tag-crochet-patere-patere-design-patere-murale-patere-porte-pateres-porte-serviette-porte-torchon","description-off"],"_links":{"self":[{"href":"https:\/\/roulettes.vaniseo.top\/index.php\/wp-json\/wp\/v2\/product\/623","targetHints":{"allow":["GET"]}}],"collection":[{"href":"https:\/\/roulettes.vaniseo.top\/index.php\/wp-json\/wp\/v2\/product"}],"about":[{"href":"https:\/\/roulettes.vaniseo.top\/index.php\/wp-json\/wp\/v2\/types\/product"}],"replies":[{"embeddable":true,"href":"https:\/\/roulettes.vaniseo.top\/index.php\/wp-json\/wp\/v2\/comments?post=623"}],"version-history":[{"count":0,"href":"https:\/\/roulettes.vaniseo.top\/index.php\/wp-json\/wp\/v2\/product\/623\/revisions"}],"wp:featuredmedia":[{"embeddable":true,"href":"https:\/\/roulettes.vaniseo.top\/index.php\/wp-json\/wp\/v2\/media\/2272"}],"wp:attachment":[{"href":"https:\/\/roulettes.vaniseo.top\/index.php\/wp-json\/wp\/v2\/media?parent=623"}],"wp:term":[{"taxonomy":"product_cat","embeddable":true,"href":"https:\/\/roulettes.vaniseo.top\/index.php\/wp-json\/wp\/v2\/product_cat?post=623"},{"taxonomy":"product_tag","embeddable":true,"href":"https:\/\/roulettes.vaniseo.top\/index.php\/wp-json\/wp\/v2\/product_tag?post=623"}],"curies":[{"name":"wp","href":"https:\/\/api.w.org\/{rel}","templated":true}]}}