{"id":624,"date":"2022-04-04T16:22:19","date_gmt":"2022-04-04T14:22:19","guid":{"rendered":"https:\/\/roulettes.vaniseo.top\/index.php\/produit\/porte-manteau-mural-double-noir-mat-style-antique\/"},"modified":"2022-04-04T17:22:44","modified_gmt":"2022-04-04T15:22:44","slug":"porte-manteau-mural-double-noir-mat-style-antique","status":"publish","type":"product","link":"https:\/\/roulettes.vaniseo.top\/index.php\/produit\/porte-manteau-mural-double-noir-mat-style-antique\/","title":{"rendered":"Porte manteau mural double noir mat style antique"},"content":{"rendered":"<h2>Crochet double antique vestiaire noir mat<\/h2>\n<p>_x000D_n<strong>1001 Pat\u00e8res<\/strong> est aujourd&rsquo;hui LE n\u00b01 en France de la vente de pat\u00e8res et de porte manteaux. Vous trouverez donc \u00e0 coup s\u00fbr ce dont vous avez besoin ici pour plus de d\u00e9coration et de rangement. Cela concerne d&rsquo;ailleurs autant la maison que votre entreprise! Ici, il s&rsquo;agit de la pr\u00e9sentation d\u00e9taill\u00e9e du <strong>porte manteau mural double<\/strong> couleur <strong>noire matte<\/strong>, le tout dans un style <strong>antique<\/strong>._x000D_n_x000D_nCe type de crochet double antique est <strong>tr\u00e8s en vogue<\/strong> dans les brasseries et autres lieux de collectivit\u00e9 arborant un style <strong>d&rsquo;\u00e9poque<\/strong>. En effet, son coloris et ses rondeurs font de lui un incontournable du <strong>style Art D\u00e9co<\/strong>. Son noir mat vient renforcer le style \u00e9tabli par l&rsquo;utilisation \u00e9ventuelle de fer forg\u00e9 ou autres objets m\u00e9talliques. Il tranche bien s\u00fbr par sa matit\u00e9 pour plus de modernit\u00e9._x000D_n_x000D_nAinsi, si vous utilisez d\u00e9j\u00e0 des <strong>touches de noir mat<\/strong> dans votre int\u00e9rieur de maison ou d&rsquo;entreprise, ce porte manteau mural double viendra compl\u00e9ter parfaitement le style \u00e9tabli._x000D_n_x000D_nPar ailleurs, 1001 Pat\u00e8res propose des produits de marques internationales, mais aussi issue de sa propre <a href=\"https:\/\/1001pateres.com\/brand\/1001pateres\/\">marque<\/a>. Elle dispose donc bien s\u00fbr d&rsquo;<strong>autres r\u00e9f\u00e9rences de porte manteau mural double de style antique<\/strong>\u00a0comme:_x000D_n<\/p>\n<ul>_x000D_n \t<\/p>\n<li>La m\u00eame r\u00e9f\u00e9rence mais de couleur <a href=\"https:\/\/1001pateres.com\/produit\/porte-manteau-mural-double-bronze-vieilli-antique\/\">bronze vieilli<\/a><\/li>\n<p>_x000D_n \t<\/p>\n<li>_x000D_n\n<p class=\"product_title\"><a href=\"https:\/\/1001pateres.com\/produit\/porte-manteau-porte-chapeau-rustique-vieilli\/\">Porte-manteau porte-chapeau rustique vieilli<\/a><\/p>\n<p>_x000D_n<\/li>\n<p>_x000D_n \t<\/p>\n<li>_x000D_n\n<p class=\"product_title\"><a href=\"https:\/\/1001pateres.com\/produit\/porte-manteau-porte-chapeau-boule-rustique-vieilli\/\">Porte chapeau boule rustique vieilli<\/a><\/p>\n<p>_x000D_n<\/li>\n<p>_x000D_n \t<\/p>\n<li>_x000D_n\n<p class=\"product_title\"><a href=\"https:\/\/1001pateres.com\/produit\/porte-manteau-double-porte-chapeau-rustique\/\">Porte-manteau double porte-chapeau rustique<\/a><\/p>\n<p>_x000D_n<\/li>\n<p>_x000D_n<\/ul>\n<p>_x000D_nAvec eux, vous aimerez maximiser le rangement sur un seul et m\u00eame espace. D&rsquo;autre part, ceux-ci disposent souvent d&rsquo;<strong>embout arrondis ou \u00e0 boules<\/strong> pour ne pas marquer les v\u00eatements._x000D_n_x000D_n&nbsp;_x000D_n<\/p>\n<h2>Porte manteau mural double noir mat style antique<\/h2>\n<p>_x000D_nD&rsquo;ailleurs, ci-contre, le produit que nous vous proposons est tout \u00e0 fait dans cet esprit, c&rsquo;est \u00e0 dire<strong>\u00a0\u00e0 embout boule<\/strong>._x000D_n_x000D_nEnfin, pour son installation, pensez \u00e0 tenir compte de ses <strong>dimensions<\/strong>. A savoir:_x000D_n<\/p>\n<ul>_x000D_n \t<\/p>\n<li>Hauteur: 9,6 cm<\/li>\n<p>_x000D_n \t<\/p>\n<li>Ecartement du mur: 6 cm<\/li>\n<p>_x000D_n<\/ul>\n<p>_x000D_nVous pourrez profiter de deux <strong>trous<\/strong> de chaque c\u00f4t\u00e9 de son support mural, l\u00e9g\u00e8rement bomb\u00e9, pour venir fixer ce porte manteau \u00e0 l&rsquo;aide de vis et chevilles. Pensez donc \u00e0 vous munir de votre perceuse.<\/p>\n","protected":false},"excerpt":{"rendered":"<p>D\u00e9couvrez une pr\u00e9sentation compl\u00e8te ci dessous du <strong>porte manteau mural<\/strong> <em>double<\/em> noir mat de <em><strong>style antique<\/strong><\/em> pour la maison et pour toute collectivit\u00e9. M\u00e9tallique, il s&rsquo;installe gr\u00e2ce \u00e0 ses deux trous de part et d&rsquo;autre du support mural. Son style antique compl\u00e8tera parfaitement une d\u00e9coration Art D\u00e9co avec deux crochets \u00e0 embouts boules qui ne d\u00e9forment par les v\u00eatements qui y sont suspendus.<\/p>\n","protected":false},"featured_media":2274,"comment_status":"closed","ping_status":"open","template":"","meta":[],"product_cat":[29,19,20,32,21,22],"product_tag":[26],"class_list":["post-624","product","type-product","status-publish","has-post-thumbnail","hentry","product_cat-chambre-adulte","product_cat-collectivite","product_cat-cuisine","product_cat-entree-sejour","product_cat-entreprise","product_cat-pro","product_tag-crochet-patere-patere-design-patere-murale-patere-porte-pateres-porte-serviette-porte-torchon","description-off"],"_links":{"self":[{"href":"https:\/\/roulettes.vaniseo.top\/index.php\/wp-json\/wp\/v2\/product\/624","targetHints":{"allow":["GET"]}}],"collection":[{"href":"https:\/\/roulettes.vaniseo.top\/index.php\/wp-json\/wp\/v2\/product"}],"about":[{"href":"https:\/\/roulettes.vaniseo.top\/index.php\/wp-json\/wp\/v2\/types\/product"}],"replies":[{"embeddable":true,"href":"https:\/\/roulettes.vaniseo.top\/index.php\/wp-json\/wp\/v2\/comments?post=624"}],"version-history":[{"count":0,"href":"https:\/\/roulettes.vaniseo.top\/index.php\/wp-json\/wp\/v2\/product\/624\/revisions"}],"wp:featuredmedia":[{"embeddable":true,"href":"https:\/\/roulettes.vaniseo.top\/index.php\/wp-json\/wp\/v2\/media\/2274"}],"wp:attachment":[{"href":"https:\/\/roulettes.vaniseo.top\/index.php\/wp-json\/wp\/v2\/media?parent=624"}],"wp:term":[{"taxonomy":"product_cat","embeddable":true,"href":"https:\/\/roulettes.vaniseo.top\/index.php\/wp-json\/wp\/v2\/product_cat?post=624"},{"taxonomy":"product_tag","embeddable":true,"href":"https:\/\/roulettes.vaniseo.top\/index.php\/wp-json\/wp\/v2\/product_tag?post=624"}],"curies":[{"name":"wp","href":"https:\/\/api.w.org\/{rel}","templated":true}]}}