{"id":625,"date":"2022-04-04T16:22:19","date_gmt":"2022-04-04T14:22:19","guid":{"rendered":"https:\/\/roulettes.vaniseo.top\/index.php\/produit\/crochet-en-metal-noir\/"},"modified":"2022-04-04T17:22:45","modified_gmt":"2022-04-04T15:22:45","slug":"crochet-en-metal-noir","status":"publish","type":"product","link":"https:\/\/roulettes.vaniseo.top\/index.php\/produit\/crochet-en-metal-noir\/","title":{"rendered":"Crochet en metal noir"},"content":{"rendered":"<h2>Crochet simple noir zinc petit mod\u00e8le<\/h2>\n<p>_x000D_n<strong>1001 Pat\u00e8res<\/strong>, leader en France de la vente de <strong>porte manteaux et <a href=\"https:\/\/1001pateres.com\/boutique\/\">pat\u00e8res<\/a><\/strong> vous pr\u00e9sente ici l&rsquo;une de ses derni\u00e8res r\u00e9f\u00e9rences de <strong>crochet en metal noir<\/strong>. D\u00e9couvrez ci dessous l&rsquo;ensemble de ses <strong>informations produits<\/strong> et quelques <strong>astuces d&rsquo;installation<\/strong> pour en profiter au mieux!_x000D_n_x000D_nTout d&rsquo;abord, il faut savoir que celui-ci est issu de la marque 1001 Pat\u00e8res. Vous avez donc l&rsquo;assurance de profiter d&rsquo;un <strong>produit de qualit\u00e9<\/strong>. En effet, toute la s\u00e9lection de r\u00e9f\u00e9rences de crochets sur ce site a \u00e9t\u00e9 \u00e9valu\u00e9 comme au meilleur <strong>rapport qualit\u00e9 prix<\/strong> avant d&rsquo;\u00eatre mis en vente._x000D_n_x000D_nIci, le crochet dispose d&rsquo;une <strong>branche plate<\/strong> permettant de bien le plaquer au mur \u00e0 l&rsquo;aide d&rsquo;une trou pouvant accueillir une vis. La <strong>vis noire est d&rsquo;ailleurs incluse<\/strong>. Il vous faudra donc disposer d&rsquo;une perceuse ou d&rsquo;un tournevis pour r\u00e9aliser une <strong>installation rapide et efficace<\/strong>._x000D_n_x000D_nAvec ce style m\u00e9tallique noir, c&rsquo;est un v\u00e9ritable <strong>passe partout<\/strong>. Le crochet peut \u00eatre utilis\u00e9 <strong>seul ou de mani\u00e8re multiple<\/strong> en ligne sur un bois. Vous pourrez alors cr\u00e9er vous-m\u00eame un porte manteaux. Sa mati\u00e8re en <strong>zinc<\/strong> vous permet d&rsquo;avoir la certitude d&rsquo;une belle <strong>robustesse<\/strong> face \u00e0 la corrosion notamment._x000D_n_x000D_n&nbsp;_x000D_n<\/p>\n<h3>O\u00f9 installer ce crochet en metal noir?<\/h3>\n<p>_x000D_nAinsi, dans la salle de bain comme dans la <strong>cuisine<\/strong> ou l&rsquo;entr\u00e9e, vous pourrez sans aucun probl\u00e8me en faire bon usage. Evidemment il sera tout autant possible de l&rsquo;utiliser en milieu <a href=\"https:\/\/1001pateres.com\/pro\/\"><strong>professionnel<\/strong><\/a>._x000D_n_x000D_nEnfin, au vue de sa taille, le <strong>crochet en metal noir<\/strong> supporte une <strong>charge maximale de 0,5kg<\/strong>. Il est donc recommand\u00e9 pour suspendre des <strong>accessoires<\/strong> comme des bijoux, des foulards, ou encore des ustensiles de cuisine._x000D_n_x000D_nVoici ses <strong>dimensions<\/strong>:_x000D_n<\/p>\n<ul>_x000D_n \t<\/p>\n<li>Crochet simple noir en zinc: 2 cm X 0,6 cm<\/li>\n<p>_x000D_n \t<\/p>\n<li>Ecartement maxi: 2,1 cm<\/li>\n<p>_x000D_n \t<\/p>\n<li>Vis de 1 cm<\/li>\n<p>_x000D_n<\/ul>\n<p>_x000D_nN&rsquo;h\u00e9sitez pas \u00e0 contactez 1001 Pat\u00e8res en cas de question compl\u00e9mentaire ou pour une demande de devis en importante quantit\u00e9.<\/p>\n","protected":false},"excerpt":{"rendered":"<p>Jolie pat\u00e8re <strong>crochet simple<\/strong> <em><strong>m\u00e9tal noir<\/strong><\/em>. Ce crochet petit mod\u00e8le qui peut servir de porte torchon, porte gant et peux se fixer sur un support en bois pour servir de porte clefs ou porte bijoux. Il est design et \u00e9pur\u00e9 avec une forme pratique et permet de poser de petits objets du type de bijoux ou de torchons. Bien fix\u00e9, il permet de supporter un poids d&rsquo;environ 0,5 kg.<\/p>\n","protected":false},"featured_media":2275,"comment_status":"closed","ping_status":"open","template":"","meta":[],"product_cat":[29,20,32],"product_tag":[26],"class_list":["post-625","product","type-product","status-publish","has-post-thumbnail","hentry","product_cat-chambre-adulte","product_cat-cuisine","product_cat-entree-sejour","product_tag-crochet-patere-patere-design-patere-murale-patere-porte-pateres-porte-serviette-porte-torchon","description-off"],"_links":{"self":[{"href":"https:\/\/roulettes.vaniseo.top\/index.php\/wp-json\/wp\/v2\/product\/625","targetHints":{"allow":["GET"]}}],"collection":[{"href":"https:\/\/roulettes.vaniseo.top\/index.php\/wp-json\/wp\/v2\/product"}],"about":[{"href":"https:\/\/roulettes.vaniseo.top\/index.php\/wp-json\/wp\/v2\/types\/product"}],"replies":[{"embeddable":true,"href":"https:\/\/roulettes.vaniseo.top\/index.php\/wp-json\/wp\/v2\/comments?post=625"}],"version-history":[{"count":0,"href":"https:\/\/roulettes.vaniseo.top\/index.php\/wp-json\/wp\/v2\/product\/625\/revisions"}],"wp:featuredmedia":[{"embeddable":true,"href":"https:\/\/roulettes.vaniseo.top\/index.php\/wp-json\/wp\/v2\/media\/2275"}],"wp:attachment":[{"href":"https:\/\/roulettes.vaniseo.top\/index.php\/wp-json\/wp\/v2\/media?parent=625"}],"wp:term":[{"taxonomy":"product_cat","embeddable":true,"href":"https:\/\/roulettes.vaniseo.top\/index.php\/wp-json\/wp\/v2\/product_cat?post=625"},{"taxonomy":"product_tag","embeddable":true,"href":"https:\/\/roulettes.vaniseo.top\/index.php\/wp-json\/wp\/v2\/product_tag?post=625"}],"curies":[{"name":"wp","href":"https:\/\/api.w.org\/{rel}","templated":true}]}}