{"id":626,"date":"2022-04-04T16:22:19","date_gmt":"2022-04-04T14:22:19","guid":{"rendered":"https:\/\/roulettes.vaniseo.top\/index.php\/produit\/petit-crochet-noir-en-metal\/"},"modified":"2022-04-04T17:22:45","modified_gmt":"2022-04-04T15:22:45","slug":"petit-crochet-noir-en-metal","status":"publish","type":"product","link":"https:\/\/roulettes.vaniseo.top\/index.php\/produit\/petit-crochet-noir-en-metal\/","title":{"rendered":"Petit crochet noir en m\u00e9tal"},"content":{"rendered":"<h3>Crochet noir de petites dimensions<\/h3>\n<p>_x000D_n<strong>1001 Pat\u00e8res<\/strong> est le sp\u00e9cialiste de la <strong>vente en ligne de pat\u00e8res et porte manteaux<\/strong> en France. Elle vous offre un large choix de portants, notamment des <a href=\"https:\/\/1001pateres.com\/?s=crochet\"><strong>crochets<\/strong><\/a> comme ci-contre. D\u00e9couvrez donc ci dessous l&rsquo;ensemble des <strong>caract\u00e9ristiques techniques<\/strong> et les meilleures <strong>astuces d\u00e9coratives<\/strong> 1001 Pat\u00e8res pour ce <strong>petit crochet noir en m\u00e9tal<\/strong>. Vous pourrez ainsi en tirer le meilleur profit!_x000D_n_x000D_n&nbsp;_x000D_n<\/p>\n<h3>Petit crochet noir en m\u00e9tal pour la maison comme pour le bureau<\/h3>\n<p>_x000D_nTout d&rsquo;abord, ce type de crochet en m\u00e9tal est id\u00e9al pour <strong>suspendre des \u00e9l\u00e9ments de petites tailles<\/strong>: ustensiles de cuisine, serviettes, mais aussi foulards et sacs dans l&rsquo;entr\u00e9e. Dans tous les cas, la r\u00e9sistance de charge maximum par crochets est d&rsquo;environ <strong>0,5kg<\/strong>. Mais, vous l&rsquo;aurez compris, ils sont donc utilisables aussi bien dans l&rsquo;entr\u00e9e que dans la salle de bain, la cuisine ou encore la chambre!_x000D_n_x000D_nBien s\u00fbr, nous abordons ici les pi\u00e8ces de la <strong>maison<\/strong>, mais il est \u00e9galement possible de l&rsquo;utiliser dans un atelier professionnel, comme un <strong>bureau<\/strong> d&rsquo;<a href=\"https:\/\/1001pateres.com\/categorie-produit\/entreprise\/\">entreprise<\/a> ou encore une <a href=\"https:\/\/1001pateres.com\/categorie-produit\/collectivite\/\"><strong>collectivit\u00e9<\/strong><\/a>._x000D_n_x000D_n&nbsp;_x000D_n<\/p>\n<h3>Comment et o\u00f9 l&rsquo;installer?<\/h3>\n<p>_x000D_nPar ailleurs, comme vous pouvez le constater en images ci-contre, cette r\u00e9f\u00e9rence est <strong>munie de deux trous<\/strong> pour une fixation bien plaqu\u00e9e contre le mur. Toutefois, il est tout autant possible de <strong>le fixer \u00e0 m\u00eame un mur ou sur une planche de bois<\/strong> pour cr\u00e9er vous-m\u00eame votre porte manteaux multi crochets.\u00a0Pour l&rsquo;installer vous aurez simplement besoin de vous munir d&rsquo;une <strong>perceuse<\/strong> ou d&rsquo;un tournevis. Les <strong>vis sont fournies<\/strong>._x000D_n_x000D_nSon design est un incontournable passe partout. Ce petit crochet noir en m\u00e9tal propose une forme \u00e9pur\u00e9e \u00e0 la fois moderne et minimaliste. Le fait de disposer d&rsquo;une <strong>petite boule au bout du crochet<\/strong> permet de ne pas accrocher les v\u00eatements, ni les marquer. Voici ses <strong>dimensions<\/strong>:_x000D_n<\/p>\n<ul>_x000D_n \t<\/p>\n<li>Petit crochet noir en m\u00e9tal: 3 cm X 1,2 cm<\/li>\n<p>_x000D_n \t<\/p>\n<li>Ecartement maxi: 2,1 cm<\/li>\n<p>_x000D_n \t<\/p>\n<li>Vis de 1 cm<\/li>\n<p>_x000D_n<\/ul>\n<p>_x000D_n&nbsp;_x000D_n_x000D_nN&rsquo;h\u00e9sitez pas \u00e0 contacter 1001 Pat\u00e8res pour toutes questions compl\u00e9mentaires ou pour obtenir un devis sp\u00e9cifique en cas de commande en nombre important.<\/p>\n","protected":false},"excerpt":{"rendered":"<p>Jolie petit\u00a0<strong>crochet simple<\/strong> <em><strong>m\u00e9tal noir<\/strong><\/em>. Ce crochet petit mod\u00e8le qui peut servir de porte torchon, porte gant et peux se fixer sur un support en bois pour servir de porte clefs ou porte bijoux. Il est design et \u00e9pur\u00e9 avec une forme pratique et permet de poser de petits objets du type de bijoux ou de torchons. Bien fix\u00e9, il permet de supporter un poids d&rsquo;environ 0,5 kg.<\/p>\n","protected":false},"featured_media":2277,"comment_status":"closed","ping_status":"open","template":"","meta":[],"product_cat":[29,20,32],"product_tag":[31],"class_list":["post-626","product","type-product","status-publish","has-post-thumbnail","hentry","product_cat-chambre-adulte","product_cat-cuisine","product_cat-entree-sejour","product_tag-crochet-patere-patere-design-patere-murale-patere-porte-pateres-porte-manteau-porte-serviette-porte-torchon","description-off"],"_links":{"self":[{"href":"https:\/\/roulettes.vaniseo.top\/index.php\/wp-json\/wp\/v2\/product\/626","targetHints":{"allow":["GET"]}}],"collection":[{"href":"https:\/\/roulettes.vaniseo.top\/index.php\/wp-json\/wp\/v2\/product"}],"about":[{"href":"https:\/\/roulettes.vaniseo.top\/index.php\/wp-json\/wp\/v2\/types\/product"}],"replies":[{"embeddable":true,"href":"https:\/\/roulettes.vaniseo.top\/index.php\/wp-json\/wp\/v2\/comments?post=626"}],"version-history":[{"count":0,"href":"https:\/\/roulettes.vaniseo.top\/index.php\/wp-json\/wp\/v2\/product\/626\/revisions"}],"wp:featuredmedia":[{"embeddable":true,"href":"https:\/\/roulettes.vaniseo.top\/index.php\/wp-json\/wp\/v2\/media\/2277"}],"wp:attachment":[{"href":"https:\/\/roulettes.vaniseo.top\/index.php\/wp-json\/wp\/v2\/media?parent=626"}],"wp:term":[{"taxonomy":"product_cat","embeddable":true,"href":"https:\/\/roulettes.vaniseo.top\/index.php\/wp-json\/wp\/v2\/product_cat?post=626"},{"taxonomy":"product_tag","embeddable":true,"href":"https:\/\/roulettes.vaniseo.top\/index.php\/wp-json\/wp\/v2\/product_tag?post=626"}],"curies":[{"name":"wp","href":"https:\/\/api.w.org\/{rel}","templated":true}]}}