{"id":627,"date":"2022-04-04T16:22:19","date_gmt":"2022-04-04T14:22:19","guid":{"rendered":"https:\/\/roulettes.vaniseo.top\/index.php\/produit\/porte-manteau-bois-avec-3-pateres-blanches-dinosaures\/"},"modified":"2022-04-04T17:22:46","modified_gmt":"2022-04-04T15:22:46","slug":"porte-manteau-bois-avec-3-pateres-blanches-dinosaures","status":"publish","type":"product","link":"https:\/\/roulettes.vaniseo.top\/index.php\/produit\/porte-manteau-bois-avec-3-pateres-blanches-dinosaures\/","title":{"rendered":"Porte manteau bois avec 3 pat\u00e8res blanches dinosaures"},"content":{"rendered":"<h2>Pat\u00e8re murale enfant\u00a0en bois brut et 3 crochets blancs en forme de dinosaure<\/h2>\n<p>_x000D_n1001 Pat\u00e8res a le plaisir de vous proposer l&rsquo;une de ses derni\u00e8res nouveaut\u00e9s ultra tendances: un <strong>porte manteau bois avec 3 pat\u00e8res blanches dinosaures<\/strong>._x000D_n_x000D_nEn effet, les <strong>dinosaures<\/strong> font partis des formes ultra tendances en d\u00e9coration pour la <strong>chambre des enfants<\/strong> actuellement. C\u00f4t\u00e9 couleurs et mati\u00e8res, le bois et le blanc restent des incontournables des ann\u00e9es 2020&#8230;\u00a0Ainsi, en choisissant ce <strong>porte manteau en bois brut et crochets blancs<\/strong> vous \u00eates s\u00fbr d&rsquo;\u00eatre dans les <strong>tendances actuelles<\/strong>._x000D_n_x000D_nPar ailleurs, rappelons que <strong>1001 Pat\u00e8res<\/strong> propose des solutions de rangement murales et sur pied de qualit\u00e9. Ici, il s&rsquo;agit de sa propre <a href=\"https:\/\/1001pateres.com\/brand\/1001pateres\/\">marque<\/a> de pat\u00e8res et porte manteaux. C&rsquo;est d&rsquo;ailleurs actuellement le n\u00b01 en France de la vente en ligne de pat\u00e8res. Vous avez donc l&rsquo;assurance de profiter d&rsquo;un large choix de <strong>produits modernes<\/strong>, mais surtout <strong>de qualit\u00e9<\/strong>._x000D_n_x000D_n&nbsp;_x000D_n<\/p>\n<h2>Porte manteau bois avec 3 pat\u00e8res blanches dinosaures<\/h2>\n<p>_x000D_nCi contre, il s&rsquo;agit donc d&rsquo;un porte manteau \u00e0 3 crochets. L&rsquo;ensemble est fait de bois. Le support mural et les tiges \u00e9cartant les <strong>crochets<\/strong> du support sont en <strong>bois brut<\/strong>. Les crochets sont eux en <strong>forme de dinosaures, tr\u00e8s arrondis<\/strong>, dans un style de dessins anim\u00e9s. On retrouve de gauche \u00e0 droite, le <strong>Tyrannosaure, le Diplodocus et le Tric\u00e9ratops<\/strong>. Tous sont peints dans une couleur <strong>blanche<\/strong> de qualit\u00e9._x000D_n_x000D_nVous aurez donc la facilit\u00e9 de suspendre les v\u00eatements et accessoires de vos v\u00eatements sur un <strong>support lisse qui ne marque pas<\/strong> les v\u00eatements. L&rsquo;ensemble supporte une <strong>charge de 5 kg<\/strong> au total._x000D_n_x000D_nEnfin, pour l&rsquo;installation du porte manteau mural enfant, pensez \u00e0 tenir compte de ses <strong>dimensions<\/strong>, \u00e0 savoir:_x000D_n<\/p>\n<ul>_x000D_n \t<\/p>\n<li>Ext\u00e9rieures: 38 cm X 10 cm<\/li>\n<p>_x000D_n \t<\/p>\n<li>Ecartement du mur: 7 cm<\/li>\n<p>_x000D_n \t<\/p>\n<li>Par dinosaure: 9 cm X 6 cm<\/li>\n<p>_x000D_n<\/ul>\n<p>_x000D_nUne installation correcte de celui-ci imposera l&rsquo;utilisation de cheville, vis et donc perceuse. Demandez nous conseils en cas de question subsidiaire._x000D_n_x000D_n&nbsp;_x000D_n_x000D_n&nbsp;<\/p>\n","protected":false},"excerpt":{"rendered":"<p>Jolie pat\u00e8re en <strong>bois brut<\/strong> \u00e0 fixer au mur avec trois pat\u00e8res en forme <em><strong>dinosaures<\/strong><strong>\u00a0blanc<\/strong><\/em>.\u00a0La pat\u00e8re pour la chambre de b\u00e9b\u00e9\u00a0est pratique au design naturel.\u00a0Pat\u00e8re pratique et permettant de supporter un poids d&rsquo;environ 5 kg une fois fix\u00e9e correctement au mur.<\/p>\n","protected":false},"featured_media":2279,"comment_status":"closed","ping_status":"open","template":"","meta":[],"product_cat":[16,17],"product_tag":[31],"class_list":["post-627","product","type-product","status-publish","has-post-thumbnail","hentry","product_cat-chambre-enfant","product_cat-salle-de-bain","product_tag-crochet-patere-patere-design-patere-murale-patere-porte-pateres-porte-manteau-porte-serviette-porte-torchon","description-off"],"_links":{"self":[{"href":"https:\/\/roulettes.vaniseo.top\/index.php\/wp-json\/wp\/v2\/product\/627","targetHints":{"allow":["GET"]}}],"collection":[{"href":"https:\/\/roulettes.vaniseo.top\/index.php\/wp-json\/wp\/v2\/product"}],"about":[{"href":"https:\/\/roulettes.vaniseo.top\/index.php\/wp-json\/wp\/v2\/types\/product"}],"replies":[{"embeddable":true,"href":"https:\/\/roulettes.vaniseo.top\/index.php\/wp-json\/wp\/v2\/comments?post=627"}],"version-history":[{"count":0,"href":"https:\/\/roulettes.vaniseo.top\/index.php\/wp-json\/wp\/v2\/product\/627\/revisions"}],"wp:featuredmedia":[{"embeddable":true,"href":"https:\/\/roulettes.vaniseo.top\/index.php\/wp-json\/wp\/v2\/media\/2279"}],"wp:attachment":[{"href":"https:\/\/roulettes.vaniseo.top\/index.php\/wp-json\/wp\/v2\/media?parent=627"}],"wp:term":[{"taxonomy":"product_cat","embeddable":true,"href":"https:\/\/roulettes.vaniseo.top\/index.php\/wp-json\/wp\/v2\/product_cat?post=627"},{"taxonomy":"product_tag","embeddable":true,"href":"https:\/\/roulettes.vaniseo.top\/index.php\/wp-json\/wp\/v2\/product_tag?post=627"}],"curies":[{"name":"wp","href":"https:\/\/api.w.org\/{rel}","templated":true}]}}