{"id":628,"date":"2022-04-04T16:22:19","date_gmt":"2022-04-04T14:22:19","guid":{"rendered":"https:\/\/roulettes.vaniseo.top\/index.php\/produit\/patere-porte-manteau-double-bronze-vieilli-style-art-deco\/"},"modified":"2022-04-04T17:22:46","modified_gmt":"2022-04-04T15:22:46","slug":"patere-porte-manteau-double-bronze-vieilli-style-art-deco","status":"publish","type":"product","link":"https:\/\/roulettes.vaniseo.top\/index.php\/produit\/patere-porte-manteau-double-bronze-vieilli-style-art-deco\/","title":{"rendered":"Pat\u00e8re porte-manteau double bronze vieilli style Art D\u00e9co"},"content":{"rendered":"<h2>Double crochet m\u00e9tallique en bronze vieilli<\/h2>\n<p>_x000D_n<strong>1001 Pat\u00e8res<\/strong> vous propose de d\u00e9couvrir encore une nouvelle version de sa <strong>pat\u00e8re porte-manteau double d&rsquo;aspect bronze vieilli<\/strong>._x000D_n_x000D_nEn effet, de nombreuses r\u00e9f\u00e9rences r\u00e9pondent \u00e0 ce style bronze vieilli, antique, plut\u00f4t <strong>Art D\u00e9co<\/strong>. A chaque fois, quelques diff\u00e9rences les distinguent. Voici d&rsquo;ores et d\u00e9j\u00e0, les liens vers nos autres r\u00e9f\u00e9rences dans ce style:_x000D_n<\/p>\n<ul>_x000D_n \t<\/p>\n<li>_x000D_n\n<p class=\"product_title\"><a href=\"https:\/\/1001pateres.com\/produit\/porte-manteau-mural-double-bronze-vieilli-antique\/\"><strong>Porte manteau mural double bronze vieilli style antique<\/strong><\/a><strong>\u00a0ou <a href=\"https:\/\/1001pateres.com\/produit\/porte-manteau-mural-double-noir-mat-antique\/\">noir mat<\/a><\/strong><\/p>\n<p>_x000D_n<\/li>\n<p>_x000D_n \t<\/p>\n<li>_x000D_n\n<p class=\"product_title\"><strong><a href=\"https:\/\/1001pateres.com\/produit\/patere-murale-en-bronze-vieilli\/\">Pat\u00e8re murale en bronze vieilli<\/a><\/strong><\/p>\n<p>_x000D_n<\/li>\n<p>_x000D_n \t<\/p>\n<li>_x000D_n\n<p class=\"product_title\"><strong><a href=\"https:\/\/1001pateres.com\/produit\/porte-manteau-porte-chapeau-rustique-vieilli\/\">Porte-manteau porte-chapeau rustique vieilli<\/a><\/strong><\/p>\n<p>_x000D_n<\/li>\n<p>_x000D_n \t<\/p>\n<li>_x000D_n\n<p class=\"product_title\"><strong><a href=\"https:\/\/1001pateres.com\/produit\/porte-manteau-porte-chapeau-boule-rustique-vieilli\/\">Porte chapeau boule rustique vieilli<\/a><\/strong><\/p>\n<p>_x000D_n<\/li>\n<p>_x000D_n \t<\/p>\n<li>_x000D_n\n<p class=\"product_title\"><strong><a href=\"https:\/\/1001pateres.com\/produit\/porte-manteau-porte-chapeau-boule-rustique-vieilli\/\">Porte chapeau boule rustique vieilli<\/a><\/strong><\/p>\n<p>_x000D_n<\/li>\n<p>_x000D_n<\/ul>\n<p>_x000D_nAvec 1001 Pat\u00e8res, il est vraiment facile d&rsquo;allier la <strong>d\u00e9coration au rangement<\/strong> de chacune de vos pi\u00e8ces de maison et d&rsquo;entreprise. Il y en a vraiment our <strong>tous les go\u00fbts et tous les budgets<\/strong>._x000D_n_x000D_n&nbsp;_x000D_n<\/p>\n<h2>Pat\u00e8re porte-manteau double bronze vieilli<\/h2>\n<p>_x000D_nIci, il s&rsquo;agit d&rsquo;une r\u00e9f\u00e9rence sign\u00e9e par sa <strong>propre marque 1001 Pat\u00e8res<\/strong> mais bien s\u00fbr de nombreuses autres marques internationales sont \u00e9galement disponibles!_x000D_n_x000D_nCe qui distingue celle-ci des autres est l&rsquo;<strong>absence d&#8217;embouts boules<\/strong> \u00e0 la pointe des crochets, et son <strong>support<\/strong> mural d&rsquo;accroche tout \u00e0 fait <strong>plat<\/strong>._x000D_n_x000D_nEnfin, comme toujours pour son installation, pensez \u00e0 tenir compte de ses dimensions. A savoir:_x000D_n<\/p>\n<ul>_x000D_n \t<\/p>\n<li>La base de la pat\u00e8re est de dimensions: 2,9 cm X 4 cm<\/li>\n<p>_x000D_n \t<\/p>\n<li>Crochet Bas : Ecartement du mur = 3,6 cm<\/li>\n<p>_x000D_n \t<\/p>\n<li>Ecartement du mur du crochet haut: 4,1 cm.<\/li>\n<p>_x000D_n<\/ul>\n<p>_x000D_nVous ne manquerez pas d&rsquo;utiliser les vis et chevilles remisent dans votre colis, avec votre propre perceuse. Ainsi, avec une fixation ad\u00e9quate, vous n&rsquo;aurez aucune surprise d&rsquo;utilisation. Cette pat\u00e8re est <strong>robuste<\/strong> et de <strong>qualit\u00e9<\/strong>._x000D_n_x000D_nElle habillera sans aucun probl\u00e8me les murs de votre garage, de l&rsquo;entr\u00e9e, du cellier, ou encore de la lingerie si vous pensez l&rsquo;utiliser chez vous. Dans un vestiaire, un atelier ou un bureau d&rsquo;entreprise, celle-ci sera aussi parfaite._x000D_n_x000D_nContactez nous pour un devis en quantit\u00e9 importante via le formulaire de la page <strong>Contact<\/strong>.<\/p>\n","protected":false},"excerpt":{"rendered":"<p>Belle <strong>pat\u00e8re porte-manteaux double bronze vieilli<\/strong>\u00a0<em><strong>style rustique<\/strong><\/em>. Pouvant servir de porte-manteau et de\u00a0porte-chapeau cette pat\u00e8re est\u00a0en alliage de zinc et\u00a0peut aussi servir de porte-\u00e9charpe ou porte-v\u00eatement.\u00a0Il est de couleur bronze avec une forme douce et pratique, et permet de supporter un poids de 5 kg environ.<\/p>\n","protected":false},"featured_media":2281,"comment_status":"closed","ping_status":"open","template":"","meta":[],"product_cat":[19,32,30,22,17],"product_tag":[37],"class_list":["post-628","product","type-product","status-publish","has-post-thumbnail","hentry","product_cat-collectivite","product_cat-entree-sejour","product_cat-garage-cellier","product_cat-pro","product_cat-salle-de-bain","product_tag-crochet-patere-patere-design-patere-murale-patere-porte-pateres-porte-chapeau-porte-serviette-porte-torchon-vestiaire","description-off"],"_links":{"self":[{"href":"https:\/\/roulettes.vaniseo.top\/index.php\/wp-json\/wp\/v2\/product\/628","targetHints":{"allow":["GET"]}}],"collection":[{"href":"https:\/\/roulettes.vaniseo.top\/index.php\/wp-json\/wp\/v2\/product"}],"about":[{"href":"https:\/\/roulettes.vaniseo.top\/index.php\/wp-json\/wp\/v2\/types\/product"}],"replies":[{"embeddable":true,"href":"https:\/\/roulettes.vaniseo.top\/index.php\/wp-json\/wp\/v2\/comments?post=628"}],"version-history":[{"count":0,"href":"https:\/\/roulettes.vaniseo.top\/index.php\/wp-json\/wp\/v2\/product\/628\/revisions"}],"wp:featuredmedia":[{"embeddable":true,"href":"https:\/\/roulettes.vaniseo.top\/index.php\/wp-json\/wp\/v2\/media\/2281"}],"wp:attachment":[{"href":"https:\/\/roulettes.vaniseo.top\/index.php\/wp-json\/wp\/v2\/media?parent=628"}],"wp:term":[{"taxonomy":"product_cat","embeddable":true,"href":"https:\/\/roulettes.vaniseo.top\/index.php\/wp-json\/wp\/v2\/product_cat?post=628"},{"taxonomy":"product_tag","embeddable":true,"href":"https:\/\/roulettes.vaniseo.top\/index.php\/wp-json\/wp\/v2\/product_tag?post=628"}],"curies":[{"name":"wp","href":"https:\/\/api.w.org\/{rel}","templated":true}]}}