{"id":629,"date":"2022-04-04T16:22:19","date_gmt":"2022-04-04T14:22:19","guid":{"rendered":"https:\/\/roulettes.vaniseo.top\/index.php\/produit\/crochet-mural-original-double-style-antique-blanc-vieilli\/"},"modified":"2022-04-04T17:22:47","modified_gmt":"2022-04-04T15:22:47","slug":"crochet-mural-original-double-style-antique-blanc-vieilli","status":"publish","type":"product","link":"https:\/\/roulettes.vaniseo.top\/index.php\/produit\/crochet-mural-original-double-style-antique-blanc-vieilli\/","title":{"rendered":"Crochet mural original double style antique blanc vieilli"},"content":{"rendered":"<h2>Pat\u00e8re double antique blanc vieilli<\/h2>\n<p>_x000D_n1001 Pat\u00e8res vous propose un nouveau style de <strong>crochet mural original<\/strong>. ici, il s&rsquo;agit d&rsquo;un mod\u00e8le <strong>double<\/strong> de style<strong> antique en blanc vieilli<\/strong>._x000D_n_x000D_nEn effet, 1001 Pat\u00e8res est le leader en France de la vente en ligne de porte manteaux et pat\u00e8res. Gr\u00e2ce \u00e0 ce site, trouvez de <strong>nombreux styles de crochets<\/strong> pour toute la <strong>famille<\/strong> mais aussi pour toute <strong>collectivit\u00e9<\/strong> et <strong>entreprise<\/strong>. De nombreuses marques sont s\u00e9lectionn\u00e9es pour leur <strong>tr\u00e8s bon rapport qualit\u00e9 prix<\/strong>, et pour leur style <strong>tendance<\/strong>._x000D_n_x000D_nAinsi, ici, donnez \u00e0 votre maison un style antique blanc avec cette pat\u00e8re offrant <strong>luminosit\u00e9<\/strong> et <strong>authenticit\u00e9<\/strong> \u00e0 un int\u00e9rieur rustique ou m\u00e9diterran\u00e9en par exemple. Mais, son style antique compl\u00e8te aussi parfaitement une d\u00e9coration <strong>Art D\u00e9co<\/strong> (la <a href=\"https:\/\/1001pateres.com\/saison-automne-hiver-2021-tendances-decoratives-acheter-sa-patere\/\">tendance<\/a> 2021\/2022). Dans une chambre, ou un cellier, dans une cuisine ou un garage, cette pat\u00e8re double antique est un <strong>passe-partout<\/strong>._x000D_n_x000D_n&nbsp;_x000D_n<\/p>\n<h3>Installation du crochet mural original double style antique blanc vieilli<\/h3>\n<p>_x000D_nDe plus, il est tout autant possible de l&rsquo;installer sur un mur blanc que color\u00e9. Bien s\u00fbr, en jouant sur le contraste vous valoriserez son blanc vieilli et insisterez vraiment sur le style Art D\u00e9co. Toutefois, pour un style antique rustique, optez plut\u00f4t sur une installation ton sur ton._x000D_n_x000D_n<strong>M\u00e9tallique<\/strong>, il s&rsquo;installe gr\u00e2ce \u00e0 ses <strong>deux trous de part et d&rsquo;autre du support mural<\/strong>. Pensez \u00e0 tenir compte de ses <strong>dimensions<\/strong> avant toute installation. Les voici:_x000D_n<\/p>\n<ul>_x000D_n \t<\/p>\n<li>Hauteur: 15 cm<\/li>\n<p>_x000D_n \t<\/p>\n<li>Ecartement du mur: 8,4 cm<\/li>\n<p>_x000D_n<\/ul>\n<p>_x000D_nEnfin, lors de tout achat, 1001 Pat\u00e8res vous remet les <strong>vis et chevilles n\u00e9cessaires<\/strong> \u00e0 son installation. Il vous faudra seulement vous munir d&rsquo;une perceuse et d&rsquo;un m\u00e8tre pour bien la centrer._x000D_n_x000D_nVous appr\u00e9cierez profiter d&rsquo;un produit aux embouts arrondis qui ne marquent pas les v\u00eatements et accessoires suspendus. N&rsquo;h\u00e9sitez pas \u00e9galement \u00e0 la <strong>d\u00e9multiplier<\/strong> sur un m\u00eame pan de mur pour cr\u00e9er un style vestiaire chic!<\/p>\n","protected":false},"excerpt":{"rendered":"<p>D\u00e9couvrez une pr\u00e9sentation compl\u00e8te ci dessous du porte manteau mural de <strong>style antique<\/strong> <em>blanc vieilli<\/em> pour la maison et pour toute collectivit\u00e9. M\u00e9tallique, il s&rsquo;installe gr\u00e2ce \u00e0 ses deux trous de part et d&rsquo;autre du support mural. Son style antique compl\u00e8tera parfaitement une d\u00e9coration <em><strong>Art D\u00e9co<\/strong><\/em> avec deux pat\u00e8res pour y accrocher tout ce qui ne doit pas trainer.<\/p>\n","protected":false},"featured_media":2284,"comment_status":"closed","ping_status":"open","template":"","meta":[],"product_cat":[29,19,20,32,21,22,17],"product_tag":[26],"class_list":["post-629","product","type-product","status-publish","has-post-thumbnail","hentry","product_cat-chambre-adulte","product_cat-collectivite","product_cat-cuisine","product_cat-entree-sejour","product_cat-entreprise","product_cat-pro","product_cat-salle-de-bain","product_tag-crochet-patere-patere-design-patere-murale-patere-porte-pateres-porte-serviette-porte-torchon","description-off"],"_links":{"self":[{"href":"https:\/\/roulettes.vaniseo.top\/index.php\/wp-json\/wp\/v2\/product\/629","targetHints":{"allow":["GET"]}}],"collection":[{"href":"https:\/\/roulettes.vaniseo.top\/index.php\/wp-json\/wp\/v2\/product"}],"about":[{"href":"https:\/\/roulettes.vaniseo.top\/index.php\/wp-json\/wp\/v2\/types\/product"}],"replies":[{"embeddable":true,"href":"https:\/\/roulettes.vaniseo.top\/index.php\/wp-json\/wp\/v2\/comments?post=629"}],"version-history":[{"count":0,"href":"https:\/\/roulettes.vaniseo.top\/index.php\/wp-json\/wp\/v2\/product\/629\/revisions"}],"wp:featuredmedia":[{"embeddable":true,"href":"https:\/\/roulettes.vaniseo.top\/index.php\/wp-json\/wp\/v2\/media\/2284"}],"wp:attachment":[{"href":"https:\/\/roulettes.vaniseo.top\/index.php\/wp-json\/wp\/v2\/media?parent=629"}],"wp:term":[{"taxonomy":"product_cat","embeddable":true,"href":"https:\/\/roulettes.vaniseo.top\/index.php\/wp-json\/wp\/v2\/product_cat?post=629"},{"taxonomy":"product_tag","embeddable":true,"href":"https:\/\/roulettes.vaniseo.top\/index.php\/wp-json\/wp\/v2\/product_tag?post=629"}],"curies":[{"name":"wp","href":"https:\/\/api.w.org\/{rel}","templated":true}]}}