{"id":630,"date":"2022-04-04T16:22:19","date_gmt":"2022-04-04T14:22:19","guid":{"rendered":"https:\/\/roulettes.vaniseo.top\/index.php\/produit\/vestiaire-porte-manteau-metallique-double-noir-mat\/"},"modified":"2022-04-04T17:22:48","modified_gmt":"2022-04-04T15:22:48","slug":"vestiaire-porte-manteau-metallique-double-noir-mat","status":"publish","type":"product","link":"https:\/\/roulettes.vaniseo.top\/index.php\/produit\/vestiaire-porte-manteau-metallique-double-noir-mat\/","title":{"rendered":"Vestiaire porte manteau m\u00e9tallique double noir mat"},"content":{"rendered":"<h2>Double crochet m\u00e9tallique noir mat<\/h2>\n<p>_x000D_n<strong>1001 Pat\u00e8res<\/strong> vous recommande ce <strong>vestiaire pat\u00e8re porte manteau m\u00e9tallique double noir mat<\/strong>. Avec lui, optimisez le rangement de votre int\u00e9rieur professionnel et\/ou priv\u00e9 avec modernit\u00e9 et efficacit\u00e9._x000D_n_x000D_nEn effet, 1001 Pat\u00e8res est le <strong>n\u00b01 de la vente en ligne de pat\u00e8res et porte manteaux<\/strong>. Il vous d\u00e9niche des p\u00e9pites pour maximiser le rangement de vos pi\u00e8ces <strong>avec style et go\u00fbt<\/strong>._x000D_n_x000D_nIci, il est question de rentrer dans le <strong>style vestiaire avec \u00e9l\u00e9gance<\/strong>. Pour cela, le double crochet est <strong>en m\u00e9tal, peint en noir mat<\/strong>._x000D_n_x000D_nIl est vrai que la <strong>tendance du <a href=\"https:\/\/1001pateres.com\/boutique\/?wpf=filtre&amp;wpf_page=1&amp;wpf_materiaux=metal\">m\u00e9tallique<\/a> noir mat<\/strong> est devenue un <strong>incontournable<\/strong>. D&rsquo;autant que leur robustesse n&rsquo;est plus \u00e0 prouver. Ainsi, ici aussi, vous pourrez comme toujours profiter d&rsquo;un produit de qualit\u00e9, tr\u00e8s r\u00e9sistant._x000D_n_x000D_nCelui-ci dispose d&rsquo;un double crochet : la plus long sur la partie sup\u00e9rieure, l&rsquo;autre plus court sur la partie inf\u00e9rieure. Au centre, un cercle accueille les insert de fixation. Vous aimerez ses embouts arrondis qui ne marquent pas les v\u00eatements et les accessoires._x000D_n<\/p>\n<h3>Installer le vestiaire porte manteau m\u00e9tallique double noir mat<\/h3>\n<p>_x000D_nPar ailleurs, du fait de son coloris noir mat, nous vous recommandons de l&rsquo;installer<strong> sur un mur clair pour contraster<\/strong> ou sur un mur de <strong>m\u00eame harmonie pour insister sur un style industriel<\/strong>._x000D_n_x000D_nD&rsquo;autre part, 1001 Pat\u00e8res <strong>vous remet les vis<\/strong> n\u00e9cessaires lors de tout achat. Vous n&rsquo;aurez donc besoin que de votre perceuse pour l&rsquo;installer via les 2 trous disponibles sur la pate centrale. Pensez \u00e9galement \u00e0 tenir compte de ses <strong>dimensions<\/strong> pour bien penser en amont sa fixation. Les voici:_x000D_n<\/p>\n<ul>_x000D_n \t<\/p>\n<li>La base de la pat\u00e8re est de dimensions: 2,9 cm X 4 cm<\/li>\n<p>_x000D_n \t<\/p>\n<li>Crochet Bas, \u00e9cartement du mur: 3,6 cm<\/li>\n<p>_x000D_n \t<\/p>\n<li>Ecartement du mur du crochet haut: 4,1 cm<\/li>\n<p>_x000D_n \t<\/p>\n<li>Hauteur: 8,5 cm<\/li>\n<p>_x000D_n<\/ul>\n<p>_x000D_nContactez nous pour toute question compl\u00e9mentaire. Et n&rsquo;h\u00e9sitez pas \u00e9galement \u00e0 demander votre devis en cas de besoin en quantit\u00e9 importante via le formulaire de la page <strong>Contact<\/strong>. L&rsquo;\u00e9quipe se fera un plaisir de revenir vers vous rapidement.<\/p>\n","protected":false},"excerpt":{"rendered":"<p>Belle <strong>pat\u00e8re porte-manteaux double noir mat<\/strong>\u00a0<em><strong>style vestiaire<\/strong><\/em>. Pouvant servir de porte-manteau et de\u00a0porte-chapeau cette pat\u00e8re est\u00a0en alliage de zinc et\u00a0peut aussi servir de porte-\u00e9charpe ou porte-v\u00eatement.\u00a0Il est de couleur noir avec une forme douce et pratique, et permet de supporter un poids de 5 kg environ.<\/p>\n","protected":false},"featured_media":2287,"comment_status":"closed","ping_status":"open","template":"","meta":[],"product_cat":[19,32,21,30,22,17],"product_tag":[37],"class_list":["post-630","product","type-product","status-publish","has-post-thumbnail","hentry","product_cat-collectivite","product_cat-entree-sejour","product_cat-entreprise","product_cat-garage-cellier","product_cat-pro","product_cat-salle-de-bain","product_tag-crochet-patere-patere-design-patere-murale-patere-porte-pateres-porte-chapeau-porte-serviette-porte-torchon-vestiaire","description-off"],"_links":{"self":[{"href":"https:\/\/roulettes.vaniseo.top\/index.php\/wp-json\/wp\/v2\/product\/630","targetHints":{"allow":["GET"]}}],"collection":[{"href":"https:\/\/roulettes.vaniseo.top\/index.php\/wp-json\/wp\/v2\/product"}],"about":[{"href":"https:\/\/roulettes.vaniseo.top\/index.php\/wp-json\/wp\/v2\/types\/product"}],"replies":[{"embeddable":true,"href":"https:\/\/roulettes.vaniseo.top\/index.php\/wp-json\/wp\/v2\/comments?post=630"}],"version-history":[{"count":0,"href":"https:\/\/roulettes.vaniseo.top\/index.php\/wp-json\/wp\/v2\/product\/630\/revisions"}],"wp:featuredmedia":[{"embeddable":true,"href":"https:\/\/roulettes.vaniseo.top\/index.php\/wp-json\/wp\/v2\/media\/2287"}],"wp:attachment":[{"href":"https:\/\/roulettes.vaniseo.top\/index.php\/wp-json\/wp\/v2\/media?parent=630"}],"wp:term":[{"taxonomy":"product_cat","embeddable":true,"href":"https:\/\/roulettes.vaniseo.top\/index.php\/wp-json\/wp\/v2\/product_cat?post=630"},{"taxonomy":"product_tag","embeddable":true,"href":"https:\/\/roulettes.vaniseo.top\/index.php\/wp-json\/wp\/v2\/product_tag?post=630"}],"curies":[{"name":"wp","href":"https:\/\/api.w.org\/{rel}","templated":true}]}}