{"id":631,"date":"2022-04-04T16:22:19","date_gmt":"2022-04-04T14:22:19","guid":{"rendered":"https:\/\/roulettes.vaniseo.top\/index.php\/produit\/pateres-bois-naturel-pulhmann-set-de-3-branches\/"},"modified":"2022-04-04T17:22:48","modified_gmt":"2022-04-04T15:22:48","slug":"pateres-bois-naturel-pulhmann-set-de-3-branches","status":"publish","type":"product","link":"https:\/\/roulettes.vaniseo.top\/index.php\/produit\/pateres-bois-naturel-pulhmann-set-de-3-branches\/","title":{"rendered":"Pat\u00e8res bois naturel Pulhmann : set de 3 branches"},"content":{"rendered":"<h3>Porte manteau mural bois Puhlmann : 3 branches en bois naturel<\/h3>\n<p>_x000D_n<strong>1001 Pat\u00e8res<\/strong>, n\u00b01 de la vente en ligne de pat\u00e8res et porte manteaux, vous recommande les r\u00e9f\u00e9rences de la marque <strong>Puhlmann<\/strong> pour leur qualit\u00e9. Ici, d\u00e9couvrez le tout dernier <strong>set de 3 pat\u00e8res bois naturel<\/strong> en forme de <strong>branches<\/strong>._x000D_n_x000D_nEn effet, 1001 Pat\u00e8res sillonne les meilleurs designers au monde pour vous d\u00e9nicher des perles \u00e0 accrocher au mur. Celles-ci pourront \u00e0 la fois <strong>d\u00e9corer<\/strong> mais aussi <strong>aider au rangement<\/strong> de votre maison. V\u00e9ritable objet polyvalent, 1001 Pat\u00e8res les choisit au <strong>meilleur rapport qualit\u00e9 prix<\/strong>._x000D_n_x000D_nAinsi, ici, avec la marque <strong><a href=\"https:\/\/puhlmann.eu\/\" target=\"_blank\" rel=\"noopener\">Puhlmann<\/a><\/strong>, vous partez en immersion dans le <strong>design<\/strong>, l&rsquo;excentrique ou le color\u00e9 du groupe Capventure, originaire des Pays Bas. Ici, avec ce porte manteau mural bois, <strong>vous invitez la nature dans votre int\u00e9rieur<\/strong>. Toujours <strong>tr\u00e8s tendance<\/strong> de jouer sur les \u00e9l\u00e9ments naturels, optez pour sa<strong> version color\u00e9e naturelle<\/strong> est encore plus malin.\u00a0Cependant, ces pat\u00e8res bois sont aussi disponibles dans les coloris suivants: <a href=\"https:\/\/1001pateres.com\/produit\/pateres-design-set-de-trois-branches-blanches\/\">blanc<\/a>, <a href=\"https:\/\/1001pateres.com\/produit\/pateres-design-set-trois-branches-argentees\/\">argent<\/a>, et <a href=\"https:\/\/1001pateres.com\/produit\/pateres-design-set-trois-branches-noires\/\">noir<\/a>._x000D_n_x000D_nC\u00f4t\u00e9 fabrication, ce set est fait de <strong>r\u00e9sine laqu\u00e9e<\/strong>. Le <strong>toucher<\/strong> est donc tr\u00e8s <strong>agr\u00e9able<\/strong> et respecte v\u00eatements et accessoires qui y sont suspendus. Enfin le fait d&rsquo;\u00eatre laqu\u00e9 n&rsquo;est pas seulement <strong>doux<\/strong> au toucher, il permet aussi une <strong>utilisation sur le long terme<\/strong> du fait de sa <strong>robustesse<\/strong>._x000D_n_x000D_n&nbsp;_x000D_n<\/p>\n<h3>Installation des pat\u00e8res bois naturel Puhlmann<\/h3>\n<p>_x000D_nLors de tout achat de cette r\u00e9f\u00e9rence, vous trouverez dans le carton \u00e9galement <strong>une vis et une cheville pour chacune<\/strong>. Vous n&rsquo;aurez donc besoin de vous munir que d&rsquo;une <strong>perceuse<\/strong> et d&rsquo;un <strong>m\u00e8tre<\/strong> pour les espacer r\u00e9guli\u00e8rement l&rsquo;une de l&rsquo;autre. Pour penser le projet en amont de leur r\u00e9ception, voici leurs\u00a0<strong>dimensions<\/strong>:_x000D_n<\/p>\n<ul>_x000D_n \t<\/p>\n<li>Dimension d&rsquo;une branche : 10 cm X 4,5 cm<\/li>\n<p>_x000D_n \t<\/p>\n<li>Ecartement du mur: 8 cm.<\/li>\n<p>_x000D_n<\/ul>\n<p>_x000D_nEnfin, c\u00f4t\u00e9 <strong>am\u00e9nagement<\/strong>, nos clients se contentent parfois que d\u2019<strong>un set qu\u2019ils installent en ligne,<\/strong> parfois ils<strong> mixent les 3 r\u00e9f\u00e9rences<\/strong> sur un m\u00eame pans de mur <strong>pour d\u00e9multiplier les solutions de rangement<\/strong>.<\/p>\n","protected":false},"excerpt":{"rendered":"<p>Belles pat\u00e8res design en set de <strong>trois branches bois naturel<\/strong>.\u00a0Ces trois pat\u00e8res de la marque <em><strong>PUHLMANN<\/strong><\/em> sont en bois laqu\u00e9es naturel tr\u00e8s r\u00e9sistantes.\u00a0Elles sont \u00e0 poser dans la chambre ou dans l&rsquo;entr\u00e9e pour ne plus voir trainer ses affaires.<\/p>\n","protected":false},"featured_media":2290,"comment_status":"closed","ping_status":"open","template":"","meta":[],"product_cat":[29,16,32],"product_tag":[27],"class_list":["post-631","product","type-product","status-publish","has-post-thumbnail","hentry","product_cat-chambre-adulte","product_cat-chambre-enfant","product_cat-entree-sejour","product_tag-crochet-patere-patere-design-patere-murale-patere-porte-pateres-porte-serviette-porte-torchon-vestiaire","description-off"],"_links":{"self":[{"href":"https:\/\/roulettes.vaniseo.top\/index.php\/wp-json\/wp\/v2\/product\/631","targetHints":{"allow":["GET"]}}],"collection":[{"href":"https:\/\/roulettes.vaniseo.top\/index.php\/wp-json\/wp\/v2\/product"}],"about":[{"href":"https:\/\/roulettes.vaniseo.top\/index.php\/wp-json\/wp\/v2\/types\/product"}],"replies":[{"embeddable":true,"href":"https:\/\/roulettes.vaniseo.top\/index.php\/wp-json\/wp\/v2\/comments?post=631"}],"version-history":[{"count":0,"href":"https:\/\/roulettes.vaniseo.top\/index.php\/wp-json\/wp\/v2\/product\/631\/revisions"}],"wp:featuredmedia":[{"embeddable":true,"href":"https:\/\/roulettes.vaniseo.top\/index.php\/wp-json\/wp\/v2\/media\/2290"}],"wp:attachment":[{"href":"https:\/\/roulettes.vaniseo.top\/index.php\/wp-json\/wp\/v2\/media?parent=631"}],"wp:term":[{"taxonomy":"product_cat","embeddable":true,"href":"https:\/\/roulettes.vaniseo.top\/index.php\/wp-json\/wp\/v2\/product_cat?post=631"},{"taxonomy":"product_tag","embeddable":true,"href":"https:\/\/roulettes.vaniseo.top\/index.php\/wp-json\/wp\/v2\/product_tag?post=631"}],"curies":[{"name":"wp","href":"https:\/\/api.w.org\/{rel}","templated":true}]}}