{"id":632,"date":"2022-04-04T16:22:19","date_gmt":"2022-04-04T14:22:19","guid":{"rendered":"https:\/\/roulettes.vaniseo.top\/index.php\/produit\/patere-ancre-marine-laiton-dore\/"},"modified":"2022-04-04T17:22:49","modified_gmt":"2022-04-04T15:22:49","slug":"patere-ancre-marine-laiton-dore","status":"publish","type":"product","link":"https:\/\/roulettes.vaniseo.top\/index.php\/produit\/patere-ancre-marine-laiton-dore\/","title":{"rendered":"Pat\u00e8re ancre marine laiton dor\u00e9"},"content":{"rendered":"<h2>Porte manteau laiton dor\u00e9 en forme d&rsquo;ancre marine<\/h2>\n<p>_x000D_n1001 Pat\u00e8res, n\u00b01 des ventes en ligne de porte manteaux et pat\u00e8res en France, vous recommande l&rsquo;achat d&rsquo;une <strong>pat\u00e8re ancre marine laiton dor\u00e9<\/strong>._x000D_n_x000D_nCelle-ci sera parfaite dans une<strong> d\u00e9coration marine<\/strong> ou dans une th\u00e9matique <strong>dor\u00e9e<\/strong>!_x000D_n_x000D_nEn effet, 1001 Pat\u00e8re parcourt les meilleurs fabricants de pat\u00e8res pour vous proposer le <strong>meilleur rapport qualit\u00e9 prix<\/strong>. Elle s&rsquo;\u00e9vertue aussi \u00e0 varier les styles pour que vous puissiez <strong>optimiser la d\u00e9coration et le rangement<\/strong> de l&rsquo;ensemble des pi\u00e8ces de votre maison et\/ou de votre entreprise._x000D_n_x000D_nVous aimerez utiliser cette pat\u00e8re notamment des <strong>pi\u00e8ces humides<\/strong> type salle de bain puisque <strong>le laiton ne s&rsquo;oxyde pas<\/strong>. Pour autant, \u00a0il est bien s\u00fbr possible de l&rsquo;utiliser dans d&rsquo;autres pi\u00e8ces. Un style<strong> Art D\u00e9co<\/strong> ou avec des <strong>touches de dor\u00e9<\/strong> dans votre d\u00e9coration accueilleront facilement ce porte manteau._x000D_n_x000D_nPar ailleurs, vous aurez plaisir \u00e0 l&rsquo;utiliser pour suspendre aussi bien <strong>vos cl\u00e9s, vos accessoires, ou vos v\u00eatements<\/strong>. Pour respecter la forme du crochet, nous vous conseillons au maximum une <strong>charge de 2kg<\/strong>._x000D_n<\/p>\n<h2>O\u00f9 et comment installer cette pat\u00e8re ancre marine en laiton dor\u00e9?<\/h2>\n<p>_x000D_nRetrouvez donc ici, un porte manteau de <strong>dimensions<\/strong> :_x000D_n<\/p>\n<ul>_x000D_n \t<\/p>\n<li>Hauteur: 9,7 cm<\/li>\n<p>_x000D_n \t<\/p>\n<li>Largeur: 4,4 cm<\/li>\n<p>_x000D_n \t<\/p>\n<li>Ecartement du mur: 2,4 cm<\/li>\n<p>_x000D_n<\/ul>\n<p>_x000D_nCelle-ci est donc assez petite, et pourra donc<strong> \u00eatre d\u00e9multipli\u00e9e en ligne<\/strong> pour faire un effet porte manteau multiple. Pensez simplement \u00e0 croiser les donn\u00e9es entre les dimensions du produit et celles du pans de mur o\u00f9 vous pr\u00e9voyez de l&rsquo;installer._x000D_n_x000D_nEnfin, c\u00f4t\u00e9 installation, vous recevez avec votre ancre marine dor\u00e9, deux vis \u00e0 bois. Il vous faudra donc vous munir d&rsquo;un tournevis pour l&rsquo;installer en toute simplicit\u00e9._x000D_n_x000D_n1001 Pat\u00e8res propose aussi sur son site deux autres ancres en bois, bleu et blanc:_x000D_n<\/p>\n<ul>_x000D_n \t<\/p>\n<li>_x000D_n\n<p class=\"product_title\"><a href=\"https:\/\/1001pateres.com\/produit\/patere-thermometre-ancre-marine\/\">Thermom\u00e8tre sur pat\u00e8re d\u00e9co marine avec ancre<\/a><\/p>\n<p>_x000D_n<\/li>\n<p>_x000D_n \t<\/p>\n<li><a href=\"https:\/\/1001pateres.com\/produit\/patere-deco-marine-ancre\/\">Pat\u00e8re d\u00e9co marine ancre<\/a><\/li>\n<p>_x000D_n<\/ul>\n<p>_x000D_nN&rsquo;h\u00e9sitez pas \u00e0 nous contacter pour plus d&rsquo;informations \u00e0 son sujet. Il est aussi possible de faire une demande de devis en cas de besoin de quantit\u00e9 importante.<\/p>\n","protected":false},"excerpt":{"rendered":"<h2>Porte manteau laiton dor\u00e9 en forme d&rsquo;ancre marine.<\/h2>\n<p>_x000D_n1001 Pat\u00e8res, n\u00b01 des ventes en ligne de <em><strong>porte manteaux<\/strong><\/em> et pat\u00e8res en France, vous recommande l&rsquo;achat d&rsquo;une <strong>pat\u00e8re ancre marine laiton dor\u00e9.\u00a0<\/strong>Vous aimerez utiliser cette pat\u00e8re notamment des pi\u00e8ces humides type salle de bain puisque le laiton ne s&rsquo;oxyde pas. Pour autant, \u00a0il est bien s\u00fbr possible de l&rsquo;utiliser dans d&rsquo;autres pi\u00e8ces. Un style Art D\u00e9co ou avec des touches de dor\u00e9 dans votre d\u00e9coration accueilleront facilement ce porte manteau.<\/p>\n","protected":false},"featured_media":2294,"comment_status":"closed","ping_status":"open","template":"","meta":[],"product_cat":[29,20,32,17],"product_tag":[26],"class_list":["post-632","product","type-product","status-publish","has-post-thumbnail","hentry","product_cat-chambre-adulte","product_cat-cuisine","product_cat-entree-sejour","product_cat-salle-de-bain","product_tag-crochet-patere-patere-design-patere-murale-patere-porte-pateres-porte-serviette-porte-torchon","description-off"],"_links":{"self":[{"href":"https:\/\/roulettes.vaniseo.top\/index.php\/wp-json\/wp\/v2\/product\/632","targetHints":{"allow":["GET"]}}],"collection":[{"href":"https:\/\/roulettes.vaniseo.top\/index.php\/wp-json\/wp\/v2\/product"}],"about":[{"href":"https:\/\/roulettes.vaniseo.top\/index.php\/wp-json\/wp\/v2\/types\/product"}],"replies":[{"embeddable":true,"href":"https:\/\/roulettes.vaniseo.top\/index.php\/wp-json\/wp\/v2\/comments?post=632"}],"version-history":[{"count":0,"href":"https:\/\/roulettes.vaniseo.top\/index.php\/wp-json\/wp\/v2\/product\/632\/revisions"}],"wp:featuredmedia":[{"embeddable":true,"href":"https:\/\/roulettes.vaniseo.top\/index.php\/wp-json\/wp\/v2\/media\/2294"}],"wp:attachment":[{"href":"https:\/\/roulettes.vaniseo.top\/index.php\/wp-json\/wp\/v2\/media?parent=632"}],"wp:term":[{"taxonomy":"product_cat","embeddable":true,"href":"https:\/\/roulettes.vaniseo.top\/index.php\/wp-json\/wp\/v2\/product_cat?post=632"},{"taxonomy":"product_tag","embeddable":true,"href":"https:\/\/roulettes.vaniseo.top\/index.php\/wp-json\/wp\/v2\/product_tag?post=632"}],"curies":[{"name":"wp","href":"https:\/\/api.w.org\/{rel}","templated":true}]}}