{"id":633,"date":"2022-04-04T16:22:19","date_gmt":"2022-04-04T14:22:19","guid":{"rendered":"https:\/\/roulettes.vaniseo.top\/index.php\/produit\/porte-manteau-ancre-marine-laiton-sur-bois-3-crochets\/"},"modified":"2022-04-04T17:22:50","modified_gmt":"2022-04-04T15:22:50","slug":"porte-manteau-ancre-marine-laiton-sur-bois-3-crochets","status":"publish","type":"product","link":"https:\/\/roulettes.vaniseo.top\/index.php\/produit\/porte-manteau-ancre-marine-laiton-sur-bois-3-crochets\/","title":{"rendered":"Porte manteau ancre marine laiton sur bois 3 crochets"},"content":{"rendered":"<h2>3 pat\u00e8res en forme d&rsquo;ancre marine en laiton sur support bois<\/h2>\n<p>_x000D_nD\u00e9couvrez l&rsquo;alliance du <strong>laiton<\/strong> et du <strong>bois<\/strong> sur un porte manteau sign\u00e9 1001 Pat\u00e8res. En effet, n\u00b01 de la vente en ligne de pat\u00e8res et porte manteaux, 1001 Pat\u00e8res s\u00e9lectionne pour vous ce <strong>porte manteau ancre marine laiton sur bois \u00e0 3 crochets<\/strong>._x000D_n_x000D_nComme toujours, 1001 Pat\u00e8res choisit le meilleur design partout dans le monde pour vous assurer d&rsquo;une part un <strong>superbe rapport qualit\u00e9 prix,<\/strong> mais aussi un large <strong>choix de styles<\/strong>. Ainsi, vous r\u00e9alisez un investissement s\u00fbr et optimisez l&rsquo;ensemble de votre maison au travers de r\u00e9f\u00e9rences pr\u00e9sentes \u00e0 une m\u00eame adresse._x000D_n_x000D_n&nbsp;_x000D_n<\/p>\n<h2>Porte manteau ancre marine laiton sur bois \u00e0 3 crochets<\/h2>\n<p>_x000D_nIci, concr\u00e8tement, il s&rsquo;agit d&rsquo;un <strong>porte manteau \u00e0 3 crochets<\/strong>.\u00a0C\u00f4t\u00e9 design, celui-ci est en laiton pour les pat\u00e8res en forme d&rsquo;ancre marine. Mais aussi fait de bois pour le support les joignant ensemble. Vous aimerez d&rsquo;ailleurs le <strong>raffinement du bois utilis\u00e9<\/strong>. Celui-ci est <strong>ponc\u00e9 et vernis<\/strong> pour \u00eatre <strong>doux et fonc\u00e9<\/strong> dans le style <strong>nautique<\/strong>._x000D_n_x000D_nInspir\u00e9 de ce que l&rsquo;on peut trouver \u00e0 bord d&rsquo;un bateau, vous plongerez v\u00e9ritablement l&rsquo;espace dans lequel il sera install\u00e9 dans un univers marin. D&rsquo;ailleurs, ses propres <strong>dimensions<\/strong> lui permettent d&rsquo;\u00eatre install\u00e9 sur de nombreux espaces, car le support ne mesure que 19,2cm de large. Pour ses autres dimensions, les voici ci dessous:_x000D_n<\/p>\n<ul>_x000D_n \t<\/p>\n<li>Hauteur maxi : 9,7 cm<\/li>\n<p>_x000D_n \t<\/p>\n<li>Dim du support en bois 19,2 cm X 6,4 cm<\/li>\n<p>_x000D_n \t<\/p>\n<li>Ecartement du mur: 2,4 cm<\/li>\n<p>_x000D_n<\/ul>\n<p>_x000D_nAinsi, pour l&rsquo;installation de ce porte manteau ancre marine, celui-ci ne dispose d&rsquo;aucune visserie incluse mais <strong>ne requiert que deux vis ou clous<\/strong> \u00e0 utiliser avec les deux trous pr\u00e9vus de part et d&rsquo;autre du support. Selon votre choix, munissez \u00e9galement des outils ad\u00e9quats._x000D_n_x000D_nPar ailleurs, cette r\u00e9f\u00e9rence est aussi disponible sans support bois, avec un seul crochet. C&rsquo;est la <a href=\"https:\/\/1001pateres.com\/produit\/patere-ancre-marine-laiton-dore\/\">pat\u00e8re ancre marine laiton dor\u00e9<\/a>._x000D_n_x000D_nContactez nous pour tout compl\u00e9ment d&rsquo;informations via la page Contact de ce site. Il est aussi possible de nous demander un devis en cas de commande en d&rsquo;importante quantit\u00e9.<\/p>\n","protected":false},"excerpt":{"rendered":"<p>1001 Pat\u00e8res vous propose ici un porte manteau <strong>ancre marine en laiton et bois<\/strong> avec <em><strong>3 crochets<\/strong><\/em>. D&rsquo;une excellente qualit\u00e9, vous pourrez l&rsquo;utiliser autant dans une salle de bain qu&rsquo;un bureau. Ses 3 crochets viendront optimiser le rangement de votre espace mais aussi le d\u00e9corer.<\/p>\n","protected":false},"featured_media":2297,"comment_status":"closed","ping_status":"open","template":"","meta":[],"product_cat":[29,20,32,17],"product_tag":[31],"class_list":["post-633","product","type-product","status-publish","has-post-thumbnail","hentry","product_cat-chambre-adulte","product_cat-cuisine","product_cat-entree-sejour","product_cat-salle-de-bain","product_tag-crochet-patere-patere-design-patere-murale-patere-porte-pateres-porte-manteau-porte-serviette-porte-torchon","description-off"],"_links":{"self":[{"href":"https:\/\/roulettes.vaniseo.top\/index.php\/wp-json\/wp\/v2\/product\/633","targetHints":{"allow":["GET"]}}],"collection":[{"href":"https:\/\/roulettes.vaniseo.top\/index.php\/wp-json\/wp\/v2\/product"}],"about":[{"href":"https:\/\/roulettes.vaniseo.top\/index.php\/wp-json\/wp\/v2\/types\/product"}],"replies":[{"embeddable":true,"href":"https:\/\/roulettes.vaniseo.top\/index.php\/wp-json\/wp\/v2\/comments?post=633"}],"version-history":[{"count":0,"href":"https:\/\/roulettes.vaniseo.top\/index.php\/wp-json\/wp\/v2\/product\/633\/revisions"}],"wp:featuredmedia":[{"embeddable":true,"href":"https:\/\/roulettes.vaniseo.top\/index.php\/wp-json\/wp\/v2\/media\/2297"}],"wp:attachment":[{"href":"https:\/\/roulettes.vaniseo.top\/index.php\/wp-json\/wp\/v2\/media?parent=633"}],"wp:term":[{"taxonomy":"product_cat","embeddable":true,"href":"https:\/\/roulettes.vaniseo.top\/index.php\/wp-json\/wp\/v2\/product_cat?post=633"},{"taxonomy":"product_tag","embeddable":true,"href":"https:\/\/roulettes.vaniseo.top\/index.php\/wp-json\/wp\/v2\/product_tag?post=633"}],"curies":[{"name":"wp","href":"https:\/\/api.w.org\/{rel}","templated":true}]}}