{"id":634,"date":"2022-04-04T16:22:19","date_gmt":"2022-04-04T14:22:19","guid":{"rendered":"https:\/\/roulettes.vaniseo.top\/index.php\/produit\/patere-blanche-avec-4-tiges-inclinees-tout-en-bois-nesu\/"},"modified":"2022-04-04T17:22:50","modified_gmt":"2022-04-04T15:22:50","slug":"patere-blanche-avec-4-tiges-inclinees-tout-en-bois-nesu","status":"publish","type":"product","link":"https:\/\/roulettes.vaniseo.top\/index.php\/produit\/patere-blanche-avec-4-tiges-inclinees-tout-en-bois-nesu\/","title":{"rendered":"Pat\u00e8re blanche avec 4 tiges inclin\u00e9es tout en bois NESU"},"content":{"rendered":"<h3>Porte manteau bois blanc avec 4 tiges inclin\u00e9es<\/h3>\n<p>_x000D_nD\u00e9couvrez chez 1001 Pat\u00e8res, tous les d\u00e9tails de la r\u00e9f\u00e9rence de <strong>pat\u00e8re blanche avec ses 4 tiges inclin\u00e9es en bois<\/strong>\u00a0<a href=\"https:\/\/1001pateres.com\/brand\/nesu\/\">NESU<\/a>._x000D_n_x000D_nTout d\u2019abord, de multiples r\u00e9f\u00e9rences de la marque sont en vente sur notre site 1001 Pat\u00e8res. Elles reprennent souvent l\u2019id\u00e9e d\u2019un support rectangulaire avec tige ou crochet double de suspension. Les styles sont vari\u00e9s mais la qualit\u00e9 et le style sont toujours l\u00e0!_x000D_n_x000D_nAinsi, cette pat\u00e8re design pour l\u2019<a href=\"https:\/\/1001pateres.com\/categorie-produit\/entree-sejour\/\"><strong>entr\u00e9e<\/strong><\/a> comporte <strong>4 tiges inclin\u00e9es vers le haut et en bois naturel<\/strong>. Son <strong>support<\/strong>\u00a0est rectangulaire et en <strong>bois blanc<\/strong>. Ainsi, elle peut \u00eatre pos\u00e9e partout dans la maison pour ranger avec \u00e9l\u00e9gance et minimalisme._x000D_n_x000D_nOffrez \u00e0 votre int\u00e9rieur la clart\u00e9 qu\u2019il m\u00e9rite. Proposez des <strong>solutions de rangement \u00e9l\u00e9gantes et faciles d\u2019utilisation<\/strong> \u00e0 toute la famille pour participer au rangement global de vos espaces communs. Dans ce m\u00eame esprit, 1001 Pat\u00e8res a retenu chez Nesu les mod\u00e8les suivants:_x000D_n<\/p>\n<ul>_x000D_n \t<\/p>\n<li>_x000D_n\n<p class=\"product_title\"><a href=\"https:\/\/1001pateres.com\/produit\/patere-cuir-vison-4-accroches-inclines-inox-mat\/\">Cuir imitation vison sur bois et 4 accroches inclin\u00e9es inox mat<\/a><\/p>\n<p>_x000D_n<\/li>\n<p>_x000D_n \t<\/p>\n<li><a href=\"https:\/\/1001pateres.com\/produit\/patere-en-bois-blanc-4-accroches-inclinees-chromees\/\">En bois blanc 4 accroches inclin\u00e9es chrom\u00e9es<\/a><\/li>\n<p>_x000D_n \t<\/p>\n<li>_x000D_n\n<p class=\"product_title\"><a href=\"https:\/\/1001pateres.com\/produit\/porte-manteaux-bois-blanc-6-pateres-tige-chromee\/\">Pat\u00e8re en bois blanc 6 crochets en tige chrom\u00e9e<\/a><\/p>\n<p>_x000D_n<\/li>\n<p>_x000D_n<\/ul>\n<p>_x000D_n&nbsp;_x000D_n<\/p>\n<h3>Installation de la pat\u00e8re\u00a0blanche avec 4 tiges inclin\u00e9es tout en bois NESU<\/h3>\n<p>_x000D_nEnfin, c\u00f4t\u00e9 fixation, son\u00a0syst\u00e8me d\u2019accrochage est<strong> simple et bien fini<\/strong>. Il est au dos et\u00a0<strong>non visible<\/strong>\u00a0une fois pos\u00e9 sur le mur. Sa fixation\u00a0au mur n\u00e9cessite seulement l\u2019usage de 2 vis avec chevilles incluses avec votre achat et l\u2019usage d\u2019une perceuse._x000D_n_x000D_nAu final, vous aimerez donc investir dans un porte manteau bois blanc et bois naturel de belle qualit\u00e9 et facile \u00e0 accrocher._x000D_n_x000D_nInd\u00e9niablement, ce m\u00e9lange de bois permet une touche de <strong>modernit\u00e9<\/strong> dans votre <strong>entr\u00e9e<\/strong>, fa\u00e7on scandinave. Notons que ce style s\u2019adapte aussi tr\u00e8s bien \u00e0 un <strong>bureau professionnel<\/strong>. Libre \u00e0 vous de l\u2019installer l\u00e0 o\u00f9 il ressort le mieux._x000D_n_x000D_nPensez juste \u00e0 v\u00e9rifier la concordance des dimensions de votre pan de mur et de cette r\u00e9f\u00e9rence. Pour cela, voici les dimensions de la pat\u00e8re bois blanc ci dessous:_x000D_n<\/p>\n<ul>_x000D_n \t<\/p>\n<li><\/li>\n<p>_x000D_n \t<\/p>\n<li>Support en bois: 40 cm X 6 cm<\/li>\n<p>_x000D_n \t<\/p>\n<li>Tiges en bois: 4 cm<\/li>\n<p>_x000D_n \t<\/p>\n<li>Ecartement du mur: 5,5 cm<\/li>\n<p>_x000D_n<\/ul>\n","protected":false},"excerpt":{"rendered":"<h3>Porte manteau bois blanc avec 4 tiges inclin\u00e9es<\/h3>\n<p>_x000D_nD\u00e9couvrez chez 1001 Pat\u00e8res, tous les d\u00e9tails de la r\u00e9f\u00e9rence de <strong>pat\u00e8re blanche avec ses 4 tiges inclin\u00e9es en bois<\/strong>\u00a0<a href=\"https:\/\/1001pateres.com\/brand\/nesu\/\">NESU<\/a>.\u00a0Ainsi, cette pat\u00e8re design pour l\u2019<a href=\"https:\/\/1001pateres.com\/categorie-produit\/entree-sejour\/\"><strong>entr\u00e9e<\/strong><\/a> comporte <strong>4 tiges inclin\u00e9es vers le haut et en bois naturel<\/strong>. Son <strong>support<\/strong>\u00a0est rectangulaire et en <strong>bois blanc<\/strong>. Ainsi, elle peut \u00eatre pos\u00e9e partout dans la maison pour ranger avec \u00e9l\u00e9gance et minimalisme.<\/p>\n","protected":false},"featured_media":2299,"comment_status":"closed","ping_status":"open","template":"","meta":[],"product_cat":[29,20,32,40,17],"product_tag":[25],"class_list":["post-634","product","type-product","status-publish","has-post-thumbnail","hentry","product_cat-chambre-adulte","product_cat-cuisine","product_cat-entree-sejour","product_cat-porte-manteau-sur-pied","product_cat-salle-de-bain","product_tag-crochet-patere-patere-design-patere-murale-patere-porte-pateres-porte-manteau-porte-serviette-porte-torchon-vestiaire","description-off"],"_links":{"self":[{"href":"https:\/\/roulettes.vaniseo.top\/index.php\/wp-json\/wp\/v2\/product\/634","targetHints":{"allow":["GET"]}}],"collection":[{"href":"https:\/\/roulettes.vaniseo.top\/index.php\/wp-json\/wp\/v2\/product"}],"about":[{"href":"https:\/\/roulettes.vaniseo.top\/index.php\/wp-json\/wp\/v2\/types\/product"}],"replies":[{"embeddable":true,"href":"https:\/\/roulettes.vaniseo.top\/index.php\/wp-json\/wp\/v2\/comments?post=634"}],"version-history":[{"count":0,"href":"https:\/\/roulettes.vaniseo.top\/index.php\/wp-json\/wp\/v2\/product\/634\/revisions"}],"wp:featuredmedia":[{"embeddable":true,"href":"https:\/\/roulettes.vaniseo.top\/index.php\/wp-json\/wp\/v2\/media\/2299"}],"wp:attachment":[{"href":"https:\/\/roulettes.vaniseo.top\/index.php\/wp-json\/wp\/v2\/media?parent=634"}],"wp:term":[{"taxonomy":"product_cat","embeddable":true,"href":"https:\/\/roulettes.vaniseo.top\/index.php\/wp-json\/wp\/v2\/product_cat?post=634"},{"taxonomy":"product_tag","embeddable":true,"href":"https:\/\/roulettes.vaniseo.top\/index.php\/wp-json\/wp\/v2\/product_tag?post=634"}],"curies":[{"name":"wp","href":"https:\/\/api.w.org\/{rel}","templated":true}]}}