{"id":635,"date":"2022-04-04T16:22:19","date_gmt":"2022-04-04T14:22:19","guid":{"rendered":"https:\/\/roulettes.vaniseo.top\/index.php\/produit\/patere-vintage-crochet-porcelaine-skate-nesu\/"},"modified":"2022-04-04T17:22:50","modified_gmt":"2022-04-04T15:22:50","slug":"patere-vintage-crochet-porcelaine-skate-nesu","status":"publish","type":"product","link":"https:\/\/roulettes.vaniseo.top\/index.php\/produit\/patere-vintage-crochet-porcelaine-skate-nesu\/","title":{"rendered":"Pat\u00e8re vintage crochet porcelaine skate NESU"},"content":{"rendered":"<h3>Plaque m\u00e9tallique skate et son crochet \u00e0 embout porcelaine<\/h3>\n<p>_x000D_nApr\u00e8s les vagues de <a href=\"https:\/\/1001pateres.com\/produit\/patere-vintage-crochet-porcelaine-surf-nesu\/\">surf<\/a> et la planche de Surf, <a href=\"https:\/\/1001pateres.com\/brand\/nesu\/\"><strong>NESU<\/strong><\/a>\u00a0vous emm\u00e8ne dans un autre aspect de l&rsquo;ambiance californienne avec cette <strong>pat\u00e8re vintage \u00e0 un crochet avec embout porcelaine<\/strong> sur le th\u00e8me du skate._x000D_n_x000D_nEn effet, 1001 Pat\u00e8res est le n\u00b01 de la vente en ligne des porte manteaux et pat\u00e8res en France. Elle vous offre sur son site, de nombreuses marques internationales proposant des r\u00e9f\u00e9rences au bon rapport qualit\u00e9\/prix\/style. C&rsquo;est le cas ici avec <strong>NESU<\/strong>._x000D_n_x000D_nAinsi, l&rsquo;id\u00e9e avec cette collection de plaque m\u00e9tallique \u00e0 crochet est d&rsquo;\u00e0 la fois\u00a0<strong>ranger<\/strong> et de\u00a0<strong>d\u00e9corer<\/strong>. Pour se faire, c\u00f4t\u00e9 d\u00e9co, la pat\u00e8re dispose d\u2019un <strong>cadre en acier peint<\/strong>. Pour ranger, elle est munie\u00a0d\u2019un <strong>crochet noir<\/strong> avec\u00a0<strong>embout en porcelaine beige<\/strong>. De ce fait, m\u00eame si une veste est suspendue, il est toujours possible de percevoir l\u2019image peinte. A noter qu\u2019il est possible d&rsquo;y suspendre jusqu\u2019\u00e0 <strong>5 kg de charge<\/strong>._x000D_n_x000D_nCi-contre, l\u2019image en question est dans les <strong>vert, bleu et blanc vieillis<\/strong>. Cette ambiance vintage est typiquement celle du skateur californien. Ind\u00e9niablement vous aimerez ce d\u00e9cor vintage originale de belle qualit\u00e9._x000D_n_x000D_n&nbsp;_x000D_n<\/p>\n<h3>Plaques m\u00e9talliques d\u00e9coratives vari\u00e9es chez 1001 Pat\u00e8res<\/h3>\n<p>_x000D_nN\u2019h\u00e9sitez pas \u00e0 varier les plaisirs en d\u00e9multipliant les crochets gr\u00e2ce \u00e0 de nombreuses plaques m\u00e9talliques \u00e0 crochet disponibles sur ce site 1001 Pat\u00e8res._x000D_n_x000D_nPar ailleurs, cette r\u00e9f\u00e9rence est \u00e0 retrouver dans une <a href=\"https:\/\/1001pateres.com\/produit\/patere-vintage-skateboard\/\">version \u00e0 4 crochets<\/a>\u00a0et 4 images associ\u00e9es._x000D_n_x000D_nSinon, des formats\u00a0<strong>rectangulaire paysage<\/strong>\u00a0et\u00a0<strong>portrait<\/strong> propose des th\u00e8mes cartes postales, floraux, caf\u00e9._x000D_n_x000D_n&nbsp;_x000D_n<\/p>\n<h3>Pat\u00e8re vintage crochet porcelaine skate NESU<\/h3>\n<p>_x000D_nPour finir, vous pourrez facilement installer cette pat\u00e8re vintage \u00e0 crochet en porcelaine avec<strong> un crochet ou une<\/strong> <strong>vis<\/strong>, comme vous pr\u00e9f\u00e9rez. Cependant, tenez compte en amont, de ses <strong>dimensions<\/strong>, surtout si vous la d\u00e9multipliez. A savoir:_x000D_n<\/p>\n<ul>_x000D_n \t<\/p>\n<li>Support: 10 cm x 10 cm<\/li>\n<p>_x000D_n \t<\/p>\n<li>Ecartement du mur: 7 cm<\/li>\n<p>_x000D_n<\/ul>\n<p>_x000D_nN\u2019h\u00e9sitez pas \u00e0 nous contacter pour plus d\u2019informations via le formulaire disponible en page Contact.<\/p>\n","protected":false},"excerpt":{"rendered":"<p>Choisissez cette <strong>pat\u00e8re vintage<\/strong> \u00e0 crochet porcelaine <em><strong>skate<\/strong><\/em> en acier peint de chez NESU pour offrir un <em>style californien<\/em> \u00e0 votre d\u00e9coration._x000D_n_x000D_nPar ailleurs, cette pat\u00e8re d\u00e9core et range sans marquer les \u00e9l\u00e9ments qui y sont suspendus gr\u00e2ce \u00e0 l\u2019embout porcelaine. Simple d\u2019accrochage, passe partout, et robuste, elle supporte jusqu\u2019\u00e0 5 kg de charge.<\/p>\n","protected":false},"featured_media":2300,"comment_status":"closed","ping_status":"open","template":"","meta":[],"product_cat":[29,16,20,32,30],"product_tag":[27],"class_list":["post-635","product","type-product","status-publish","has-post-thumbnail","hentry","product_cat-chambre-adulte","product_cat-chambre-enfant","product_cat-cuisine","product_cat-entree-sejour","product_cat-garage-cellier","product_tag-crochet-patere-patere-design-patere-murale-patere-porte-pateres-porte-serviette-porte-torchon-vestiaire","description-off"],"_links":{"self":[{"href":"https:\/\/roulettes.vaniseo.top\/index.php\/wp-json\/wp\/v2\/product\/635","targetHints":{"allow":["GET"]}}],"collection":[{"href":"https:\/\/roulettes.vaniseo.top\/index.php\/wp-json\/wp\/v2\/product"}],"about":[{"href":"https:\/\/roulettes.vaniseo.top\/index.php\/wp-json\/wp\/v2\/types\/product"}],"replies":[{"embeddable":true,"href":"https:\/\/roulettes.vaniseo.top\/index.php\/wp-json\/wp\/v2\/comments?post=635"}],"version-history":[{"count":0,"href":"https:\/\/roulettes.vaniseo.top\/index.php\/wp-json\/wp\/v2\/product\/635\/revisions"}],"wp:featuredmedia":[{"embeddable":true,"href":"https:\/\/roulettes.vaniseo.top\/index.php\/wp-json\/wp\/v2\/media\/2300"}],"wp:attachment":[{"href":"https:\/\/roulettes.vaniseo.top\/index.php\/wp-json\/wp\/v2\/media?parent=635"}],"wp:term":[{"taxonomy":"product_cat","embeddable":true,"href":"https:\/\/roulettes.vaniseo.top\/index.php\/wp-json\/wp\/v2\/product_cat?post=635"},{"taxonomy":"product_tag","embeddable":true,"href":"https:\/\/roulettes.vaniseo.top\/index.php\/wp-json\/wp\/v2\/product_tag?post=635"}],"curies":[{"name":"wp","href":"https:\/\/api.w.org\/{rel}","templated":true}]}}