{"id":636,"date":"2022-04-04T16:22:23","date_gmt":"2022-04-04T14:22:23","guid":{"rendered":"https:\/\/roulettes.vaniseo.top\/index.php\/produit\/patere-vintage-crochet-porcelaine-planche-de-surf-nesu\/"},"modified":"2022-04-04T17:22:52","modified_gmt":"2022-04-04T15:22:52","slug":"patere-vintage-crochet-porcelaine-planche-de-surf-nesu","status":"publish","type":"product","link":"https:\/\/roulettes.vaniseo.top\/index.php\/produit\/patere-vintage-crochet-porcelaine-planche-de-surf-nesu\/","title":{"rendered":"Pat\u00e8re vintage crochet porcelaine planche de surf NESU"},"content":{"rendered":"<h3>Plaque m\u00e9tallique planche de surf et son crochet \u00e0 embout porcelaine<\/h3>\n<p>_x000D_nApr\u00e8s <a href=\"https:\/\/1001pateres.com\/produit\/patere-vintage-crochet-porcelaine-paris-nesu\/\">Paris<\/a> et la <a href=\"https:\/\/1001pateres.com\/produit\/patere-vintage-crochet-porcelaine-tour-eiffel-nesu\/\">Tour Eiffel<\/a>, <a href=\"https:\/\/1001pateres.com\/brand\/nesu\/\"><strong>NESU<\/strong><\/a>\u00a0vous emm\u00e8ne en Californie avec cette <strong>pat\u00e8re vintage \u00e0 un crochet avec embout porcelaine<\/strong> sur le th\u00e8me de la planche de surf._x000D_n_x000D_nEn effet, 1001 Pat\u00e8res est le n\u00b01 de la vente en ligne de pat\u00e8res et porte manteaux en France. Elle s\u00e9lectionne pour vous, et pour son site, de nombreuses marques internationales proposant des r\u00e9f\u00e9rences au bon rapport qualit\u00e9\/prix\/style. C&rsquo;est le cas ici avec <strong>NESU<\/strong>._x000D_n_x000D_nAinsi, en optant pour des r\u00e9f\u00e9rences de cette collection, vous pourrez \u00e0 la fois\u00a0<strong>ranger<\/strong> et <strong>d\u00e9corer<\/strong>. En effet, c\u00f4t\u00e9 d\u00e9co, cette pat\u00e8re dispose d\u2019un <strong>cadre en acier peint<\/strong>. Pour ranger, elle est munie\u00a0d\u2019un <strong>crochet noir<\/strong> avec\u00a0<strong>embout en porcelaine beige<\/strong>. De ce fait, m\u00eame si une veste est suspendue, il est toujours possible de percevoir l\u2019image peinte. A noter qu\u2019il est possible d&rsquo;y suspendre jusqu\u2019\u00e0 <strong>5 kg de charge<\/strong>._x000D_n_x000D_nCi-contre, l\u2019image en question est dans les <strong>rouge, bleu et blanc vieillis<\/strong>. Cette ambiance vintage est typiquement celle du style surfeur. On retiendra donc que ce d\u00e9cor vintage est original tout en confirmant une belle qualit\u00e9._x000D_n_x000D_n&nbsp;_x000D_n<\/p>\n<h3>Plaques m\u00e9talliques d\u00e9coratives vari\u00e9es chez 1001 Pat\u00e8res<\/h3>\n<p>_x000D_nN\u2019h\u00e9sitez pas \u00e0 varier les plaisirs en d\u00e9multipliant les crochets gr\u00e2ce \u00e0 de nombreuses plaques m\u00e9talliques \u00e0 crochet disponibles sur ce site 1001 Pat\u00e8res. Vous approfondirez le style tout en variant les images._x000D_n_x000D_nPar ailleurs, cette r\u00e9f\u00e9rence est \u00e0 retrouver dans une <a href=\"https:\/\/1001pateres.com\/produit\/patere-vintage-surf-california\/\">version \u00e0 4 crochets<\/a> et 4 images associ\u00e9es._x000D_n_x000D_nEt, dans ce m\u00eame esprit vintage en acier peint, retrouvez aussi les mod\u00e8les skate et paysage de <a href=\"https:\/\/1001pateres.com\/produit\/patere-vintage-crochet-porcelaine-surf-nesu\/\">surf<\/a>.\u00a0Sinon, des formats\u00a0<strong>rectangulaire paysage<\/strong>\u00a0et\u00a0<strong>portrait<\/strong> propose des th\u00e8mes cartes postales, floraux, caf\u00e9._x000D_n_x000D_n&nbsp;_x000D_n<\/p>\n<h3>Pat\u00e8re vintage crochet porcelaine planche de surf NESU<\/h3>\n<p>_x000D_nPour finir, vous pourrez facilement installer cette pat\u00e8re vintage \u00e0 crochet en porcelaine avec<strong> un crochet ou une<\/strong> <strong>vis<\/strong>, comme vous pr\u00e9f\u00e9rez. Cependant, tenez compte en amont, de ses <strong>dimensions<\/strong>, surtout si vous la d\u00e9multipliez. A savoir:_x000D_n<\/p>\n<ul>_x000D_n \t<\/p>\n<li>Support: 10 cm x 10 cm<\/li>\n<p>_x000D_n \t<\/p>\n<li>Ecartement du mur: 7 cm<\/li>\n<p>_x000D_n<\/ul>\n<p>_x000D_nN\u2019h\u00e9sitez pas \u00e0 nous contacter pour plus d\u2019informations via le formulaire disponible en page Contact.<\/p>\n","protected":false},"excerpt":{"rendered":"<div class=\"woocommerce-product-details__short-description\">_x000D_n<\/p>\n<div class=\"product-description\">_x000D_n_x000D_nChoisissez cette pat\u00e8re vintage \u00e0 crochet porcelaine planche de surf en acier peint de chez NESU pour offrir un style californien \u00e0 votre d\u00e9coration._x000D_n_x000D_nPar ailleurs, cette pat\u00e8re d\u00e9core et range sans marquer les \u00e9l\u00e9ments qui y sont suspendus gr\u00e2ce \u00e0 l\u2019embout porcelaine. Simple d\u2019accrochage, passe partout, et robuste, elle supporte jusqu\u2019\u00e0 5 kg de charge._x000D_n_x000D_n<\/div>\n<p>_x000D_n<\/p><\/div>\n","protected":false},"featured_media":2301,"comment_status":"closed","ping_status":"open","template":"","meta":[],"product_cat":[29,16,20,32,30],"product_tag":[27],"class_list":["post-636","product","type-product","status-publish","has-post-thumbnail","hentry","product_cat-chambre-adulte","product_cat-chambre-enfant","product_cat-cuisine","product_cat-entree-sejour","product_cat-garage-cellier","product_tag-crochet-patere-patere-design-patere-murale-patere-porte-pateres-porte-serviette-porte-torchon-vestiaire","description-off"],"_links":{"self":[{"href":"https:\/\/roulettes.vaniseo.top\/index.php\/wp-json\/wp\/v2\/product\/636","targetHints":{"allow":["GET"]}}],"collection":[{"href":"https:\/\/roulettes.vaniseo.top\/index.php\/wp-json\/wp\/v2\/product"}],"about":[{"href":"https:\/\/roulettes.vaniseo.top\/index.php\/wp-json\/wp\/v2\/types\/product"}],"replies":[{"embeddable":true,"href":"https:\/\/roulettes.vaniseo.top\/index.php\/wp-json\/wp\/v2\/comments?post=636"}],"version-history":[{"count":0,"href":"https:\/\/roulettes.vaniseo.top\/index.php\/wp-json\/wp\/v2\/product\/636\/revisions"}],"wp:featuredmedia":[{"embeddable":true,"href":"https:\/\/roulettes.vaniseo.top\/index.php\/wp-json\/wp\/v2\/media\/2301"}],"wp:attachment":[{"href":"https:\/\/roulettes.vaniseo.top\/index.php\/wp-json\/wp\/v2\/media?parent=636"}],"wp:term":[{"taxonomy":"product_cat","embeddable":true,"href":"https:\/\/roulettes.vaniseo.top\/index.php\/wp-json\/wp\/v2\/product_cat?post=636"},{"taxonomy":"product_tag","embeddable":true,"href":"https:\/\/roulettes.vaniseo.top\/index.php\/wp-json\/wp\/v2\/product_tag?post=636"}],"curies":[{"name":"wp","href":"https:\/\/api.w.org\/{rel}","templated":true}]}}