{"id":638,"date":"2022-04-04T16:22:23","date_gmt":"2022-04-04T14:22:23","guid":{"rendered":"https:\/\/roulettes.vaniseo.top\/index.php\/produit\/patere-vintage-crochet-porcelaine-paris-nesu\/"},"modified":"2022-04-04T17:22:52","modified_gmt":"2022-04-04T15:22:52","slug":"patere-vintage-crochet-porcelaine-paris-nesu","status":"publish","type":"product","link":"https:\/\/roulettes.vaniseo.top\/index.php\/produit\/patere-vintage-crochet-porcelaine-paris-nesu\/","title":{"rendered":"Pat\u00e8re vintage crochet porcelaine PARIS NESU"},"content":{"rendered":"<h3>Plaque m\u00e9tallique Paris et son crochet \u00e0 embout porcelaine<\/h3>\n<p>_x000D_nTout comme la pat\u00e8re <a href=\"https:\/\/1001pateres.com\/produit\/patere-vintage-crochet-porcelaine-tour-eiffel-nesu\/\">Tour Eiffel<\/a>, 1001 Pat\u00e8res vous propose ici une\u00a0<strong>pat\u00e8re vintage \u00e0 crochet porcelaine<\/strong> sur le th\u00e8me de <strong>Paris<\/strong>, sign\u00e9e par la marque <a href=\"https:\/\/1001pateres.com\/brand\/nesu\/\"><strong>NESU<\/strong><\/a>._x000D_n_x000D_n1001 Pat\u00e8res, n\u00b01 de la vente en ligne de pat\u00e8res et porte manteaux en France, s\u00e9lectionne pour vous des r\u00e9f\u00e9rences vari\u00e9es partout dans le monde pour r\u00e9pondre \u00e0 tous vos besoins et envies d\u00e9coratives. C&rsquo;est le cas ici avec ce\u00a0d\u00e9cor \u00e0 l\u2019ancienne original et de belle qualit\u00e9 de chez\u00a0<strong>NESU<\/strong>._x000D_n_x000D_nOffrez \u00e0 votre int\u00e9rieur une touche de <strong>douceur<\/strong> et de <strong>romantisme<\/strong> gr\u00e2ce \u00e0 cette <strong>plaque murale \u00e9l\u00e9gante en\u00a0acier peint<\/strong>. Fleurs roses, calligraphies grises sur fond jaune constituent l\u2019essentiel de sa <strong>d\u00e9coration vintage<\/strong>. L&rsquo;id\u00e9e ici est de reprendre le num\u00e9ro de rue pour les devanture de commerce \u00e0 l&rsquo;ancienne._x000D_n_x000D_nTout comme nos clients vous aimerez ce type de plaque m\u00e9tallique vintage car elles offrent l&rsquo;opportunit\u00e9 non seulement de <strong>ranger<\/strong> gr\u00e2ce au crochet avec embout porcelaine, mais aussi de <strong>d\u00e9corer<\/strong> gr\u00e2ce \u00e0 cette fameuse image en acier peint.\u00a0Par ailleurs, le <strong>crochet<\/strong> est <strong>noir<\/strong> et son <strong>embout<\/strong> <strong>porcelaine<\/strong> est lui, <strong>beige<\/strong>. L\u2019ensemble est robuste et peut supporter jusqu\u2019\u00e0 plus de <strong>5 kg de charge<\/strong>._x000D_n_x000D_n&nbsp;_x000D_n<\/p>\n<h3>Plaques m\u00e9talliques d\u00e9coratives vari\u00e9es chez 1001 Pat\u00e8res<\/h3>\n<p>_x000D_nN\u2019h\u00e9sitez pas \u00e0 varier les plaisirs en d\u00e9multipliant les crochets gr\u00e2ce \u00e0 de nombreuses plaques m\u00e9talliques \u00e0 crochet disponibles sur ce site 1001 Pat\u00e8res. Vous approfondirez le style tout en variant les images._x000D_n_x000D_nAinsi, dans cet esprit, retrouvez le format <strong>rectangulaire paysage<\/strong> proposant les th\u00e8mes <a href=\"https:\/\/1001pateres.com\/produit\/porte-manteau-patere-double-home\/\">Home<\/a> et <a href=\"https:\/\/1001pateres.com\/produit\/porte-manteau-patere-double-love\/\">Love<\/a>. Et, un format <strong>rectangulaire portrait<\/strong> propose les th\u00e9matiques <a href=\"https:\/\/1001pateres.com\/produit\/porte-manteau-patere-flower-12\/\">cartes postales<\/a>, <a href=\"https:\/\/1001pateres.com\/produit\/porte-manteau-patere-flower-11\/\">florales<\/a>, caf\u00e9._x000D_n_x000D_n&nbsp;_x000D_n<\/p>\n<h3>Pat\u00e8re vintage crochet porcelaine Paris NESU<\/h3>\n<p>_x000D_nEnfin, cette pat\u00e8re vintage \u00e0 crochet porcelaine est carr\u00e9.\u00a0Ses dimensions sont de:_x000D_n<\/p>\n<ul>_x000D_n \t<\/p>\n<li>Le support 10 cm: X 10 cm<\/li>\n<p>_x000D_n \t<\/p>\n<li>Ecartement du mur: 7 cm<\/li>\n<p>_x000D_n<\/ul>\n<p>_x000D_nCette derni\u00e8re tient au mur <strong>avec un crochet ou une vis<\/strong>. Pensez juste \u00e0 tenir compte de ses <strong>dimensions<\/strong>, surtout dans la mesure o\u00f9 vous la d\u00e9multiplier sur un m\u00eame pan de mur.<\/p>\n","protected":false},"excerpt":{"rendered":"<p>Choisissez cette pat\u00e8re vintage carr\u00e9 Paris \u00e0 crochet porcelaine en acier peint pour offrir une touche de romantisme \u00e0 votre d\u00e9coration. En effet, cette pat\u00e8re NESU d\u00e9core et range sans marquer les v\u00eatements. Simple d\u2019accrochage, passe partout, et robuste, elle supporte jusqu\u2019\u00e0 5 kg de charge.<\/p>\n","protected":false},"featured_media":2303,"comment_status":"closed","ping_status":"open","template":"","meta":[],"product_cat":[29,20,32,17],"product_tag":[27],"class_list":["post-638","product","type-product","status-publish","has-post-thumbnail","hentry","product_cat-chambre-adulte","product_cat-cuisine","product_cat-entree-sejour","product_cat-salle-de-bain","product_tag-crochet-patere-patere-design-patere-murale-patere-porte-pateres-porte-serviette-porte-torchon-vestiaire","description-off"],"_links":{"self":[{"href":"https:\/\/roulettes.vaniseo.top\/index.php\/wp-json\/wp\/v2\/product\/638","targetHints":{"allow":["GET"]}}],"collection":[{"href":"https:\/\/roulettes.vaniseo.top\/index.php\/wp-json\/wp\/v2\/product"}],"about":[{"href":"https:\/\/roulettes.vaniseo.top\/index.php\/wp-json\/wp\/v2\/types\/product"}],"replies":[{"embeddable":true,"href":"https:\/\/roulettes.vaniseo.top\/index.php\/wp-json\/wp\/v2\/comments?post=638"}],"version-history":[{"count":0,"href":"https:\/\/roulettes.vaniseo.top\/index.php\/wp-json\/wp\/v2\/product\/638\/revisions"}],"wp:featuredmedia":[{"embeddable":true,"href":"https:\/\/roulettes.vaniseo.top\/index.php\/wp-json\/wp\/v2\/media\/2303"}],"wp:attachment":[{"href":"https:\/\/roulettes.vaniseo.top\/index.php\/wp-json\/wp\/v2\/media?parent=638"}],"wp:term":[{"taxonomy":"product_cat","embeddable":true,"href":"https:\/\/roulettes.vaniseo.top\/index.php\/wp-json\/wp\/v2\/product_cat?post=638"},{"taxonomy":"product_tag","embeddable":true,"href":"https:\/\/roulettes.vaniseo.top\/index.php\/wp-json\/wp\/v2\/product_tag?post=638"}],"curies":[{"name":"wp","href":"https:\/\/api.w.org\/{rel}","templated":true}]}}