{"id":639,"date":"2022-04-04T16:22:23","date_gmt":"2022-04-04T14:22:23","guid":{"rendered":"https:\/\/roulettes.vaniseo.top\/index.php\/produit\/patere-vintage-crochet-porcelaine-tour-eiffel-de-nesu\/"},"modified":"2022-04-04T17:22:52","modified_gmt":"2022-04-04T15:22:52","slug":"patere-vintage-crochet-porcelaine-tour-eiffel-de-nesu","status":"publish","type":"product","link":"https:\/\/roulettes.vaniseo.top\/index.php\/produit\/patere-vintage-crochet-porcelaine-tour-eiffel-de-nesu\/","title":{"rendered":"Pat\u00e8re vintage crochet porcelaine Tour Eiffel de NESU"},"content":{"rendered":"<h3>Plaque m\u00e9tallique Tour Eiffel et son crochet \u00e0 embout porcelaine<\/h3>\n<p>_x000D_n1001 Pat\u00e8res vous propose cette <strong>pat\u00e8re vintage \u00e0 crochet porcelaine<\/strong> sur le th\u00e8me de <strong>Paris<\/strong> et sa <strong>Tour Eiffel<\/strong>. L&rsquo;ensemble est sign\u00e9e par la marque <a href=\"https:\/\/1001pateres.com\/brand\/nesu\/\"><strong>NESU<\/strong><\/a>._x000D_n_x000D_nEn effet, 1001 Pat\u00e8res est le n\u00b01 de la vente en ligne de pat\u00e8res et porte manteaux en France. Pour ce faire, il propose de nombreuses marques internationales comme <strong>NESU<\/strong>._x000D_n_x000D_nOffrez \u00e0 votre int\u00e9rieur une touche de <strong>douceur<\/strong> et de <strong>romantisme<\/strong> gr\u00e2ce \u00e0 cette <strong>plaque murale \u00e9l\u00e9gante en\u00a0acier peint<\/strong>. Fleurs roses, calligraphies grises sur fond jaune et la Tour Eiffel au centre constituent l&rsquo;essentiel de sa <strong>d\u00e9coration vintage<\/strong>._x000D_n_x000D_nNos clients aiment ce type de plaque m\u00e9tallique vintage car elles permettent non seulement de <strong>ranger<\/strong> gr\u00e2ce au crochet avec embout porcelaine, mais aussi de <strong>d\u00e9corer<\/strong> gr\u00e2ce \u00e0 cette fameuse image.\u00a0Par ailleurs, le <strong>crochet<\/strong> est <strong>noir<\/strong> et son <strong>embout<\/strong> <strong>porcelaine<\/strong> est lui, <strong>beige<\/strong>. L&rsquo;ensemble est robuste et peut supporter jusqu&rsquo;\u00e0 plus de <strong>5 kg de charge<\/strong>._x000D_n_x000D_nOn retiendra donc que le d\u00e9cor \u00e0 l\u2019ancienne\u00a0est original et de belle qualit\u00e9._x000D_n_x000D_n&nbsp;_x000D_n<\/p>\n<h3>Plaques m\u00e9talliques d\u00e9coratives vari\u00e9es chez 1001 Pat\u00e8res<\/h3>\n<p>_x000D_nN&rsquo;h\u00e9sitez pas \u00e0 varier les plaisirs en d\u00e9multipliant les crochets gr\u00e2ce \u00e0 de nombreuses plaques m\u00e9talliques \u00e0 crochet disponibles sur ce site 1001 Pat\u00e8res. Vous approfondirez le style tout en variant les images._x000D_n_x000D_nAinsi, dans cet esprit, retrouvez le mod\u00e8le en acier peint\u00a0<strong>Paris<\/strong>, aussi en format <strong>carr\u00e9<\/strong>. Sinon, un format <strong>rectangulaire paysage<\/strong> propose les th\u00e9matiques <a href=\"https:\/\/1001pateres.com\/produit\/porte-manteau-patere-double-home\/\">Home<\/a> et <a href=\"https:\/\/1001pateres.com\/produit\/porte-manteau-patere-double-love\/\">Love<\/a>. Et, un format <strong>rectangulaire portrait<\/strong> propose les th\u00e9matiques <a href=\"https:\/\/1001pateres.com\/produit\/porte-manteau-patere-flower-12\/\">cartes postales<\/a>, <a href=\"https:\/\/1001pateres.com\/produit\/porte-manteau-patere-flower-11\/\">florales<\/a>, caf\u00e9._x000D_n_x000D_n&nbsp;_x000D_n<\/p>\n<h3>Pat\u00e8re vintage crochet porcelaine Tour Eiffel NESU<\/h3>\n<p>_x000D_nEnfin, cette pat\u00e8re vintage \u00e0 crochet porcelaine\u00a0tient au mur <strong>avec un crochet ou une vis de votre choix<\/strong>. Pensez \u00e0 tenir compte de ses <strong>dimensions<\/strong>, surtout dans la mesure o\u00f9 vous la d\u00e9multiplier. Ses dimensions sont donc:_x000D_n<\/p>\n<ul>_x000D_n \t<\/p>\n<li>Le support 10 cm: X 10 cm<\/li>\n<p>_x000D_n \t<\/p>\n<li>Ecartement du mur: 7 cm<\/li>\n<p>_x000D_n<\/ul>\n<p>_x000D_nN&rsquo;h\u00e9sitez pas \u00e0 nous contacter pour plus d&rsquo;informations via le formulaire disponible en page Contact.<\/p>\n","protected":false},"excerpt":{"rendered":"<p>Choisissez cette pat\u00e8re vintage \u00e0 crochet porcelaine en acier peint pour offrir une touche de romantisme \u00e0 votre d\u00e9coration. En effet, cette pat\u00e8re NESU d\u00e9core tout en offrant une solution de rangement qui ne marque pas les v\u00eatements. Simple d&rsquo;accrochage, passe partout, et robuste, elle supporte jusqu&rsquo;\u00e0 5 kg de charge.<\/p>\n","protected":false},"featured_media":2304,"comment_status":"closed","ping_status":"open","template":"","meta":[],"product_cat":[29,20,32,17],"product_tag":[27],"class_list":["post-639","product","type-product","status-publish","has-post-thumbnail","hentry","product_cat-chambre-adulte","product_cat-cuisine","product_cat-entree-sejour","product_cat-salle-de-bain","product_tag-crochet-patere-patere-design-patere-murale-patere-porte-pateres-porte-serviette-porte-torchon-vestiaire","description-off"],"_links":{"self":[{"href":"https:\/\/roulettes.vaniseo.top\/index.php\/wp-json\/wp\/v2\/product\/639","targetHints":{"allow":["GET"]}}],"collection":[{"href":"https:\/\/roulettes.vaniseo.top\/index.php\/wp-json\/wp\/v2\/product"}],"about":[{"href":"https:\/\/roulettes.vaniseo.top\/index.php\/wp-json\/wp\/v2\/types\/product"}],"replies":[{"embeddable":true,"href":"https:\/\/roulettes.vaniseo.top\/index.php\/wp-json\/wp\/v2\/comments?post=639"}],"version-history":[{"count":0,"href":"https:\/\/roulettes.vaniseo.top\/index.php\/wp-json\/wp\/v2\/product\/639\/revisions"}],"wp:featuredmedia":[{"embeddable":true,"href":"https:\/\/roulettes.vaniseo.top\/index.php\/wp-json\/wp\/v2\/media\/2304"}],"wp:attachment":[{"href":"https:\/\/roulettes.vaniseo.top\/index.php\/wp-json\/wp\/v2\/media?parent=639"}],"wp:term":[{"taxonomy":"product_cat","embeddable":true,"href":"https:\/\/roulettes.vaniseo.top\/index.php\/wp-json\/wp\/v2\/product_cat?post=639"},{"taxonomy":"product_tag","embeddable":true,"href":"https:\/\/roulettes.vaniseo.top\/index.php\/wp-json\/wp\/v2\/product_tag?post=639"}],"curies":[{"name":"wp","href":"https:\/\/api.w.org\/{rel}","templated":true}]}}