{"id":640,"date":"2022-04-04T16:22:23","date_gmt":"2022-04-04T14:22:23","guid":{"rendered":"https:\/\/roulettes.vaniseo.top\/index.php\/produit\/patere-en-bois-naturel-4-accroches-inclinees-chromees\/"},"modified":"2022-04-04T17:22:52","modified_gmt":"2022-04-04T15:22:52","slug":"patere-en-bois-naturel-4-accroches-inclinees-chromees","status":"publish","type":"product","link":"https:\/\/roulettes.vaniseo.top\/index.php\/produit\/patere-en-bois-naturel-4-accroches-inclinees-chromees\/","title":{"rendered":"Pat\u00e8re en bois naturel 4 accroches inclin\u00e9es chrom\u00e9es"},"content":{"rendered":"<h3>Porte manteau bois naturel avec 4 tiges chrom\u00e9es inclin\u00e9es<\/h3>\n<p>_x000D_nD\u00e9couvrez chez 1001 Pat\u00e8res, tous les d\u00e9tails de la r\u00e9f\u00e9rence de <strong>pat\u00e8re\u00a0en bois naturel 4 accroches inclin\u00e9es chrom\u00e9es<\/strong>\u00a0<a href=\"https:\/\/1001pateres.com\/brand\/nesu\/\">NESU<\/a>._x000D_n_x000D_nTout d\u2019abord, de nombreuses r\u00e9f\u00e9rences NESU sont en vente chez 1001 Pat\u00e8res. Il s&rsquo;agit souvent d&rsquo;un support rectangulaire avec tige ou crochet double de suspension. Les styles sont vari\u00e9s mais la qualit\u00e9 est toujours l\u00e0!_x000D_n_x000D_nAinsi, ce porte manteau\u00a0comporte <strong>4 tiges chrom\u00e9es inclin\u00e9es vers le haut<\/strong>. Le\u00a0<strong>support<\/strong>\u00a0lui est rectangulaire et en <strong>bois naturel<\/strong>. Ainsi, elle peut \u00eatre fix\u00e9e partout dans la maison pour ranger avec \u00e9l\u00e9gance et modernit\u00e9. Cette\u00a0<strong>solution de rangement \u00e9l\u00e9gante et facile d\u2019utilisation<\/strong>\u00a0permet de retrouver clart\u00e9 et confort pour toute la famille. Dans ce m\u00eame esprit, 1001 Pat\u00e8res a retenu chez Nesu les mod\u00e8les suivants:_x000D_n<\/p>\n<ul>_x000D_n \t<\/p>\n<li>_x000D_n\n<p class=\"product_title\"><a href=\"https:\/\/1001pateres.com\/produit\/patere-cuir-vison-4-accroches-inclines-inox-mat\/\">Cuir imitation vison sur bois et 4 accroches inclin\u00e9es inox mat<\/a><\/p>\n<p>_x000D_n<\/li>\n<p>_x000D_n \t<\/p>\n<li><a href=\"https:\/\/1001pateres.com\/produit\/patere-en-bois-blanc-4-accroches-inclinees-chromees\/\">En bois blanc 4 accroches inclin\u00e9es chrom\u00e9es<\/a><\/li>\n<p>_x000D_n \t<\/p>\n<li>_x000D_n\n<p class=\"product_title\"><a href=\"https:\/\/1001pateres.com\/produit\/porte-manteaux-bois-blanc-6-pateres-tige-chromee\/\">Pat\u00e8re en bois blanc 6 crochets en tige chrom\u00e9e<\/a><\/p>\n<p>_x000D_n<\/li>\n<p>_x000D_n \t<\/p>\n<li><a href=\"https:\/\/1001pateres.com\/produit\/patere-blanche-4-tiges-inclinees-bois-nesu\/\">Pat\u00e8re blanche avec 4 tiges inclin\u00e9es tout en bois NESU<\/a><\/li>\n<p>_x000D_n<\/ul>\n<p>_x000D_n&nbsp;_x000D_n<\/p>\n<h3>Installation de la pat\u00e8re\u00a0bois naturel avec ses 4 tiges chrom\u00e9es inclin\u00e9es<\/h3>\n<p>_x000D_nEnfin, c\u00f4t\u00e9 fixation, le syst\u00e8me d\u2019accrochage est<strong> simple et rapide d&rsquo;\u00e9xecution<\/strong>. Situ\u00e9 au dos du support, il est\u00a0<strong>non visible<\/strong>\u00a0une fois pos\u00e9 sur le mur. Sa fixation\u00a0au mur se fait avec 2 vis avec chevilles incluses et l\u2019usage d\u2019une perceuse._x000D_n_x000D_nLibre \u00e0 vous de l\u2019installer l\u00e0 o\u00f9 il ressort le mieux : bureau professionnel, entr\u00e9e de maison, cuisine, chambre etc.\u00a0Pensez juste \u00e0 v\u00e9rifier la concordance des dimensions de votre pan de mur et de celles de cette r\u00e9f\u00e9rence que voici:_x000D_n<\/p>\n<ul>_x000D_n \t<\/p>\n<li>Support en bois: 40 cm X 7 cm<\/li>\n<p>_x000D_n \t<\/p>\n<li>Tiges en inox: 4 cm<\/li>\n<p>_x000D_n \t<\/p>\n<li>Ecartement du mur: 6 cm<\/li>\n<p>_x000D_n<\/ul>\n<p>_x000D_nN\u2019h\u00e9sitez pas \u00e0 contacter 1001 Pat\u00e8res pour une commande en importante quantit\u00e9, une offre tarifaire pourra \u00eatre r\u00e9alis\u00e9e. De la m\u00eame fa\u00e7on, si vous avez des questions compl\u00e9mentaires, l\u2019espace Contact de ce site vous attend.<\/p>\n","protected":false},"excerpt":{"rendered":"<p>Ce <strong>porte manteau en bois naturel et 4 tiges chrom\u00e9es inclin\u00e9es<\/strong> est\u00a0de la marque <em><strong>NESU<\/strong><\/em>. Le m\u00e9lange bois et m\u00e9tal chrom\u00e9 offre \u00e0 tout int\u00e9rieur de bureau ou de maison un style moderne et chaleureux. Simple, il permet une solution de rangement suppl\u00e9mentaire, efficace et robuste.\u00a0Son\u00a0syst\u00e8me d\u2019accrochage est simple, Les fixations au dos sont non visibles une fois pos\u00e9e sur le mur. Il est\u00a0original et de belle qualit\u00e9, en acier vieilli et en bois blanc vieilli.<\/p>\n","protected":false},"featured_media":2305,"comment_status":"closed","ping_status":"open","template":"","meta":[],"product_cat":[29,20,32,17],"product_tag":[25],"class_list":["post-640","product","type-product","status-publish","has-post-thumbnail","hentry","product_cat-chambre-adulte","product_cat-cuisine","product_cat-entree-sejour","product_cat-salle-de-bain","product_tag-crochet-patere-patere-design-patere-murale-patere-porte-pateres-porte-manteau-porte-serviette-porte-torchon-vestiaire","description-off"],"_links":{"self":[{"href":"https:\/\/roulettes.vaniseo.top\/index.php\/wp-json\/wp\/v2\/product\/640","targetHints":{"allow":["GET"]}}],"collection":[{"href":"https:\/\/roulettes.vaniseo.top\/index.php\/wp-json\/wp\/v2\/product"}],"about":[{"href":"https:\/\/roulettes.vaniseo.top\/index.php\/wp-json\/wp\/v2\/types\/product"}],"replies":[{"embeddable":true,"href":"https:\/\/roulettes.vaniseo.top\/index.php\/wp-json\/wp\/v2\/comments?post=640"}],"version-history":[{"count":0,"href":"https:\/\/roulettes.vaniseo.top\/index.php\/wp-json\/wp\/v2\/product\/640\/revisions"}],"wp:featuredmedia":[{"embeddable":true,"href":"https:\/\/roulettes.vaniseo.top\/index.php\/wp-json\/wp\/v2\/media\/2305"}],"wp:attachment":[{"href":"https:\/\/roulettes.vaniseo.top\/index.php\/wp-json\/wp\/v2\/media?parent=640"}],"wp:term":[{"taxonomy":"product_cat","embeddable":true,"href":"https:\/\/roulettes.vaniseo.top\/index.php\/wp-json\/wp\/v2\/product_cat?post=640"},{"taxonomy":"product_tag","embeddable":true,"href":"https:\/\/roulettes.vaniseo.top\/index.php\/wp-json\/wp\/v2\/product_tag?post=640"}],"curies":[{"name":"wp","href":"https:\/\/api.w.org\/{rel}","templated":true}]}}